{"id":396,"date":"2025-08-26T00:00:30","date_gmt":"2025-08-25T22:00:30","guid":{"rendered":"https:\/\/wordpress.iqonic.design\/product\/wp\/streamit\/?page_id=396"},"modified":"2026-03-09T17:46:59","modified_gmt":"2026-03-09T16:46:59","slug":"precios-membresia","status":"publish","type":"page","link":"https:\/\/expoflamenco.com\/tv\/cuenta-membresia\/precios-membresia\/","title":{"rendered":"Membership Prices"},"content":{"rendered":"\t\t<div data-elementor-type=\"wp-page\" data-elementor-id=\"396\" class=\"elementor elementor-396\" data-elementor-post-type=\"page\">\n\t\t\t\t<div class=\"elementor-element elementor-element-7112167 e-flex e-con-boxed e-con e-parent\" data-id=\"7112167\" data-element_type=\"container\" data-e-type=\"container\">\n\t\t\t\t\t<div class=\"e-con-inner\">\n\t\t<div class=\"elementor-element elementor-element-03a0189 e-grid e-con-boxed e-con e-child\" data-id=\"03a0189\" data-element_type=\"container\" data-e-type=\"container\">\n\t\t\t\t\t<div class=\"e-con-inner\">\n\t\t<div class=\"elementor-element elementor-element-73d7131 e-flex e-con-boxed e-con e-child\" data-id=\"73d7131\" data-element_type=\"container\" data-e-type=\"container\">\n\t\t\t\t\t<div class=\"e-con-inner\">\n\t\t\t\t<div class=\"elementor-element elementor-element-43912e2 elementor-widget elementor-widget-st_pmp_pricing\" data-id=\"43912e2\" data-element_type=\"widget\" data-e-type=\"widget\" data-widget_type=\"st_pmp_pricing.default\">\n\t\t\t\t<div class=\"elementor-widget-container\">\n\t\t\t\t\t\n<div class=\"pricing-plans-wrapper\">\n\n            <div class=\"pricing-plan-discount\">\n            <span>GRATIS<\/span>\n        <\/div>\n    \n    <div class=\"pricing-plan-header\">\n        \n        <div class=\"plan-wrapper\">\n            <h4 class=\"plan-name\">FAN<\/h4>\n                    <\/div>\n\n        <div class=\"pricing-plan-details\">\n            \n            <span class=\"plan-main-price\">&euro;0<\/span>\n            <span class=\"plan-period-time\">\/ De por vida<\/span>\n        <\/div>\n    <\/div>\n\n    <div class=\"details-pricing-inner\">\n\n        \n        \n        \n                        <div class=\"pricing-plan-description\">\n                    <ul>\n                                                    <li class=\"available\">\n                                <span class=\"d-flex align-items-baseline gap-3\">\n                                    <span class=\"icon\">\n                                        <svg aria-hidden=\"true\" class=\"e-font-icon-svg e-fas-check\" viewBox=\"0 0 512 512\" xmlns=\"http:\/\/www.w3.org\/2000\/svg\"><path d=\"M173.898 439.404l-166.4-166.4c-9.997-9.997-9.997-26.206 0-36.204l36.203-36.204c9.997-9.998 26.207-9.998 36.204 0L192 312.69 432.095 72.596c9.997-9.997 26.207-9.997 36.204 0l36.203 36.204c9.997 9.997 9.997 26.206 0 36.204l-294.4 294.401c-9.998 9.997-26.207 9.997-36.204-.001z\"><\/path><\/svg>                                    <\/span>\n                                    <span class=\"plan-dec\">Publicidad incluida<\/span>\n                                <\/span>\n                            <\/li>\n                                                    <li class=\"not-available\">\n                                <span class=\"d-flex align-items-baseline gap-3\">\n                                    <span class=\"icon\">\n                                        <svg aria-hidden=\"true\" class=\"e-font-icon-svg e-fas-times\" viewBox=\"0 0 352 512\" xmlns=\"http:\/\/www.w3.org\/2000\/svg\"><path d=\"M242.72 256l100.07-100.07c12.28-12.28 12.28-32.19 0-44.48l-22.24-22.24c-12.28-12.28-32.19-12.28-44.48 0L176 189.28 75.93 89.21c-12.28-12.28-32.19-12.28-44.48 0L9.21 111.45c-12.28 12.28-12.28 32.19 0 44.48L109.28 256 9.21 356.07c-12.28 12.28-12.28 32.19 0 44.48l22.24 22.24c12.28 12.28 32.2 12.28 44.48 0L176 322.72l100.07 100.07c12.28 12.28 32.2 12.28 44.48 0l22.24-22.24c12.28-12.28 12.28-32.19 0-44.48L242.72 256z\"><\/path><\/svg>                                    <\/span>\n                                    <span class=\"plan-dec\">Ver en todos tus dispositivos<\/span>\n                                <\/span>\n                            <\/li>\n                                                    <li class=\"not-available\">\n                                <span class=\"d-flex align-items-baseline gap-3\">\n                                    <span class=\"icon\">\n                                        <svg aria-hidden=\"true\" class=\"e-font-icon-svg e-fas-times\" viewBox=\"0 0 352 512\" xmlns=\"http:\/\/www.w3.org\/2000\/svg\"><path d=\"M242.72 256l100.07-100.07c12.28-12.28 12.28-32.19 0-44.48l-22.24-22.24c-12.28-12.28-32.19-12.28-44.48 0L176 189.28 75.93 89.21c-12.28-12.28-32.19-12.28-44.48 0L9.21 111.45c-12.28 12.28-12.28 32.19 0 44.48L109.28 256 9.21 356.07c-12.28 12.28-12.28 32.19 0 44.48l22.24 22.24c12.28 12.28 32.2 12.28 44.48 0L176 322.72l100.07 100.07c12.28 12.28 32.2 12.28 44.48 0l22.24-22.24c12.28-12.28 12.28-32.19 0-44.48L242.72 256z\"><\/path><\/svg>                                    <\/span>\n                                    <span class=\"plan-dec\">ExpoFlamenco especial<\/span>\n                                <\/span>\n                            <\/li>\n                                                    <li class=\"not-available\">\n                                <span class=\"d-flex align-items-baseline gap-3\">\n                                    <span class=\"icon\">\n                                        <svg aria-hidden=\"true\" class=\"e-font-icon-svg e-fas-times\" viewBox=\"0 0 352 512\" xmlns=\"http:\/\/www.w3.org\/2000\/svg\"><path d=\"M242.72 256l100.07-100.07c12.28-12.28 12.28-32.19 0-44.48l-22.24-22.24c-12.28-12.28-32.19-12.28-44.48 0L176 189.28 75.93 89.21c-12.28-12.28-32.19-12.28-44.48 0L9.21 111.45c-12.28 12.28-12.28 32.19 0 44.48L109.28 256 9.21 356.07c-12.28 12.28-12.28 32.19 0 44.48l22.24 22.24c12.28 12.28 32.2 12.28 44.48 0L176 322.72l100.07 100.07c12.28 12.28 32.2 12.28 44.48 0l22.24-22.24c12.28-12.28 12.28-32.19 0-44.48L242.72 256z\"><\/path><\/svg>                                    <\/span>\n                                    <span class=\"plan-dec\">M\u00e1xima calidad de v\u00eddeo<\/span>\n                                <\/span>\n                            <\/li>\n                                            <\/ul>\n                <\/div>\n            \n        <div class=\"pricing-plan-footer\">\n            <a href=\"https:\/\/expoflamenco.com\/tv\/cuenta-membresia\/pago-membresia\/?level=1\" class=\"btn btn-primary w-100\">\n                Pedido            <\/a>\n        <\/div>\n\n    <\/div>\n<\/div>\t\t\t\t<\/div>\n\t\t\t\t<\/div>\n\t\t\t\t\t<\/div>\n\t\t\t\t<\/div>\n\t\t<div class=\"elementor-element elementor-element-3d94121 e-flex e-con-boxed e-con e-child\" data-id=\"3d94121\" data-element_type=\"container\" data-e-type=\"container\">\n\t\t\t\t\t<div class=\"e-con-inner\">\n\t\t\t\t<div class=\"elementor-element elementor-element-654a55a elementor-widget elementor-widget-st_pmp_pricing\" data-id=\"654a55a\" data-element_type=\"widget\" data-e-type=\"widget\" data-widget_type=\"st_pmp_pricing.default\">\n\t\t\t\t<div class=\"elementor-widget-container\">\n\t\t\t\t\t\n<div class=\"pricing-plans-wrapper\">\n\n            <div class=\"pricing-plan-discount\">\n            <span>Ahorra 50%<\/span>\n        <\/div>\n    \n    <div class=\"pricing-plan-header\">\n        \n        <div class=\"plan-wrapper\">\n            <h4 class=\"plan-name\">VIP<\/h4>\n                    <\/div>\n\n        <div class=\"pricing-plan-details\">\n                            <span class=\"sale-price\">\n                    <span>&euro;10<\/span>\n                <\/span>\n            \n            <span class=\"plan-main-price\">&euro;4.95<\/span>\n            <span class=\"plan-period-time\">\/ 1 Month<\/span>\n        <\/div>\n    <\/div>\n\n    <div class=\"details-pricing-inner\">\n\n        \n        \n        \n                        <div class=\"pricing-plan-description\">\n                    <ul>\n                                                    <li class=\"available\">\n                                <span class=\"d-flex align-items-baseline gap-3\">\n                                    <span class=\"icon\">\n                                        <svg aria-hidden=\"true\" class=\"e-font-icon-svg e-fas-check\" viewBox=\"0 0 512 512\" xmlns=\"http:\/\/www.w3.org\/2000\/svg\"><path d=\"M173.898 439.404l-166.4-166.4c-9.997-9.997-9.997-26.206 0-36.204l36.203-36.204c9.997-9.998 26.207-9.998 36.204 0L192 312.69 432.095 72.596c9.997-9.997 26.207-9.997 36.204 0l36.203 36.204c9.997 9.997 9.997 26.206 0 36.204l-294.4 294.401c-9.998 9.997-26.207 9.997-36.204-.001z\"><\/path><\/svg>                                    <\/span>\n                                    <span class=\"plan-dec\">Espect\u00e1culos exclusivos<\/span>\n                                <\/span>\n                            <\/li>\n                                                    <li class=\"available\">\n                                <span class=\"d-flex align-items-baseline gap-3\">\n                                    <span class=\"icon\">\n                                        <svg aria-hidden=\"true\" class=\"e-font-icon-svg e-fas-check\" viewBox=\"0 0 512 512\" xmlns=\"http:\/\/www.w3.org\/2000\/svg\"><path d=\"M173.898 439.404l-166.4-166.4c-9.997-9.997-9.997-26.206 0-36.204l36.203-36.204c9.997-9.998 26.207-9.998 36.204 0L192 312.69 432.095 72.596c9.997-9.997 26.207-9.997 36.204 0l36.203 36.204c9.997 9.997 9.997 26.206 0 36.204l-294.4 294.401c-9.998 9.997-26.207 9.997-36.204-.001z\"><\/path><\/svg>                                    <\/span>\n                                    <span class=\"plan-dec\">Ver en todos tus dispositivos<\/span>\n                                <\/span>\n                            <\/li>\n                                                    <li class=\"available\">\n                                <span class=\"d-flex align-items-baseline gap-3\">\n                                    <span class=\"icon\">\n                                        <svg aria-hidden=\"true\" class=\"e-font-icon-svg e-fas-check\" viewBox=\"0 0 512 512\" xmlns=\"http:\/\/www.w3.org\/2000\/svg\"><path d=\"M173.898 439.404l-166.4-166.4c-9.997-9.997-9.997-26.206 0-36.204l36.203-36.204c9.997-9.998 26.207-9.998 36.204 0L192 312.69 432.095 72.596c9.997-9.997 26.207-9.997 36.204 0l36.203 36.204c9.997 9.997 9.997 26.206 0 36.204l-294.4 294.401c-9.998 9.997-26.207 9.997-36.204-.001z\"><\/path><\/svg>                                    <\/span>\n                                    <span class=\"plan-dec\">ExpoFlamenco especial<\/span>\n                                <\/span>\n                            <\/li>\n                                                    <li class=\"not-available\">\n                                <span class=\"d-flex align-items-baseline gap-3\">\n                                    <span class=\"icon\">\n                                        <svg aria-hidden=\"true\" class=\"e-font-icon-svg e-fas-check\" viewBox=\"0 0 512 512\" xmlns=\"http:\/\/www.w3.org\/2000\/svg\"><path d=\"M173.898 439.404l-166.4-166.4c-9.997-9.997-9.997-26.206 0-36.204l36.203-36.204c9.997-9.998 26.207-9.998 36.204 0L192 312.69 432.095 72.596c9.997-9.997 26.207-9.997 36.204 0l36.203 36.204c9.997 9.997 9.997 26.206 0 36.204l-294.4 294.401c-9.998 9.997-26.207 9.997-36.204-.001z\"><\/path><\/svg>                                    <\/span>\n                                    <span class=\"plan-dec\">M\u00e1xima calidad de v\u00eddeo<\/span>\n                                <\/span>\n                            <\/li>\n                                            <\/ul>\n                <\/div>\n            \n        <div class=\"pricing-plan-footer\">\n            <a href=\"https:\/\/expoflamenco.com\/tv\/cuenta-membresia\/pago-membresia\/?level=2\" class=\"btn btn-primary w-100\">\n                Pedido            <\/a>\n        <\/div>\n\n    <\/div>\n<\/div>\t\t\t\t<\/div>\n\t\t\t\t<\/div>\n\t\t\t\t\t<\/div>\n\t\t\t\t<\/div>\n\t\t\t\t\t<\/div>\n\t\t\t\t<\/div>\n\t\t\t\t\t<\/div>\n\t\t\t\t<\/div>\n\t\t\t\t<\/div>\n\t\t","protected":false},"excerpt":{"rendered":"<p>GRATIS FAN &euro;0 \/ De por vida Publicidad incluida Ver en todos tus dispositivos ExpoFlamenco especial M\u00e1xima calidad de v\u00eddeo Pedido Ahorra 50% VIP &euro;10 &euro;4.95 \/ 1 Month Espect\u00e1culos exclusivos Ver en todos tus dispositivos ExpoFlamenco especial M\u00e1xima calidad de v\u00eddeo Pedido<\/p>\n","protected":false},"author":1,"featured_media":0,"parent":2360,"menu_order":0,"comment_status":"closed","ping_status":"closed","template":"","meta":{"pmpro_default_level":"","footnotes":""},"class_list":["post-396","page","type-page","status-publish","hentry","pmpro-has-access"],"_links":{"self":[{"href":"https:\/\/expoflamenco.com\/tv\/wp-json\/wp\/v2\/pages\/396","targetHints":{"allow":["GET"]}}],"collection":[{"href":"https:\/\/expoflamenco.com\/tv\/wp-json\/wp\/v2\/pages"}],"about":[{"href":"https:\/\/expoflamenco.com\/tv\/wp-json\/wp\/v2\/types\/page"}],"author":[{"embeddable":true,"href":"https:\/\/expoflamenco.com\/tv\/wp-json\/wp\/v2\/users\/1"}],"replies":[{"embeddable":true,"href":"https:\/\/expoflamenco.com\/tv\/wp-json\/wp\/v2\/comments?post=396"}],"version-history":[{"count":35,"href":"https:\/\/expoflamenco.com\/tv\/wp-json\/wp\/v2\/pages\/396\/revisions"}],"predecessor-version":[{"id":5247,"href":"https:\/\/expoflamenco.com\/tv\/wp-json\/wp\/v2\/pages\/396\/revisions\/5247"}],"up":[{"embeddable":true,"href":"https:\/\/expoflamenco.com\/tv\/wp-json\/wp\/v2\/pages\/2360"}],"wp:attachment":[{"href":"https:\/\/expoflamenco.com\/tv\/wp-json\/wp\/v2\/media?parent=396"}],"curies":[{"name":"wp","href":"https:\/\/api.w.org\/{rel}","templated":true}]}}