{"id":391,"date":"2025-03-15T07:51:09","date_gmt":"2025-03-15T06:51:09","guid":{"rendered":"https:\/\/wordpress.iqonic.design\/product\/wp\/streamit\/?page_id=391"},"modified":"2025-03-21T16:48:08","modified_gmt":"2025-03-21T15:48:08","slug":"faq","status":"publish","type":"page","link":"https:\/\/expoflamenco.com\/tv\/faq\/","title":{"rendered":"FAQ"},"content":{"rendered":"\t\t<div data-elementor-type=\"wp-page\" data-elementor-id=\"391\" class=\"elementor elementor-391\" data-elementor-post-type=\"page\">\n\t\t\t\t<div class=\"elementor-element elementor-element-4582ef3 e-con-full e-flex e-con e-parent\" data-id=\"4582ef3\" data-element_type=\"container\" data-e-type=\"container\">\n\t\t<div class=\"elementor-element elementor-element-78dbd3c e-flex e-con-boxed e-con e-child\" data-id=\"78dbd3c\" data-element_type=\"container\" data-e-type=\"container\">\n\t\t\t\t\t<div class=\"e-con-inner\">\n\t\t\t\t<div class=\"elementor-element elementor-element-ba95b23 elementor-widget elementor-widget-st_accordion\" data-id=\"ba95b23\" data-element_type=\"widget\" data-e-type=\"widget\" data-widget_type=\"st_accordion.default\">\n\t\t\t\t<div class=\"elementor-widget-container\">\n\t\t\t\t\t<div class=\"accordion css-prefix-accordion\" id=\"accordionExample-20\">\n            <div class=\"accordion-item\">\n            <div class=\"accordion-header\">\n                <button \n                    class=\"accordion-button \" \n                    type=\"button\" \n                    data-bs-toggle=\"collapse\" \n                    data-bs-target=\"#accordion-item-1-20\" \n                    aria-expanded=\"true\" \n                    aria-controls=\"accordion-item-1-20\"\n                    >\n                    <span class=\"accordion-title st-heading-title\">\n                        Que es ExpoFlamenco TV                    <\/span>\n                                            <span class=\"st-icon-right\">\n                            <span class=\"active_icon\">\n                                <svg xmlns=\"http:\/\/www.w3.org\/2000\/svg\" viewBox=\"0 0 448 512\"><path d=\"M432 256c0 17.7-14.3 32-32 32L48 288c-17.7 0-32-14.3-32-32s14.3-32 32-32l352 0c17.7 0 32 14.3 32 32z\"><\/path><\/svg>                            <\/span>\n                            <span class=\"inactive_icon\">\n                                <svg xmlns=\"http:\/\/www.w3.org\/2000\/svg\" viewBox=\"0 0 448 512\"><path d=\"M256 80c0-17.7-14.3-32-32-32s-32 14.3-32 32l0 144L48 224c-17.7 0-32 14.3-32 32s14.3 32 32 32l144 0 0 144c0 17.7 14.3 32 32 32s32-14.3 32-32l0-144 144 0c17.7 0 32-14.3 32-32s-14.3-32-32-32l-144 0 0-144z\"><\/path><\/svg>                            <\/span>\n                        <\/span>\n                                    <\/button>\n            <\/div>\n            <div \n                id=\"accordion-item-1-20\" \n                class=\"accordion-collapse fade collapse show\" \n                data-bs-parent=\"#accordionExample-20\">\n                <div class=\"accordion-body\">\n                    <p class=\"st-content-text\">\n                        ExpoFlamenco TV es una plataforma OTT premium que te permite ver en streaming espectaculos, programas de televisi\u00f3n, documentales y mucho m\u00e1s relacionados con el flamenco. ExpoFlamenco TV te ofrece una amplia biblioteca de contenidos puramente flamencos de alta calidad.                    <\/p>\n                <\/div>\n            <\/div>\n        <\/div>\n                <div class=\"accordion-item\">\n            <div class=\"accordion-header\">\n                <button \n                    class=\"accordion-button collapsed\" \n                    type=\"button\" \n                    data-bs-toggle=\"collapse\" \n                    data-bs-target=\"#accordion-item-2-20\" \n                    aria-expanded=\"false\" \n                    aria-controls=\"accordion-item-2-20\"\n                    >\n                    <span class=\"accordion-title st-heading-title\">\n                        \u00bfEst\u00e1 ExpoFlamenco disponible en todo el mundo?                    <\/span>\n                                            <span class=\"st-icon-right\">\n                            <span class=\"active_icon\">\n                                <svg xmlns=\"http:\/\/www.w3.org\/2000\/svg\" viewBox=\"0 0 448 512\"><path d=\"M432 256c0 17.7-14.3 32-32 32L48 288c-17.7 0-32-14.3-32-32s14.3-32 32-32l352 0c17.7 0 32 14.3 32 32z\"><\/path><\/svg>                            <\/span>\n                            <span class=\"inactive_icon\">\n                                <svg xmlns=\"http:\/\/www.w3.org\/2000\/svg\" viewBox=\"0 0 448 512\"><path d=\"M256 80c0-17.7-14.3-32-32-32s-32 14.3-32 32l0 144L48 224c-17.7 0-32 14.3-32 32s14.3 32 32 32l144 0 0 144c0 17.7 14.3 32 32 32s32-14.3 32-32l0-144 144 0c17.7 0 32-14.3 32-32s-14.3-32-32-32l-144 0 0-144z\"><\/path><\/svg>                            <\/span>\n                        <\/span>\n                                    <\/button>\n            <\/div>\n            <div \n                id=\"accordion-item-2-20\" \n                class=\"accordion-collapse fade collapse \" \n                data-bs-parent=\"#accordionExample-20\">\n                <div class=\"accordion-body\">\n                    <p class=\"st-content-text\">\n                        S\u00ed, ExpoFlamenco TV est\u00e1 disponible en todo el mundo. Sin embargo, algunos contenidos pueden estar restringidos debido a acuerdos regionales de licencia.                    <\/p>\n                <\/div>\n            <\/div>\n        <\/div>\n                <div class=\"accordion-item\">\n            <div class=\"accordion-header\">\n                <button \n                    class=\"accordion-button collapsed\" \n                    type=\"button\" \n                    data-bs-toggle=\"collapse\" \n                    data-bs-target=\"#accordion-item-3-20\" \n                    aria-expanded=\"false\" \n                    aria-controls=\"accordion-item-3-20\"\n                    >\n                    <span class=\"accordion-title st-heading-title\">\n                        \u00bfC\u00f3mo puedo inscribirme en ExpoFlamenco?                    <\/span>\n                                            <span class=\"st-icon-right\">\n                            <span class=\"active_icon\">\n                                <svg xmlns=\"http:\/\/www.w3.org\/2000\/svg\" viewBox=\"0 0 448 512\"><path d=\"M432 256c0 17.7-14.3 32-32 32L48 288c-17.7 0-32-14.3-32-32s14.3-32 32-32l352 0c17.7 0 32 14.3 32 32z\"><\/path><\/svg>                            <\/span>\n                            <span class=\"inactive_icon\">\n                                <svg xmlns=\"http:\/\/www.w3.org\/2000\/svg\" viewBox=\"0 0 448 512\"><path d=\"M256 80c0-17.7-14.3-32-32-32s-32 14.3-32 32l0 144L48 224c-17.7 0-32 14.3-32 32s14.3 32 32 32l144 0 0 144c0 17.7 14.3 32 32 32s32-14.3 32-32l0-144 144 0c17.7 0 32-14.3 32-32s-14.3-32-32-32l-144 0 0-144z\"><\/path><\/svg>                            <\/span>\n                        <\/span>\n                                    <\/button>\n            <\/div>\n            <div \n                id=\"accordion-item-3-20\" \n                class=\"accordion-collapse fade collapse \" \n                data-bs-parent=\"#accordionExample-20\">\n                <div class=\"accordion-body\">\n                    <p class=\"st-content-text\">\n                        Registrarse es muy f\u00e1cil. S\u00f3lo tiene que hacer clic en el bot\u00f3n Registrarse de nuestra p\u00e1gina de inicio, facilitar sus datos y elegir el plan de suscripci\u00f3n que m\u00e1s le convenga.                    <\/p>\n                <\/div>\n            <\/div>\n        <\/div>\n                <div class=\"accordion-item\">\n            <div class=\"accordion-header\">\n                <button \n                    class=\"accordion-button collapsed\" \n                    type=\"button\" \n                    data-bs-toggle=\"collapse\" \n                    data-bs-target=\"#accordion-item-4-20\" \n                    aria-expanded=\"false\" \n                    aria-controls=\"accordion-item-4-20\"\n                    >\n                    <span class=\"accordion-title st-heading-title\">\n                        \u00bfExiste una versi\u00f3n de prueba gratuita?                    <\/span>\n                                            <span class=\"st-icon-right\">\n                            <span class=\"active_icon\">\n                                <svg xmlns=\"http:\/\/www.w3.org\/2000\/svg\" viewBox=\"0 0 448 512\"><path d=\"M432 256c0 17.7-14.3 32-32 32L48 288c-17.7 0-32-14.3-32-32s14.3-32 32-32l352 0c17.7 0 32 14.3 32 32z\"><\/path><\/svg>                            <\/span>\n                            <span class=\"inactive_icon\">\n                                <svg xmlns=\"http:\/\/www.w3.org\/2000\/svg\" viewBox=\"0 0 448 512\"><path d=\"M256 80c0-17.7-14.3-32-32-32s-32 14.3-32 32l0 144L48 224c-17.7 0-32 14.3-32 32s14.3 32 32 32l144 0 0 144c0 17.7 14.3 32 32 32s32-14.3 32-32l0-144 144 0c17.7 0 32-14.3 32-32s-14.3-32-32-32l-144 0 0-144z\"><\/path><\/svg>                            <\/span>\n                        <\/span>\n                                    <\/button>\n            <\/div>\n            <div \n                id=\"accordion-item-4-20\" \n                class=\"accordion-collapse fade collapse \" \n                data-bs-parent=\"#accordionExample-20\">\n                <div class=\"accordion-body\">\n                    <p class=\"st-content-text\">\n                        S\u00ed, ExpoFlamenco TV ofrece un periodo de prueba gratuito para nuevos usuarios. Esto le permite explorar nuestro contenido antes de comprometerse a una suscripci\u00f3n.                    <\/p>\n                <\/div>\n            <\/div>\n        <\/div>\n                <div class=\"accordion-item\">\n            <div class=\"accordion-header\">\n                <button \n                    class=\"accordion-button collapsed\" \n                    type=\"button\" \n                    data-bs-toggle=\"collapse\" \n                    data-bs-target=\"#accordion-item-5-20\" \n                    aria-expanded=\"false\" \n                    aria-controls=\"accordion-item-5-20\"\n                    >\n                    <span class=\"accordion-title st-heading-title\">\n                        \u00bfQu\u00e9 dispositivos son compatibles con ExpoFlamenco TV?                    <\/span>\n                                            <span class=\"st-icon-right\">\n                            <span class=\"active_icon\">\n                                <svg xmlns=\"http:\/\/www.w3.org\/2000\/svg\" viewBox=\"0 0 448 512\"><path d=\"M432 256c0 17.7-14.3 32-32 32L48 288c-17.7 0-32-14.3-32-32s14.3-32 32-32l352 0c17.7 0 32 14.3 32 32z\"><\/path><\/svg>                            <\/span>\n                            <span class=\"inactive_icon\">\n                                <svg xmlns=\"http:\/\/www.w3.org\/2000\/svg\" viewBox=\"0 0 448 512\"><path d=\"M256 80c0-17.7-14.3-32-32-32s-32 14.3-32 32l0 144L48 224c-17.7 0-32 14.3-32 32s14.3 32 32 32l144 0 0 144c0 17.7 14.3 32 32 32s32-14.3 32-32l0-144 144 0c17.7 0 32-14.3 32-32s-14.3-32-32-32l-144 0 0-144z\"><\/path><\/svg>                            <\/span>\n                        <\/span>\n                                    <\/button>\n            <\/div>\n            <div \n                id=\"accordion-item-5-20\" \n                class=\"accordion-collapse fade collapse \" \n                data-bs-parent=\"#accordionExample-20\">\n                <div class=\"accordion-body\">\n                    <p class=\"st-content-text\">\n                        ExpoFlamenco TV funciona en una amplia gama de dispositivos, incluyendo:\n\nComprueba tu conexi\u00f3n a Internet.\nReinicia tu dispositivo.\nAseg\u00farate de que la aplicaci\u00f3n Streamit est\u00e1 actualizada a la \u00faltima versi\u00f3n.\nSi el problema persiste, ponte en contacto con nuestro equipo de asistencia.                    <\/p>\n                <\/div>\n            <\/div>\n        <\/div>\n                <div class=\"accordion-item\">\n            <div class=\"accordion-header\">\n                <button \n                    class=\"accordion-button collapsed\" \n                    type=\"button\" \n                    data-bs-toggle=\"collapse\" \n                    data-bs-target=\"#accordion-item-6-20\" \n                    aria-expanded=\"false\" \n                    aria-controls=\"accordion-item-6-20\"\n                    >\n                    <span class=\"accordion-title st-heading-title\">\n                        \u00bfPuedo descargar contenidos para verlos sin conexi\u00f3n?                    <\/span>\n                                            <span class=\"st-icon-right\">\n                            <span class=\"active_icon\">\n                                <svg xmlns=\"http:\/\/www.w3.org\/2000\/svg\" viewBox=\"0 0 448 512\"><path d=\"M432 256c0 17.7-14.3 32-32 32L48 288c-17.7 0-32-14.3-32-32s14.3-32 32-32l352 0c17.7 0 32 14.3 32 32z\"><\/path><\/svg>                            <\/span>\n                            <span class=\"inactive_icon\">\n                                <svg xmlns=\"http:\/\/www.w3.org\/2000\/svg\" viewBox=\"0 0 448 512\"><path d=\"M256 80c0-17.7-14.3-32-32-32s-32 14.3-32 32l0 144L48 224c-17.7 0-32 14.3-32 32s14.3 32 32 32l144 0 0 144c0 17.7 14.3 32 32 32s32-14.3 32-32l0-144 144 0c17.7 0 32-14.3 32-32s-14.3-32-32-32l-144 0 0-144z\"><\/path><\/svg>                            <\/span>\n                        <\/span>\n                                    <\/button>\n            <\/div>\n            <div \n                id=\"accordion-item-6-20\" \n                class=\"accordion-collapse fade collapse \" \n                data-bs-parent=\"#accordionExample-20\">\n                <div class=\"accordion-body\">\n                    <p class=\"st-content-text\">\n                        No, actualemnte ExpoFlamenco TV no permite descargar contenidos seleccionados en tus dispositivos m\u00f3viles para verlos sin conexi\u00f3n.                    <\/p>\n                <\/div>\n            <\/div>\n        <\/div>\n                <div class=\"accordion-item\">\n            <div class=\"accordion-header\">\n                <button \n                    class=\"accordion-button collapsed\" \n                    type=\"button\" \n                    data-bs-toggle=\"collapse\" \n                    data-bs-target=\"#accordion-item-7-20\" \n                    aria-expanded=\"false\" \n                    aria-controls=\"accordion-item-7-20\"\n                    >\n                    <span class=\"accordion-title st-heading-title\">\n                        \u00bfOfrece ExpoFlamenco TV control parental?                    <\/span>\n                                            <span class=\"st-icon-right\">\n                            <span class=\"active_icon\">\n                                <svg xmlns=\"http:\/\/www.w3.org\/2000\/svg\" viewBox=\"0 0 448 512\"><path d=\"M432 256c0 17.7-14.3 32-32 32L48 288c-17.7 0-32-14.3-32-32s14.3-32 32-32l352 0c17.7 0 32 14.3 32 32z\"><\/path><\/svg>                            <\/span>\n                            <span class=\"inactive_icon\">\n                                <svg xmlns=\"http:\/\/www.w3.org\/2000\/svg\" viewBox=\"0 0 448 512\"><path d=\"M256 80c0-17.7-14.3-32-32-32s-32 14.3-32 32l0 144L48 224c-17.7 0-32 14.3-32 32s14.3 32 32 32l144 0 0 144c0 17.7 14.3 32 32 32s32-14.3 32-32l0-144 144 0c17.7 0 32-14.3 32-32s-14.3-32-32-32l-144 0 0-144z\"><\/path><\/svg>                            <\/span>\n                        <\/span>\n                                    <\/button>\n            <\/div>\n            <div \n                id=\"accordion-item-7-20\" \n                class=\"accordion-collapse fade collapse \" \n                data-bs-parent=\"#accordionExample-20\">\n                <div class=\"accordion-body\">\n                    <p class=\"st-content-text\">\n                        Por supuesto, adem\u00e1s de que nuestro contenido es apto para todos los publicos, ExpoFlamenco TV incluye funciones de control parental te ayudan a crear una experiencia de visualizaci\u00f3n segura.                    <\/p>\n                <\/div>\n            <\/div>\n        <\/div>\n                <div class=\"accordion-item\">\n            <div class=\"accordion-header\">\n                <button \n                    class=\"accordion-button collapsed\" \n                    type=\"button\" \n                    data-bs-toggle=\"collapse\" \n                    data-bs-target=\"#accordion-item-8-20\" \n                    aria-expanded=\"false\" \n                    aria-controls=\"accordion-item-8-20\"\n                    >\n                    <span class=\"accordion-title st-heading-title\">\n                        \u00bfC\u00f3mo puedo ponerme en contacto con el servicio de atenci\u00f3n al cliente?                    <\/span>\n                                            <span class=\"st-icon-right\">\n                            <span class=\"active_icon\">\n                                <svg xmlns=\"http:\/\/www.w3.org\/2000\/svg\" viewBox=\"0 0 448 512\"><path d=\"M432 256c0 17.7-14.3 32-32 32L48 288c-17.7 0-32-14.3-32-32s14.3-32 32-32l352 0c17.7 0 32 14.3 32 32z\"><\/path><\/svg>                            <\/span>\n                            <span class=\"inactive_icon\">\n                                <svg xmlns=\"http:\/\/www.w3.org\/2000\/svg\" viewBox=\"0 0 448 512\"><path d=\"M256 80c0-17.7-14.3-32-32-32s-32 14.3-32 32l0 144L48 224c-17.7 0-32 14.3-32 32s14.3 32 32 32l144 0 0 144c0 17.7 14.3 32 32 32s32-14.3 32-32l0-144 144 0c17.7 0 32-14.3 32-32s-14.3-32-32-32l-144 0 0-144z\"><\/path><\/svg>                            <\/span>\n                        <\/span>\n                                    <\/button>\n            <\/div>\n            <div \n                id=\"accordion-item-8-20\" \n                class=\"accordion-collapse fade collapse \" \n                data-bs-parent=\"#accordionExample-20\">\n                <div class=\"accordion-body\">\n                    <p class=\"st-content-text\">\n                        Puede ponerse en contacto con nuestro equipo de atenci\u00f3n al cliente a trav\u00e9s de la p\u00e1gina Contacto o enviarnos un correo electr\u00f3nico a &lt;a href=\u00absupport@expoflamenco.com\u00bb&gt;support@expoflamenco.com&lt;\/a&gt;.                    <\/p>\n                <\/div>\n            <\/div>\n        <\/div>\n                <div class=\"accordion-item\">\n            <div class=\"accordion-header\">\n                <button \n                    class=\"accordion-button collapsed\" \n                    type=\"button\" \n                    data-bs-toggle=\"collapse\" \n                    data-bs-target=\"#accordion-item-9-20\" \n                    aria-expanded=\"false\" \n                    aria-controls=\"accordion-item-9-20\"\n                    >\n                    <span class=\"accordion-title st-heading-title\">\n                        \u00bfExiste una aplicaci\u00f3n m\u00f3vil para ExpoFlamenco TV?                    <\/span>\n                                            <span class=\"st-icon-right\">\n                            <span class=\"active_icon\">\n                                <svg xmlns=\"http:\/\/www.w3.org\/2000\/svg\" viewBox=\"0 0 448 512\"><path d=\"M432 256c0 17.7-14.3 32-32 32L48 288c-17.7 0-32-14.3-32-32s14.3-32 32-32l352 0c17.7 0 32 14.3 32 32z\"><\/path><\/svg>                            <\/span>\n                            <span class=\"inactive_icon\">\n                                <svg xmlns=\"http:\/\/www.w3.org\/2000\/svg\" viewBox=\"0 0 448 512\"><path d=\"M256 80c0-17.7-14.3-32-32-32s-32 14.3-32 32l0 144L48 224c-17.7 0-32 14.3-32 32s14.3 32 32 32l144 0 0 144c0 17.7 14.3 32 32 32s32-14.3 32-32l0-144 144 0c17.7 0 32-14.3 32-32s-14.3-32-32-32l-144 0 0-144z\"><\/path><\/svg>                            <\/span>\n                        <\/span>\n                                    <\/button>\n            <\/div>\n            <div \n                id=\"accordion-item-9-20\" \n                class=\"accordion-collapse fade collapse \" \n                data-bs-parent=\"#accordionExample-20\">\n                <div class=\"accordion-body\">\n                    <p class=\"st-content-text\">\n                        S\u00ed, ExpoFlamenco TV esta desarrolando actualmente una aplicaci\u00f3n m\u00f3vil disponible tanto en App Store (iOS) como en Google Play (Android). Disponible a mediados de 2025 donde podr\u00e1s disfruta de ExpoFlamenco TV en cualquier lugar.                    <\/p>\n                <\/div>\n            <\/div>\n        <\/div>\n        <\/div>\n\t\t\t\t<\/div>\n\t\t\t\t<\/div>\n\t\t\t\t\t<\/div>\n\t\t\t\t<\/div>\n\t\t\t\t<\/div>\n\t\t\t\t<\/div>\n\t\t","protected":false},"excerpt":{"rendered":"<p>Que es ExpoFlamenco TV ExpoFlamenco TV es una plataforma OTT premium que te permite ver en streaming espectaculos, programas de televisi\u00f3n, documentales y mucho m\u00e1s relacionados con el flamenco. ExpoFlamenco TV te ofrece una amplia biblioteca de contenidos puramente flamencos de alta calidad. \u00bfEst\u00e1 ExpoFlamenco disponible en todo el mundo? S\u00ed, ExpoFlamenco TV est\u00e1 disponible [&hellip;]<\/p>\n","protected":false},"author":1,"featured_media":0,"parent":0,"menu_order":0,"comment_status":"closed","ping_status":"closed","template":"","meta":{"pmpro_default_level":"","footnotes":""},"class_list":["post-391","page","type-page","status-publish","hentry","pmpro-has-access"],"_links":{"self":[{"href":"https:\/\/expoflamenco.com\/tv\/wp-json\/wp\/v2\/pages\/391","targetHints":{"allow":["GET"]}}],"collection":[{"href":"https:\/\/expoflamenco.com\/tv\/wp-json\/wp\/v2\/pages"}],"about":[{"href":"https:\/\/expoflamenco.com\/tv\/wp-json\/wp\/v2\/types\/page"}],"author":[{"embeddable":true,"href":"https:\/\/expoflamenco.com\/tv\/wp-json\/wp\/v2\/users\/1"}],"replies":[{"embeddable":true,"href":"https:\/\/expoflamenco.com\/tv\/wp-json\/wp\/v2\/comments?post=391"}],"version-history":[{"count":15,"href":"https:\/\/expoflamenco.com\/tv\/wp-json\/wp\/v2\/pages\/391\/revisions"}],"predecessor-version":[{"id":3586,"href":"https:\/\/expoflamenco.com\/tv\/wp-json\/wp\/v2\/pages\/391\/revisions\/3586"}],"wp:attachment":[{"href":"https:\/\/expoflamenco.com\/tv\/wp-json\/wp\/v2\/media?parent=391"}],"curies":[{"name":"wp","href":"https:\/\/api.w.org\/{rel}","templated":true}]}}