{"id":52554,"date":"2024-09-08T14:00:00","date_gmt":"2024-09-08T12:00:00","guid":{"rendered":"https:\/\/expoflamenco.online\/espacio\/?page_id=52554"},"modified":"2024-11-26T23:47:02","modified_gmt":"2024-11-26T22:47:02","slug":"encuentranos","status":"publish","type":"page","link":"https:\/\/expoflamenco.com\/espacio\/encuentranos\/","title":{"rendered":"Donde estamos"},"content":{"rendered":"\t\t<div data-elementor-type=\"wp-page\" data-elementor-id=\"52554\" class=\"elementor elementor-52554\" data-elementor-post-type=\"page\">\n\t\t\t\t<div class=\"elementor-element elementor-element-5ecccad e-con-full e-flex e-con e-parent\" data-id=\"5ecccad\" data-element_type=\"container\" data-e-type=\"container\" data-settings=\"{&quot;background_background&quot;:&quot;classic&quot;}\">\n\t\t<div class=\"elementor-element elementor-element-3744423 e-con-full e-flex e-con e-child\" data-id=\"3744423\" data-element_type=\"container\" data-e-type=\"container\">\n\t\t\t\t<div class=\"elementor-element elementor-element-5ab5cb2 elementor-widget elementor-widget-heading\" data-id=\"5ab5cb2\" data-element_type=\"widget\" data-e-type=\"widget\" data-widget_type=\"heading.default\">\n\t\t\t\t<div class=\"elementor-widget-container\">\n\t\t\t\t\t<h1 class=\"elementor-heading-title elementor-size-default\">Tienda y Espacio Cultural expoflamenco - Donde Estamos en Jerez<\/h1>\t\t\t\t<\/div>\n\t\t\t\t<\/div>\n\t\t\t\t<\/div>\n\t\t<div class=\"elementor-element elementor-element-b0b6ca4 e-con-full e-flex e-con e-child\" data-id=\"b0b6ca4\" data-element_type=\"container\" data-e-type=\"container\">\n\t\t\t\t<div class=\"elementor-element elementor-element-67e3b44 elementor-widget elementor-widget-image\" data-id=\"67e3b44\" data-element_type=\"widget\" data-e-type=\"widget\" data-widget_type=\"image.default\">\n\t\t\t\t<div class=\"elementor-widget-container\">\n\t\t\t\t\t\t\t\t\t\t\t\t\t\t\t\t<a href=\"https:\/\/maps.app.goo.gl\/2U5PptV2qTRG716Y8\" target=\"_blank\">\n\t\t\t\t\t\t\t<img decoding=\"async\" width=\"600\" height=\"400\" src=\"https:\/\/expoflamenco.com\/espacio\/wp-content\/uploads\/sites\/25\/2024\/08\/admin-ajax.jpeg\" class=\"attachment-large size-large wp-image-52562\" alt=\"Donde estamos expoflamenco\" srcset=\"https:\/\/expoflamenco.com\/espacio\/wp-content\/uploads\/sites\/25\/2024\/08\/admin-ajax.jpeg 600w, https:\/\/expoflamenco.com\/espacio\/wp-content\/uploads\/sites\/25\/2024\/08\/admin-ajax-300x200.jpeg 300w\" sizes=\"(max-width: 600px) 100vw, 600px\" \/>\t\t\t\t\t\t\t\t<\/a>\n\t\t\t\t\t\t\t\t\t\t\t\t\t\t\t<\/div>\n\t\t\t\t<\/div>\n\t\t\t\t<\/div>\n\t\t<div class=\"elementor-element elementor-element-9c3b10e e-con-full e-flex e-con e-child\" data-id=\"9c3b10e\" data-element_type=\"container\" data-e-type=\"container\">\n\t\t\t\t<div class=\"elementor-element elementor-element-f373664 elementor-widget elementor-widget-heading\" data-id=\"f373664\" data-element_type=\"widget\" data-e-type=\"widget\" data-widget_type=\"heading.default\">\n\t\t\t\t<div class=\"elementor-widget-container\">\n\t\t\t\t\t<h2 class=\"elementor-heading-title elementor-size-default\"><a href=\"https:\/\/maps.app.goo.gl\/2U5PptV2qTRG716Y8\" target=\"_blank\">expoflamenco<br>\n<\/a><\/h2>\t\t\t\t<\/div>\n\t\t\t\t<\/div>\n\t\t\t\t<div class=\"elementor-element elementor-element-d7b9299 elementor-widget elementor-widget-text-editor\" data-id=\"d7b9299\" data-element_type=\"widget\" data-e-type=\"widget\" data-widget_type=\"text-editor.default\">\n\t\t\t\t<div class=\"elementor-widget-container\">\n\t\t\t\t\t\t\t\t\t<p>Tienda y Espacio Cultural<br \/>Edif\u00edcio Los Ramos<br \/>Calle Diego Fern\u00e1ndez Herrera<br \/>11401 Jerez de la Frontera<br \/>C\u00e1diz (Espa\u00f1a)<\/p><p>tienda@expoflamenco.com<br \/>espacio@expoflamenco.com<\/p><p>+34 673 651 042<\/p>\t\t\t\t\t\t\t\t<\/div>\n\t\t\t\t<\/div>\n\t\t\t\t<\/div>\n\t\t\t\t<\/div>\n\t\t<div class=\"elementor-element elementor-element-4da7bd1 e-con-full e-flex e-con e-parent\" data-id=\"4da7bd1\" data-element_type=\"container\" data-e-type=\"container\">\n\t\t\t\t<div class=\"elementor-element elementor-element-d376546 elementor-widget elementor-widget-google_maps\" data-id=\"d376546\" data-element_type=\"widget\" data-e-type=\"widget\" data-widget_type=\"google_maps.default\">\n\t\t\t\t<div class=\"elementor-widget-container\">\n\t\t\t\t\t\t\t<div class=\"elementor-custom-embed\">\n\t\t\t<iframe loading=\"lazy\"\n\t\t\t\t\tsrc=\"https:\/\/maps.google.com\/maps?q=expoflamenco%20calle%20diego%20fernandez%20herrera&#038;t=m&#038;z=15&#038;output=embed&#038;iwloc=near\"\n\t\t\t\t\ttitle=\"expoflamenco calle diego fernandez herrera\"\n\t\t\t\t\taria-label=\"expoflamenco calle diego fernandez herrera\"\n\t\t\t><\/iframe>\n\t\t<\/div>\n\t\t\t\t\t\t<\/div>\n\t\t\t\t<\/div>\n\t\t\t\t<div class=\"elementor-element elementor-element-79d1ff4 elementor-widget elementor-widget-spacer\" data-id=\"79d1ff4\" data-element_type=\"widget\" data-e-type=\"widget\" data-widget_type=\"spacer.default\">\n\t\t\t\t<div class=\"elementor-widget-container\">\n\t\t\t\t\t\t\t<div class=\"elementor-spacer\">\n\t\t\t<div class=\"elementor-spacer-inner\"><\/div>\n\t\t<\/div>\n\t\t\t\t\t\t<\/div>\n\t\t\t\t<\/div>\n\t\t\t\t<\/div>\n\t\t<div class=\"elementor-element elementor-element-6c8db99 e-con-full e-flex e-con e-parent\" data-id=\"6c8db99\" data-element_type=\"container\" data-e-type=\"container\" data-settings=\"{&quot;background_background&quot;:&quot;classic&quot;}\">\n\t\t<div class=\"elementor-element elementor-element-c4fe2e3 e-con-full e-flex e-con e-child\" data-id=\"c4fe2e3\" data-element_type=\"container\" data-e-type=\"container\" data-settings=\"{&quot;background_background&quot;:&quot;classic&quot;}\">\n\t\t\t\t<div class=\"elementor-element elementor-element-07d320b elementor-widget elementor-widget-heading\" data-id=\"07d320b\" data-element_type=\"widget\" data-e-type=\"widget\" data-widget_type=\"heading.default\">\n\t\t\t\t<div class=\"elementor-widget-container\">\n\t\t\t\t\t<h2 class=\"elementor-heading-title elementor-size-default\">Alquier de la sala y set de TV<\/h2>\t\t\t\t<\/div>\n\t\t\t\t<\/div>\n\t\t\t\t<div class=\"elementor-element elementor-element-5edfb28 elementor-widget elementor-widget-text-editor\" data-id=\"5edfb28\" data-element_type=\"widget\" data-e-type=\"widget\" data-widget_type=\"text-editor.default\">\n\t\t\t\t<div class=\"elementor-widget-container\">\n\t\t\t\t\t\t\t\t\t<p>\u00bfLe gustar\u00eda alquilar nuestra sala para sus eventos? \u00bfNecesita los servicios de nuestra productora audiovisual?<\/p><p>Contacte con nosotros sin compromiso e informese ahora de forma totalmente gratuita.<\/p>\t\t\t\t\t\t\t\t<\/div>\n\t\t\t\t<\/div>\n\t\t\t\t<div class=\"elementor-element elementor-element-56b8581 elementor-widget elementor-widget-button\" data-id=\"56b8581\" data-element_type=\"widget\" data-e-type=\"widget\" data-widget_type=\"button.default\">\n\t\t\t\t<div class=\"elementor-widget-container\">\n\t\t\t\t\t\t\t\t\t<div class=\"elementor-button-wrapper\">\n\t\t\t\t\t<a class=\"elementor-button elementor-button-link elementor-size-sm\" href=\"\/contacto\/\">\n\t\t\t\t\t\t<span class=\"elementor-button-content-wrapper\">\n\t\t\t\t\t\t\t\t\t<span class=\"elementor-button-text\">Haz clic aqu\u00ed para contacto<\/span>\n\t\t\t\t\t<\/span>\n\t\t\t\t\t<\/a>\n\t\t\t\t<\/div>\n\t\t\t\t\t\t\t\t<\/div>\n\t\t\t\t<\/div>\n\t\t\t\t<\/div>\n\t\t\t\t<\/div>\n\t\t<div class=\"elementor-element elementor-element-0b06b0b e-flex e-con-boxed e-con e-parent\" data-id=\"0b06b0b\" data-element_type=\"container\" data-e-type=\"container\">\n\t\t\t\t\t<div class=\"e-con-inner\">\n\t\t\t\t\t<\/div>\n\t\t\t\t<\/div>\n\t\t\t\t<\/div>\n\t\t","protected":false},"excerpt":{"rendered":"<p>Tienda y Espacio Cultural expoflamenco &#8211; Donde Estamos en Jerez expoflamenco Tienda y Espacio CulturalEdif\u00edcio Los RamosCalle Diego Fern\u00e1ndez Herrera11401 Jerez de la FronteraC\u00e1diz (Espa\u00f1a) tienda@expoflamenco.comespacio@expoflamenco.com +34 673 651 042 Alquier de la sala y set de TV \u00bfLe gustar\u00eda alquilar nuestra sala para sus eventos? \u00bfNecesita los servicios de nuestra productora audiovisual? Contacte con [&hellip;]<\/p>\n","protected":false},"author":1,"featured_media":0,"parent":0,"menu_order":0,"comment_status":"closed","ping_status":"closed","template":"","meta":{"_acf_changed":false,"pmpro_default_level":"","jnews_page_loop":{"first_title":"Latest Post","header_type":"heading_6","layout":"right-sidebar","sidebar":"default-sidebar","second_sidebar":"default-sidebar","sticky_sidebar":"1","module":"3","excerpt_length":"20","content_date":"default","date_custom":"Y\/m\/d","content_pagination":"nav_1","pagination_align":"center","post_sticky":"0","post_offset":"0","posts_per_page":"5","sort_by":"latest"},"jnews_single_page":{"layout":"no-sidebar","sidebar":"default-sidebar","second_sidebar":"default-sidebar","sticky_sidebar":"1","show_post_title":"0","show_post_breadcrumbs":"0","show_post_featured":"1","share_position":"bottom","share_color":"share-monocrhome"},"jnews_social_meta":[],"footnotes":""},"class_list":["post-52554","page","type-page","status-publish","hentry","pmpro-has-access"],"acf":[],"aioseo_notices":[],"_links":{"self":[{"href":"https:\/\/expoflamenco.com\/espacio\/wp-json\/wp\/v2\/pages\/52554","targetHints":{"allow":["GET"]}}],"collection":[{"href":"https:\/\/expoflamenco.com\/espacio\/wp-json\/wp\/v2\/pages"}],"about":[{"href":"https:\/\/expoflamenco.com\/espacio\/wp-json\/wp\/v2\/types\/page"}],"author":[{"embeddable":true,"href":"https:\/\/expoflamenco.com\/espacio\/wp-json\/wp\/v2\/users\/1"}],"replies":[{"embeddable":true,"href":"https:\/\/expoflamenco.com\/espacio\/wp-json\/wp\/v2\/comments?post=52554"}],"version-history":[{"count":0,"href":"https:\/\/expoflamenco.com\/espacio\/wp-json\/wp\/v2\/pages\/52554\/revisions"}],"wp:attachment":[{"href":"https:\/\/expoflamenco.com\/espacio\/wp-json\/wp\/v2\/media?parent=52554"}],"curies":[{"name":"wp","href":"https:\/\/api.w.org\/{rel}","templated":true}]}}