{"id":6924,"date":"2019-02-08T14:43:45","date_gmt":"2019-02-08T13:43:45","guid":{"rendered":"https:\/\/www.expoflamenco.com\/archivo\/?page_id=6924"},"modified":"2023-03-13T17:48:36","modified_gmt":"2023-03-13T16:48:36","slug":"nosotros","status":"publish","type":"page","link":"https:\/\/expoflamenco.com\/archivo\/nosotros\/","title":{"rendered":"Equipo Expoflamenco"},"content":{"rendered":"<div class=\"wpb-content-wrapper\"><p>[vc_row content_aligment=\u00bbcenter\u00bb css=\u00bb.vc_custom_1550521134374{background-image: url(https:\/\/www.expoflamenco.com\/archivo\/wp-content\/uploads\/2019\/02\/1905x390banner.jpg?id=7424) !important;background-position: center !important;background-repeat: no-repeat !important;background-size: cover !important;}\u00bb][vc_column][vc_empty_space height=\u00bb100px\u00bb][vc_column_text]<\/p>\n<h1 style=\"text-align: center;\"><span style=\"color: #ffffff;\">Sobre nosotros<\/span><\/h1>\n<p>[\/vc_column_text][vc_empty_space height=\u00bb100px\u00bb][\/vc_column][\/vc_row][vc_row content_width=\u00bbgrid\u00bb css=\u00bb.vc_custom_1549195445392{margin-top: 40px !important;margin-bottom: 40px !important;}\u00bb][vc_column][vc_column_text]<\/p>\n<h3>Bienvenidos a EXPOFLAMENCO<\/h3>\n<p>El flamenco, un g\u00e9nero musical \u2013o m\u00e1s bien, un Patrimonio Cultural de la Humanidad\u2013 originado en comunidades gitanas andaluzas olvidadas, marginadas y pobres, cuenta hoy d\u00eda con un amplio <strong>reconocimiento y afici\u00f3n mundial<\/strong>. Todo ser humano en el planeta con un moderado nivel cultural ha o\u00eddo algo de flamenco y lo reconoce como la expresi\u00f3n art\u00edstica espa\u00f1ola por excelencia. Sin embargo, el flamenco se encuentra hoy d\u00eda en una encrucijada. Desde sus comienzos enigm\u00e1ticos, el flamenco se ha globalizado.<\/p>\n<p>La mayor\u00eda de las grandes ciudades del mundo \u2013y muchas menores, tambi\u00e9n\u2013 cuentan con comunidades de artistas y aficionados flamencos. La globalizaci\u00f3n ha empujado al flamenco hacia la <strong>cultura popular<\/strong>. Esto ha permitido que a veces este arte se mezcle o fusione con otras formas art\u00edsticas tales como el jazz, la m\u00fasica cl\u00e1sica o incluso el rock. Es cierto que todo g\u00e9nero musical es din\u00e1mico y est\u00e1 en constante evoluci\u00f3n, pero tambi\u00e9n es cierto que tal evoluci\u00f3n y dinamismo tiende a empujar las <strong>formas puras y originales<\/strong> hacia el olvido. Hoy d\u00eda existe un intenso debate entre los puristas y aquellos artistas y aficionados m\u00e1s aventureros y tolerantes de los cambios. Sobre los m\u00e9ritos de las nuevas formas y tendencias en el flamenco.<\/p>\n<p>No tomaremos partido en este debate, pero creemos que es importante tener un espacio para <strong>compartir ideas y conocimiento<\/strong>. Desde la historia y ra\u00edces del flamenco, sus estilos y su complejo trasfondo cultural, hasta las t\u00e9cnicas de flamenco en cante, baile y toque. De la vieja escuela y de la nueva tambi\u00e9n. Proporcionamos ese <strong>espacio virtual<\/strong>.<\/p>\n<p>&nbsp;<\/p>\n<p><img loading=\"lazy\" decoding=\"async\" class=\"alignnone size-full wp-image-8876\" src=\"https:\/\/www.expoflamenco.com\/archivo\/wp-content\/uploads\/2019\/02\/granaino-1.jpg\" alt=\"\" width=\"1500\" height=\"523\" srcset=\"https:\/\/expoflamenco.com\/archivo\/wp-content\/uploads\/2019\/02\/granaino-1.jpg 1500w, https:\/\/expoflamenco.com\/archivo\/wp-content\/uploads\/2019\/02\/granaino-1-600x209.jpg 600w, https:\/\/expoflamenco.com\/archivo\/wp-content\/uploads\/2019\/02\/granaino-1-300x105.jpg 300w, https:\/\/expoflamenco.com\/archivo\/wp-content\/uploads\/2019\/02\/granaino-1-768x268.jpg 768w, https:\/\/expoflamenco.com\/archivo\/wp-content\/uploads\/2019\/02\/granaino-1-1024x357.jpg 1024w, https:\/\/expoflamenco.com\/archivo\/wp-content\/uploads\/2019\/02\/granaino-1-1300x453.jpg 1300w\" sizes=\"auto, (max-width: 1500px) 100vw, 1500px\" \/><\/p>\n<p>&nbsp;<\/p>\n<p>Una particularidad de las comunidades flamencas en el mundo es que con frecuencia est\u00e1n aisladas unas de otras. Esperamos que ExpoFlamenco alivie ese aislamiento, permitiendo a las comunidades y aficionados flamencos del mundo ponerse en contacto, compartiendo sus pasiones, sus alegr\u00edas y sus frustraciones. Preservando y enriqueciendo el incomparable patrimonio cultural del flamenco.<\/p>\n<p><strong>Nos encanta el flamenco<\/strong> y nos encanta interactuar con personas de todo el mundo que aman el flamenco. Es por eso que hemos construido un lugar para que los entusiastas del flamenco se re\u00fanan con artistas, profesionales y organizaciones de apoyo. Es una victoria para todos.<\/p>\n<p>\u200bEl equipo que gestiona&nbsp;<strong>Expoflamenco.com<\/strong> es un apasionado del flamenco y su cultura. Por lo tanto, nuestro modelo financiero funciona sobre una base de recuperaci\u00f3n de costos. Cualquier ingreso retenido sobre los costos operativos y el desarrollo actual se aplican a futuros proyectos previstos para promover el flamenco y apoyar a las comunidades flamencas. Puedes apoyar a Expoflamenco.com a trav\u00e9s de la publicidad, convirti\u00e9ndote en miembro, participando en nuestros servicios, proporcionando tu tiempo o simplemente haciendo una donaci\u00f3n. Ayuda a los artistas y comunidades flamencas y asegura que <strong>el flamenco crezca en todo el mundo<\/strong>.[\/vc_column_text][\/vc_column][\/vc_row][vc_row content_width=\u00bbgrid\u00bb css=\u00bb.vc_custom_1549649874558{margin-bottom: 40px !important;}\u00bb][vc_column width=\u00bb1\/2&#8243;][vc_column_text]<\/p>\n<h3>Visi\u00f3n<\/h3>\n<p>Creemos que el flamenco tiene el poder de promover la paz y la comprensi\u00f3n en el mundo.\u200b Proporcionamos un espacio virtual para todos los aficionados al flamenco y sus comunidades con el objetivo de compartir y promover el flamenco local y mundial.[\/vc_column_text][\/vc_column][vc_column width=\u00bb1\/2&#8243;][vc_column_text]<\/p>\n<h3>Misi\u00f3n<\/h3>\n<p>\u200bFacilitar la interacci\u00f3n y comunicaci\u00f3n entre aficionados, profesionales, estudiantes, comercios y organizaciones flamencas con el objetivo de preservar y difundir lo mejor del arte flamenco.[\/vc_column_text][\/vc_column][\/vc_row][vc_row][vc_column][vc_column_text]<\/p>\n<h3 style=\"text-align: center;\">EQUIPO EXPOFLAMENCO<\/h3>\n<p>[\/vc_column_text][\/vc_column][\/vc_row][vc_row content_width=\u00bbgrid\u00bb css=\u00bb.vc_custom_1548272622205{padding-top: 50px !important;}\u00bb][vc_column width=\u00bb1\/4&#8243;][vc_column_text]<strong><img loading=\"lazy\" decoding=\"async\" class=\"size-full wp-image-7293 alignnone aligncenter\" src=\"https:\/\/www.expoflamenco.com\/archivo\/wp-content\/uploads\/2019\/02\/jafelin-expo_orig.jpg\" alt=\"\" width=\"120\" height=\"150\"><\/strong><\/p>\n<p style=\"text-align: center;\"><strong>JAFELIN HELTEN<\/strong><br \/>\n<strong>\u200b\u2192&nbsp;<\/strong>Fundadora y RR.PP.<br \/>\n<strong>\u200b<\/strong><em>Cantaora, flamenca, so\u00f1adora<\/em><br \/>\nVancouver, Canad\u00e1<br \/>\n<a href=\"mailto:jafelin@expoflamenco.com\" target=\"_self\" rel=\"noopener noreferrer\">jafelin@expoflamenco.com<\/a><\/p>\n<p>[\/vc_column_text][\/vc_column][vc_column width=\u00bb1\/4&#8243;][vc_column_text]<strong><img loading=\"lazy\" decoding=\"async\" class=\"wp-image-8853 size-full aligncenter\" src=\"https:\/\/www.expoflamenco.com\/archivo\/wp-content\/uploads\/2019\/02\/manuel-bohorquez-chaqueta-120x150.jpg\" alt=\"\" width=\"120\" height=\"150\"><\/strong><\/p>\n<p style=\"text-align: center;\"><strong>MANUEL BOH\u00d3RQUEZ<\/strong><br \/>\n\u200b<strong>\u2192&nbsp;<\/strong>Director de Contenido<br \/>\n<em>Cr\u00edtica y vivencias flamencas<\/em><br \/>\n\u200bLa Puebla del R\u00edo, Andaluc\u00eda<br \/>\n<a href=\"mailto:bohorquez@expoflamenco.com\" target=\"_blank\" rel=\"noopener noreferrer\">bohorquez@expoflamenco.com<\/a><\/p>\n<p>[\/vc_column_text][\/vc_column][vc_column width=\u00bb1\/4&#8243;][vc_column_text]<strong><img loading=\"lazy\" decoding=\"async\" class=\"aligncenter wp-image-7310 size-full\" src=\"https:\/\/www.expoflamenco.com\/archivo\/wp-content\/uploads\/2019\/02\/estela-zatania.jpg\" alt=\"\" width=\"120\" height=\"150\"><\/strong><\/p>\n<p style=\"text-align: center;\"><strong>ESTELA ZATANIA<\/strong><br \/>\n<strong>\u2192 <\/strong>Blog Estela Flamenca<br \/>\n<em>Escritora, investigadora, artista<\/em><br \/>\nJerez, Espa\u00f1a<br \/>\n<a href=\"mailto:estela@expoflamenco.com\">estela@expoflamenco.com<\/a><\/p>\n<p>[\/vc_column_text][\/vc_column][vc_column width=\u00bb1\/4&#8243;][vc_column_text]<strong><img loading=\"lazy\" decoding=\"async\" class=\"wp-image-8857 size-full aligncenter\" src=\"https:\/\/www.expoflamenco.com\/archivo\/wp-content\/uploads\/2019\/02\/juan-garrido-2.jpg\" alt=\"\" width=\"120\" height=\"150\"><\/strong><\/p>\n<p style=\"text-align: center;\">\u200b<strong>JUAN GARRIDO<\/strong><br \/>\n<strong>\u2192 <\/strong>Redacci\u00f3n en Jerez<br \/>\n<em>Entrevistas a comp\u00e1s<\/em><br \/>\nJerez, Espa\u00f1a<br \/>\n<a href=\"mailto:juangarrido@expoflamenco.com\">juangarrido@expoflamenco.com<\/a><\/p>\n<p>[\/vc_column_text][\/vc_column][\/vc_row][vc_row content_width=\u00bbgrid\u00bb css=\u00bb.vc_custom_1548272622205{padding-top: 50px !important;}\u00bb][vc_column width=\u00bb1\/4&#8243;][vc_column_text]<strong><img loading=\"lazy\" decoding=\"async\" class=\"aligncenter wp-image-7318 size-full\" src=\"https:\/\/www.expoflamenco.com\/archivo\/wp-content\/uploads\/2019\/02\/mitch-helten.jpg\" alt=\"\" width=\"120\" height=\"150\"><\/strong><\/p>\n<p style=\"text-align: center;\"><strong>MITCH HELTEN<\/strong><br \/>\n<strong>\u200b\u2192 <\/strong>Desarrollo Empresarial<br \/>\n<em>Liderando el sue\u00f1o<\/em><br \/>\nVancouver, Canad\u00e1<br \/>\n<a href=\"mailto:mitch@expoflamenco.com\" target=\"_self\" rel=\"noopener noreferrer\">mitch@expoflamenco.com<\/a><\/p>\n<p>[\/vc_column_text][\/vc_column][vc_column width=\u00bb1\/4&#8243;][vc_column_text]<strong><img loading=\"lazy\" decoding=\"async\" class=\"aligncenter wp-image-7320 size-full\" src=\"https:\/\/www.expoflamenco.com\/archivo\/wp-content\/uploads\/2019\/02\/paul-young.jpg\" alt=\"\" width=\"120\" height=\"150\"><\/strong><\/p>\n<p style=\"text-align: center;\">\u200b<strong>PAUL YOUNG<\/strong><br \/>\n<strong>\u200b\u2192 <\/strong>Enlace Operaciones + Traducciones<br \/>\n<em>Aspirante a flamenc\u00f3logo<\/em><br \/>\nVancouver, Canad\u00e1<br \/>\n<a href=\"mailto:paul@expoflamenco.com\" target=\"_self\" rel=\"noopener noreferrer\">paul@expoflamenco.com<\/a><\/p>\n<p>[\/vc_column_text][\/vc_column][vc_column width=\u00bb1\/4&#8243;][vc_column_text]<strong><img loading=\"lazy\" decoding=\"async\" class=\"wp-image-24703 aligncenter\" src=\"https:\/\/www.expoflamenco.com\/archivo\/wp-content\/uploads\/2021\/02\/alejandra-pachon-martinez-team.jpg\" alt=\"\" width=\"120\" height=\"150\" srcset=\"https:\/\/expoflamenco.com\/archivo\/wp-content\/uploads\/2021\/02\/alejandra-pachon-martinez-team.jpg 576w, https:\/\/expoflamenco.com\/archivo\/wp-content\/uploads\/2021\/02\/alejandra-pachon-martinez-team-240x300.jpg 240w\" sizes=\"auto, (max-width: 120px) 100vw, 120px\" \/><\/strong><\/p>\n<p style=\"text-align: center;\"><strong>ALEJANDRA PACH\u00d3N<\/strong><br \/>\n<strong>\u2192 <\/strong>Cr\u00f3nicas flamencas<br \/>\n<em>Bailaora de arte<\/em><br \/>\nMadrid, Espa\u00f1a<br \/>\n<a href=\"mailto:pachon@expoflamenco.com\">pachon@expoflamenco.com<\/a><\/p>\n<p>[\/vc_column_text][\/vc_column][vc_column width=\u00bb1\/4&#8243;][vc_column_text]<strong><img loading=\"lazy\" decoding=\"async\" class=\"wp-image-8860 size-full aligncenter\" src=\"https:\/\/www.expoflamenco.com\/archivo\/wp-content\/uploads\/2019\/02\/quico-perez-ventana.jpg\" alt=\"\" width=\"120\" height=\"150\"><\/strong><\/p>\n<p style=\"text-align: center;\"><strong>QUICO P\u00c9REZ-VENTANA<\/strong><br \/>\n<strong>\u2192 <\/strong>Gesti\u00f3n web + Marketing digital<br \/>\n<em>Periodismo cabal<\/em><br \/>\nSevilla ind\u00f3mita<br \/>\n<a href=\"mailto:perezventana@expoflamenco.com\">perezventana@expoflamenco.com<\/a><\/p>\n<p>[\/vc_column_text][\/vc_column][\/vc_row][vc_row][vc_column][vc_empty_space height=\u00bb50px\u00bb][vc_single_image image=\u00bb13792&#8243; img_size=\u00bbfull\u00bb alignment=\u00bbcenter\u00bb][\/vc_column][\/vc_row]<\/p>\n<\/div>","protected":false},"excerpt":{"rendered":"<p>[vc_row content_aligment=\u00bbcenter\u00bb css=\u00bb.vc_custom_1550521134374{background-image: url(https:\/\/www.expoflamenco.com\/archivo\/wp-content\/uploads\/2019\/02\/1905x390banner.jpg?id=7424) !important;background-position: center !important;background-repeat: no-repeat !important;background-size: [&hellip;]<\/p>\n","protected":false},"author":4,"featured_media":0,"parent":0,"menu_order":0,"comment_status":"closed","ping_status":"closed","template":"full-width.php","meta":{"ngg_post_thumbnail":0,"footnotes":""},"class_list":["post-6924","page","type-page","status-publish","hentry"],"yoast_head":"<!-- This site is optimized with the Yoast SEO plugin v26.7 - https:\/\/yoast.com\/wordpress\/plugins\/seo\/ -->\n<title>Equipo Expoflamenco - Archivo Expoflamenco<\/title>\n<meta name=\"robots\" content=\"index, follow, max-snippet:-1, max-image-preview:large, max-video-preview:-1\" \/>\n<link rel=\"canonical\" href=\"https:\/\/expoflamenco.com\/archivo\/nosotros\/\" \/>\n<meta property=\"og:locale\" content=\"es_ES\" \/>\n<meta property=\"og:type\" content=\"article\" \/>\n<meta property=\"og:title\" content=\"Equipo Expoflamenco - Archivo Expoflamenco\" \/>\n<meta property=\"og:description\" content=\"[vc_row content_aligment=\u00bbcenter\u00bb css=\u00bb.vc_custom_1550521134374{background-image: url(https:\/\/www.expoflamenco.com\/archivo\/wp-content\/uploads\/2019\/02\/1905x390banner.jpg?id=7424) !important;background-position: center !important;background-repeat: no-repeat !important;background-size: [&hellip;]\" \/>\n<meta property=\"og:url\" content=\"https:\/\/expoflamenco.com\/archivo\/nosotros\/\" \/>\n<meta property=\"og:site_name\" content=\"Archivo Expoflamenco\" \/>\n<meta property=\"article:publisher\" content=\"https:\/\/www.facebook.com\/ExpoFlamenco\" \/>\n<meta property=\"article:modified_time\" content=\"2023-03-13T16:48:36+00:00\" \/>\n<meta property=\"og:image\" content=\"https:\/\/www.expoflamenco.com\/archivo\/wp-content\/uploads\/2019\/02\/granaino-1.jpg\" \/>\n<meta name=\"twitter:card\" content=\"summary_large_image\" \/>\n<meta name=\"twitter:site\" content=\"@expoflamenco1\" \/>\n<meta name=\"twitter:label1\" content=\"Tiempo de lectura\" \/>\n\t<meta name=\"twitter:data1\" content=\"5 minutos\" \/>\n<script type=\"application\/ld+json\" class=\"yoast-schema-graph\">{\"@context\":\"https:\/\/schema.org\",\"@graph\":[{\"@type\":\"WebPage\",\"@id\":\"https:\/\/expoflamenco.com\/archivo\/nosotros\/\",\"url\":\"https:\/\/expoflamenco.com\/archivo\/nosotros\/\",\"name\":\"Equipo Expoflamenco - Archivo Expoflamenco\",\"isPartOf\":{\"@id\":\"https:\/\/expoflamenco.com\/archivo\/#website\"},\"primaryImageOfPage\":{\"@id\":\"https:\/\/expoflamenco.com\/archivo\/nosotros\/#primaryimage\"},\"image\":{\"@id\":\"https:\/\/expoflamenco.com\/archivo\/nosotros\/#primaryimage\"},\"thumbnailUrl\":\"https:\/\/www.expoflamenco.com\/archivo\/wp-content\/uploads\/2019\/02\/granaino-1.jpg\",\"datePublished\":\"2019-02-08T13:43:45+00:00\",\"dateModified\":\"2023-03-13T16:48:36+00:00\",\"breadcrumb\":{\"@id\":\"https:\/\/expoflamenco.com\/archivo\/nosotros\/#breadcrumb\"},\"inLanguage\":\"es\",\"potentialAction\":[{\"@type\":\"ReadAction\",\"target\":[\"https:\/\/expoflamenco.com\/archivo\/nosotros\/\"]}]},{\"@type\":\"ImageObject\",\"inLanguage\":\"es\",\"@id\":\"https:\/\/expoflamenco.com\/archivo\/nosotros\/#primaryimage\",\"url\":\"https:\/\/www.expoflamenco.com\/archivo\/wp-content\/uploads\/2019\/02\/granaino-1.jpg\",\"contentUrl\":\"https:\/\/www.expoflamenco.com\/archivo\/wp-content\/uploads\/2019\/02\/granaino-1.jpg\"},{\"@type\":\"BreadcrumbList\",\"@id\":\"https:\/\/expoflamenco.com\/archivo\/nosotros\/#breadcrumb\",\"itemListElement\":[{\"@type\":\"ListItem\",\"position\":1,\"name\":\"Inicio\",\"item\":\"https:\/\/expoflamenco.com\/archivo\/\"},{\"@type\":\"ListItem\",\"position\":2,\"name\":\"Equipo Expoflamenco\"}]},{\"@type\":\"WebSite\",\"@id\":\"https:\/\/expoflamenco.com\/archivo\/#website\",\"url\":\"https:\/\/expoflamenco.com\/archivo\/\",\"name\":\"Archivo Expoflamenco\",\"description\":\"Portal de arte flamenco: noticias, entrevistas, blogs, cr\u00edticas, investigaci\u00f3n\",\"publisher\":{\"@id\":\"https:\/\/expoflamenco.com\/archivo\/#organization\"},\"potentialAction\":[{\"@type\":\"SearchAction\",\"target\":{\"@type\":\"EntryPoint\",\"urlTemplate\":\"https:\/\/expoflamenco.com\/archivo\/?s={search_term_string}\"},\"query-input\":{\"@type\":\"PropertyValueSpecification\",\"valueRequired\":true,\"valueName\":\"search_term_string\"}}],\"inLanguage\":\"es\"},{\"@type\":\"Organization\",\"@id\":\"https:\/\/expoflamenco.com\/archivo\/#organization\",\"name\":\"Expoflamenco\",\"url\":\"https:\/\/expoflamenco.com\/archivo\/\",\"logo\":{\"@type\":\"ImageObject\",\"inLanguage\":\"es\",\"@id\":\"https:\/\/expoflamenco.com\/archivo\/#\/schema\/logo\/image\/\",\"url\":\"https:\/\/www.expoflamenco.com\/archivo\/wp-content\/uploads\/2022\/11\/banner-cabecera-mobile.jpg\",\"contentUrl\":\"https:\/\/www.expoflamenco.com\/archivo\/wp-content\/uploads\/2022\/11\/banner-cabecera-mobile.jpg\",\"width\":299,\"height\":75,\"caption\":\"Expoflamenco\"},\"image\":{\"@id\":\"https:\/\/expoflamenco.com\/archivo\/#\/schema\/logo\/image\/\"},\"sameAs\":[\"https:\/\/www.facebook.com\/ExpoFlamenco\",\"https:\/\/x.com\/expoflamenco1\",\"https:\/\/www.instagram.com\/expoflamenco\/\",\"https:\/\/www.youtube.com\/expoflamenco\"]}]}<\/script>\n<!-- \/ Yoast SEO plugin. -->","yoast_head_json":{"title":"Equipo Expoflamenco - Archivo Expoflamenco","robots":{"index":"index","follow":"follow","max-snippet":"max-snippet:-1","max-image-preview":"max-image-preview:large","max-video-preview":"max-video-preview:-1"},"canonical":"https:\/\/expoflamenco.com\/archivo\/nosotros\/","og_locale":"es_ES","og_type":"article","og_title":"Equipo Expoflamenco - Archivo Expoflamenco","og_description":"[vc_row content_aligment=\u00bbcenter\u00bb css=\u00bb.vc_custom_1550521134374{background-image: url(https:\/\/www.expoflamenco.com\/archivo\/wp-content\/uploads\/2019\/02\/1905x390banner.jpg?id=7424) !important;background-position: center !important;background-repeat: no-repeat !important;background-size: [&hellip;]","og_url":"https:\/\/expoflamenco.com\/archivo\/nosotros\/","og_site_name":"Archivo Expoflamenco","article_publisher":"https:\/\/www.facebook.com\/ExpoFlamenco","article_modified_time":"2023-03-13T16:48:36+00:00","og_image":[{"url":"https:\/\/www.expoflamenco.com\/archivo\/wp-content\/uploads\/2019\/02\/granaino-1.jpg","type":"","width":"","height":""}],"twitter_card":"summary_large_image","twitter_site":"@expoflamenco1","twitter_misc":{"Tiempo de lectura":"5 minutos"},"schema":{"@context":"https:\/\/schema.org","@graph":[{"@type":"WebPage","@id":"https:\/\/expoflamenco.com\/archivo\/nosotros\/","url":"https:\/\/expoflamenco.com\/archivo\/nosotros\/","name":"Equipo Expoflamenco - Archivo Expoflamenco","isPartOf":{"@id":"https:\/\/expoflamenco.com\/archivo\/#website"},"primaryImageOfPage":{"@id":"https:\/\/expoflamenco.com\/archivo\/nosotros\/#primaryimage"},"image":{"@id":"https:\/\/expoflamenco.com\/archivo\/nosotros\/#primaryimage"},"thumbnailUrl":"https:\/\/www.expoflamenco.com\/archivo\/wp-content\/uploads\/2019\/02\/granaino-1.jpg","datePublished":"2019-02-08T13:43:45+00:00","dateModified":"2023-03-13T16:48:36+00:00","breadcrumb":{"@id":"https:\/\/expoflamenco.com\/archivo\/nosotros\/#breadcrumb"},"inLanguage":"es","potentialAction":[{"@type":"ReadAction","target":["https:\/\/expoflamenco.com\/archivo\/nosotros\/"]}]},{"@type":"ImageObject","inLanguage":"es","@id":"https:\/\/expoflamenco.com\/archivo\/nosotros\/#primaryimage","url":"https:\/\/www.expoflamenco.com\/archivo\/wp-content\/uploads\/2019\/02\/granaino-1.jpg","contentUrl":"https:\/\/www.expoflamenco.com\/archivo\/wp-content\/uploads\/2019\/02\/granaino-1.jpg"},{"@type":"BreadcrumbList","@id":"https:\/\/expoflamenco.com\/archivo\/nosotros\/#breadcrumb","itemListElement":[{"@type":"ListItem","position":1,"name":"Inicio","item":"https:\/\/expoflamenco.com\/archivo\/"},{"@type":"ListItem","position":2,"name":"Equipo Expoflamenco"}]},{"@type":"WebSite","@id":"https:\/\/expoflamenco.com\/archivo\/#website","url":"https:\/\/expoflamenco.com\/archivo\/","name":"Archivo Expoflamenco","description":"Portal de arte flamenco: noticias, entrevistas, blogs, cr\u00edticas, investigaci\u00f3n","publisher":{"@id":"https:\/\/expoflamenco.com\/archivo\/#organization"},"potentialAction":[{"@type":"SearchAction","target":{"@type":"EntryPoint","urlTemplate":"https:\/\/expoflamenco.com\/archivo\/?s={search_term_string}"},"query-input":{"@type":"PropertyValueSpecification","valueRequired":true,"valueName":"search_term_string"}}],"inLanguage":"es"},{"@type":"Organization","@id":"https:\/\/expoflamenco.com\/archivo\/#organization","name":"Expoflamenco","url":"https:\/\/expoflamenco.com\/archivo\/","logo":{"@type":"ImageObject","inLanguage":"es","@id":"https:\/\/expoflamenco.com\/archivo\/#\/schema\/logo\/image\/","url":"https:\/\/www.expoflamenco.com\/archivo\/wp-content\/uploads\/2022\/11\/banner-cabecera-mobile.jpg","contentUrl":"https:\/\/www.expoflamenco.com\/archivo\/wp-content\/uploads\/2022\/11\/banner-cabecera-mobile.jpg","width":299,"height":75,"caption":"Expoflamenco"},"image":{"@id":"https:\/\/expoflamenco.com\/archivo\/#\/schema\/logo\/image\/"},"sameAs":["https:\/\/www.facebook.com\/ExpoFlamenco","https:\/\/x.com\/expoflamenco1","https:\/\/www.instagram.com\/expoflamenco\/","https:\/\/www.youtube.com\/expoflamenco"]}]}},"_links":{"self":[{"href":"https:\/\/expoflamenco.com\/archivo\/wp-json\/wp\/v2\/pages\/6924","targetHints":{"allow":["GET"]}}],"collection":[{"href":"https:\/\/expoflamenco.com\/archivo\/wp-json\/wp\/v2\/pages"}],"about":[{"href":"https:\/\/expoflamenco.com\/archivo\/wp-json\/wp\/v2\/types\/page"}],"author":[{"embeddable":true,"href":"https:\/\/expoflamenco.com\/archivo\/wp-json\/wp\/v2\/users\/4"}],"replies":[{"embeddable":true,"href":"https:\/\/expoflamenco.com\/archivo\/wp-json\/wp\/v2\/comments?post=6924"}],"version-history":[{"count":35,"href":"https:\/\/expoflamenco.com\/archivo\/wp-json\/wp\/v2\/pages\/6924\/revisions"}],"predecessor-version":[{"id":40442,"href":"https:\/\/expoflamenco.com\/archivo\/wp-json\/wp\/v2\/pages\/6924\/revisions\/40442"}],"wp:attachment":[{"href":"https:\/\/expoflamenco.com\/archivo\/wp-json\/wp\/v2\/media?parent=6924"}],"curies":[{"name":"wp","href":"https:\/\/api.w.org\/{rel}","templated":true}]}}