{"id":6905,"date":"2019-02-03T12:06:03","date_gmt":"2019-02-03T11:06:03","guid":{"rendered":"https:\/\/www.expoflamenco.com\/archivo\/?page_id=6905"},"modified":"2023-06-14T21:58:53","modified_gmt":"2023-06-14T19:58:53","slug":"promocionarte","status":"publish","type":"page","link":"https:\/\/expoflamenco.com\/archivo\/promocionarte\/","title":{"rendered":"Contratar publicidad"},"content":{"rendered":"<div class=\"wpb-content-wrapper\"><p>[vc_row content_aligment=\u00bbcenter\u00bb css=\u00bb.vc_custom_1549192107087{background-image: url(https:\/\/www.expoflamenco.com\/archivo\/wp-content\/uploads\/2018\/08\/jz_20180812_ano-de-transicion-en-el-cante-de-las-minas.jpg?id=6408) !important;}\u00bb][vc_column][vc_empty_space height=\u00bb100px\u00bb][vc_column_text]<\/p>\n<h1 style=\"text-align: center;\"><span style=\"color: #ffffff;\">Contrata publicidad con Expoflamenco<\/span><\/h1>\n<p>[\/vc_column_text][vc_empty_space height=\u00bb100px\u00bb][\/vc_column][\/vc_row][vc_row content_width=\u00bbgrid\u00bb css=\u00bb.vc_custom_1549195445392{margin-top: 40px !important;margin-bottom: 40px !important;}\u00bb][vc_column]<div class=\"edgtf-section-title clearfix\">\n    <div class=\"edgtf-st-inner\">\n        <div class=\"edgtf-st-title-inner\">\n                    <h6 class=\"edgtf-st-title\">\u00bfQuieres que te enviemos el DOSSIER COMERCIAL de Expoflamenco?<\/h6>\n                <\/div>\n        <div class=\"edgtf-st-link-inner\">\n                                <a class=\"edgtf-st-link\"  href=\"\/contacto\" target=\"_self\">\n                        Contacta con nosotros                    <\/a>\n                    <\/div>\n    <\/div>\n<\/div>[vc_column_text]<\/p>\n<ul>\n<li><img loading=\"lazy\" decoding=\"async\" class=\"alignright wp-image-42409\" src=\"https:\/\/www.expoflamenco.com\/archivo\/wp-content\/uploads\/2023\/06\/ExpoFlamenco-Logo-2022-2-300x149.png\" alt=\"\" width=\"376\" height=\"187\" srcset=\"https:\/\/expoflamenco.com\/archivo\/wp-content\/uploads\/2023\/06\/ExpoFlamenco-Logo-2022-2-300x149.png 300w, https:\/\/expoflamenco.com\/archivo\/wp-content\/uploads\/2023\/06\/ExpoFlamenco-Logo-2022-2.png 609w\" sizes=\"auto, (max-width: 376px) 100vw, 376px\" \/>Contactar con miles de amantes del flamenco, artistas profesionales, viajeros y estudiante de todo el mundo cada mes.<\/li>\n<li>Promover eventos online, programas did\u00e1cticos de capacitaci\u00f3n, productos y servicios.<\/li>\n<li>Mostrar el anuncio en la posici\u00f3n de tu elecci\u00f3n antes de que otra persona lo haga.<\/li>\n<\/ul>\n<p>[\/vc_column_text][vc_column_text]<\/p>\n<h2>Bienvenido a Expoflamenco Publicidad<\/h2>\n<p>&nbsp;<\/p>\n<p>ExpoFlamenco ofrece a nuestros clientes opciones de publicidad innovadoras y diversas que llegan a los consumidores de Flamenco a trav\u00e9s del poder de Internet.&nbsp;ExpoFlamenco tiene una amplia gama de ofertas que brindan la oportunidad a nuestros anunciantes locales e internacionales de dirigirse efectivamente al p\u00fablico Flamenco.<\/p>\n<p>Como referente mundial en la comunidad flamenca, ExpoFlamenco.com llega a m\u00e1s personas que cualquier otra organizaci\u00f3n comunitaria de flamenco en l\u00ednea.&nbsp;Imagina lo que podemos hacer por ti o tu escuela, organizaci\u00f3n o empresa.&nbsp;Nuestra audiencia est\u00e1 formada por amantes del flamenco, estudiantes, profesionales, aficionados y simpatizantes de todo el mundo.&nbsp;ExpoFlamenco.com trabaja con ellos mediante el desarrollo de proyectos atractivos, innovadores y ricos, y de retribuci\u00f3n a la comunidad.&nbsp;<em><strong>Expoflamenco reinvierte todas las ganancias sobre sus costos para promover el flamenco en todas partes.<\/strong><\/em>&nbsp;As\u00ed que al anunciar, reclamar tu p\u00e1gina de directorio de Expoflamenco, patrocinar o participar en uno de nuestros servicios est\u00e1s ayudando a apoyar la expansi\u00f3n y el amor del arte y la cultura flamenca en todo el mundo.<\/p>\n<p>El sitio web, los boletines informativos y los medios de ExpoFlamenco.com est\u00e1n traducidos profesionalmente. Est\u00e1n disponibles en espa\u00f1ol e ingl\u00e9s y se traducen a m\u00e1quina en m\u00e1s de 100 idiomas.&nbsp;Nuestra \u00e1rea de miembros de flamenco y nuestro directorio mundial de flamenco tambi\u00e9n se pueden ver en m\u00e1s de 105 idiomas por millones de amantes del flamenco en todo el mundo.&nbsp;ExpoFlamenco se ha convertido en una fuente principal de informaci\u00f3n para la comunidad internacional de flamenco.&nbsp;ExpoFlamenco planea continuar ampliando sus traducciones profesionales a otros idiomas principales como japon\u00e9s, franc\u00e9s, alem\u00e1n y ruso.&nbsp;ExpoFlamenco tambi\u00e9n planea ofrecer servicios adicionales en el futuro cercano, como transmisi\u00f3n de video, audio y cobertura de eventos en vivo.<\/p>\n<p>ExpoFlamenco.com es administrado por <strong>Dove Innovation and Management Group Inc<\/strong>. Ponte en contacto con nuestro equipo de ventas para obtener oportunidades de publicidad, patrocinio y afiliaci\u00f3n.<\/p>\n<p>Tus clientes tienen sus artistas y \u00e1reas favoritos de flamenco. La red de la comunidad flamenca de ExpoFlamenco.com te ayudar\u00e1 a llegar a todos ellos.&nbsp;Desde los mejores artistas hasta los estudiantes o amantes de la m\u00fasica flamenca, te ayudaremos a ti o a tu empresa u organizaci\u00f3n a destacarse.&nbsp;Con cientos de art\u00edculos, entrevistas y v\u00eddeos flamencos que atraen al p\u00fablico y a miles de visitantes todos los meses, se ver\u00e1 y obtendr\u00e1 la atenci\u00f3n que merece.&nbsp;Nuestro equipo de publicidad gr\u00e1fica est\u00e1 a tu disposici\u00f3n para ayudarlo a obtener la mejor publicidad al menor precio.[\/vc_column_text]<div class=\"edgtf-section-title clearfix\">\n    <div class=\"edgtf-st-inner\">\n        <div class=\"edgtf-st-title-inner\">\n                    <h6 class=\"edgtf-st-title\">Publicidad Display<\/h6>\n                <\/div>\n        <div class=\"edgtf-st-link-inner\">\n                                <a class=\"edgtf-st-link\"  href=\"\/contacto\" target=\"_self\">\n                        Contratar                    <\/a>\n                    <\/div>\n    <\/div>\n<\/div>[vc_empty_space height=\u00bb50px\u00bb][\/vc_column][\/vc_row][vc_row content_width=\u00bbgrid\u00bb css=\u00bb.vc_custom_1548272622205{padding-top: 50px !important;}\u00bb][vc_column]<div class=\"edgtf-section-title clearfix\">\n    <div class=\"edgtf-st-inner\">\n        <div class=\"edgtf-st-title-inner\">\n                    <h6 class=\"edgtf-st-title\">P\u00e1gina de directorio<\/h6>\n                <\/div>\n        <div class=\"edgtf-st-link-inner\">\n                                <a class=\"edgtf-st-link\"  href=\"https:\/\/es.direxpoflamenco.com\/about\" target=\"_self\">\n                        Ir al directorio                    <\/a>\n                    <\/div>\n    <\/div>\n<\/div>[vc_column_text]<\/p>\n<ul>\n<li>Reclama tu propia p\u00e1gina de directorio de flamenco en todo el mundo.<\/li>\n<li>Promociona tus eventos, m\u00fasica y productos o servicios a miles de fan\u00e1ticos del flamenco.<\/li>\n<li>Obtenga un 50% de descuento en anuncios gr\u00e1ficos en ExpoFlamenco.com<\/li>\n<li>Promueve&nbsp;el flamenco en tu \u00e1rea y en todo el mundo.<\/li>\n<\/ul>\n<p>[\/vc_column_text][\/vc_column][\/vc_row][vc_row content_width=\u00bbgrid\u00bb css=\u00bb.vc_custom_1548272622205{padding-top: 50px !important;}\u00bb][vc_column width=\u00bb1\/2&#8243;]<div class=\"edgtf-section-title clearfix\">\n    <div class=\"edgtf-st-inner\">\n        <div class=\"edgtf-st-title-inner\">\n                    <h6 class=\"edgtf-st-title\">Publica tus eventos<\/h6>\n                <\/div>\n        <div class=\"edgtf-st-link-inner\">\n                                <a class=\"edgtf-st-link\"  href=\"\/contacto\" target=\"_self\">\n                        Solicitar                    <\/a>\n                    <\/div>\n    <\/div>\n<\/div>[vc_column_text]Promociona tus noticias y eventos flamencos locales para tu \u00e1rea local en nuestra \u00e1rea de miembros o haznos saber de festivales m\u00e1s grandes y show para publicar en el sitio web principal de Expoflamenco. No hay cargos adicionales por este servicio.[\/vc_column_text][\/vc_column][vc_column width=\u00bb1\/2&#8243;]<div class=\"edgtf-section-title clearfix\">\n    <div class=\"edgtf-st-inner\">\n        <div class=\"edgtf-st-title-inner\">\n                    <h6 class=\"edgtf-st-title\">\u00bfNecesitas una tienda online o web?<\/h6>\n                <\/div>\n        <div class=\"edgtf-st-link-inner\">\n                                <a class=\"edgtf-st-link\"  href=\"\/contacto\" target=\"_self\">\n                        Solicitar                    <\/a>\n                    <\/div>\n    <\/div>\n<\/div>[vc_column_text]Si ya tienes una p\u00e1gina web para tus productos o servicios, puedes vincular f\u00e1cilmente tu p\u00e1gina de Directorio de Expoflamenco a tu sitio.<br \/>\nSi no tienes una p\u00e1gina web en l\u00ednea, podemos ayudarte a crear y alojar tu propio sitio web o tienda en l\u00ednea a excelentes precios de descuento de ExpoFlamenco.[\/vc_column_text][\/vc_column][\/vc_row]<\/p>\n<\/div>","protected":false},"excerpt":{"rendered":"<p>[vc_row content_aligment=\u00bbcenter\u00bb css=\u00bb.vc_custom_1549192107087{background-image: url(https:\/\/www.expoflamenco.com\/archivo\/wp-content\/uploads\/2018\/08\/jz_20180812_ano-de-transicion-en-el-cante-de-las-minas.jpg?id=6408) !important;}\u00bb][vc_column][vc_empty_space height=\u00bb100px\u00bb][vc_column_text] Contrata publicidad con [&hellip;]<\/p>\n","protected":false},"author":4,"featured_media":0,"parent":0,"menu_order":0,"comment_status":"closed","ping_status":"closed","template":"full-width.php","meta":{"ngg_post_thumbnail":0,"footnotes":""},"class_list":["post-6905","page","type-page","status-publish","hentry"],"yoast_head":"<!-- This site is optimized with the Yoast SEO plugin v26.7 - https:\/\/yoast.com\/wordpress\/plugins\/seo\/ -->\n<title>Contratar publicidad - Archivo Expoflamenco<\/title>\n<meta name=\"robots\" content=\"index, follow, max-snippet:-1, max-image-preview:large, max-video-preview:-1\" \/>\n<link rel=\"canonical\" href=\"https:\/\/expoflamenco.com\/archivo\/promocionarte\/\" \/>\n<meta property=\"og:locale\" content=\"es_ES\" \/>\n<meta property=\"og:type\" content=\"article\" \/>\n<meta property=\"og:title\" content=\"Contratar publicidad - Archivo Expoflamenco\" \/>\n<meta property=\"og:description\" content=\"[vc_row content_aligment=\u00bbcenter\u00bb css=\u00bb.vc_custom_1549192107087{background-image: url(https:\/\/www.expoflamenco.com\/archivo\/wp-content\/uploads\/2018\/08\/jz_20180812_ano-de-transicion-en-el-cante-de-las-minas.jpg?id=6408) !important;}\u00bb][vc_column][vc_empty_space height=\u00bb100px\u00bb][vc_column_text] Contrata publicidad con [&hellip;]\" \/>\n<meta property=\"og:url\" content=\"https:\/\/expoflamenco.com\/archivo\/promocionarte\/\" \/>\n<meta property=\"og:site_name\" content=\"Archivo Expoflamenco\" \/>\n<meta property=\"article:publisher\" content=\"https:\/\/www.facebook.com\/ExpoFlamenco\" \/>\n<meta property=\"article:modified_time\" content=\"2023-06-14T19:58:53+00:00\" \/>\n<meta property=\"og:image\" content=\"https:\/\/www.expoflamenco.com\/archivo\/wp-content\/uploads\/2023\/06\/ExpoFlamenco-Logo-2022-2-300x149.png\" \/>\n<meta name=\"twitter:card\" content=\"summary_large_image\" \/>\n<meta name=\"twitter:site\" content=\"@expoflamenco1\" \/>\n<meta name=\"twitter:label1\" content=\"Tiempo de lectura\" \/>\n\t<meta name=\"twitter:data1\" content=\"4 minutos\" \/>\n<script type=\"application\/ld+json\" class=\"yoast-schema-graph\">{\"@context\":\"https:\/\/schema.org\",\"@graph\":[{\"@type\":\"WebPage\",\"@id\":\"https:\/\/expoflamenco.com\/archivo\/promocionarte\/\",\"url\":\"https:\/\/expoflamenco.com\/archivo\/promocionarte\/\",\"name\":\"Contratar publicidad - Archivo Expoflamenco\",\"isPartOf\":{\"@id\":\"https:\/\/expoflamenco.com\/archivo\/#website\"},\"primaryImageOfPage\":{\"@id\":\"https:\/\/expoflamenco.com\/archivo\/promocionarte\/#primaryimage\"},\"image\":{\"@id\":\"https:\/\/expoflamenco.com\/archivo\/promocionarte\/#primaryimage\"},\"thumbnailUrl\":\"https:\/\/www.expoflamenco.com\/archivo\/wp-content\/uploads\/2023\/06\/ExpoFlamenco-Logo-2022-2-300x149.png\",\"datePublished\":\"2019-02-03T11:06:03+00:00\",\"dateModified\":\"2023-06-14T19:58:53+00:00\",\"breadcrumb\":{\"@id\":\"https:\/\/expoflamenco.com\/archivo\/promocionarte\/#breadcrumb\"},\"inLanguage\":\"es\",\"potentialAction\":[{\"@type\":\"ReadAction\",\"target\":[\"https:\/\/expoflamenco.com\/archivo\/promocionarte\/\"]}]},{\"@type\":\"ImageObject\",\"inLanguage\":\"es\",\"@id\":\"https:\/\/expoflamenco.com\/archivo\/promocionarte\/#primaryimage\",\"url\":\"https:\/\/www.expoflamenco.com\/archivo\/wp-content\/uploads\/2023\/06\/ExpoFlamenco-Logo-2022-2-300x149.png\",\"contentUrl\":\"https:\/\/www.expoflamenco.com\/archivo\/wp-content\/uploads\/2023\/06\/ExpoFlamenco-Logo-2022-2-300x149.png\"},{\"@type\":\"BreadcrumbList\",\"@id\":\"https:\/\/expoflamenco.com\/archivo\/promocionarte\/#breadcrumb\",\"itemListElement\":[{\"@type\":\"ListItem\",\"position\":1,\"name\":\"Inicio\",\"item\":\"https:\/\/expoflamenco.com\/archivo\/\"},{\"@type\":\"ListItem\",\"position\":2,\"name\":\"Contratar publicidad\"}]},{\"@type\":\"WebSite\",\"@id\":\"https:\/\/expoflamenco.com\/archivo\/#website\",\"url\":\"https:\/\/expoflamenco.com\/archivo\/\",\"name\":\"Archivo Expoflamenco\",\"description\":\"Portal de arte flamenco: noticias, entrevistas, blogs, cr\u00edticas, investigaci\u00f3n\",\"publisher\":{\"@id\":\"https:\/\/expoflamenco.com\/archivo\/#organization\"},\"potentialAction\":[{\"@type\":\"SearchAction\",\"target\":{\"@type\":\"EntryPoint\",\"urlTemplate\":\"https:\/\/expoflamenco.com\/archivo\/?s={search_term_string}\"},\"query-input\":{\"@type\":\"PropertyValueSpecification\",\"valueRequired\":true,\"valueName\":\"search_term_string\"}}],\"inLanguage\":\"es\"},{\"@type\":\"Organization\",\"@id\":\"https:\/\/expoflamenco.com\/archivo\/#organization\",\"name\":\"Expoflamenco\",\"url\":\"https:\/\/expoflamenco.com\/archivo\/\",\"logo\":{\"@type\":\"ImageObject\",\"inLanguage\":\"es\",\"@id\":\"https:\/\/expoflamenco.com\/archivo\/#\/schema\/logo\/image\/\",\"url\":\"https:\/\/www.expoflamenco.com\/archivo\/wp-content\/uploads\/2022\/11\/banner-cabecera-mobile.jpg\",\"contentUrl\":\"https:\/\/www.expoflamenco.com\/archivo\/wp-content\/uploads\/2022\/11\/banner-cabecera-mobile.jpg\",\"width\":299,\"height\":75,\"caption\":\"Expoflamenco\"},\"image\":{\"@id\":\"https:\/\/expoflamenco.com\/archivo\/#\/schema\/logo\/image\/\"},\"sameAs\":[\"https:\/\/www.facebook.com\/ExpoFlamenco\",\"https:\/\/x.com\/expoflamenco1\",\"https:\/\/www.instagram.com\/expoflamenco\/\",\"https:\/\/www.youtube.com\/expoflamenco\"]}]}<\/script>\n<!-- \/ Yoast SEO plugin. -->","yoast_head_json":{"title":"Contratar publicidad - Archivo Expoflamenco","robots":{"index":"index","follow":"follow","max-snippet":"max-snippet:-1","max-image-preview":"max-image-preview:large","max-video-preview":"max-video-preview:-1"},"canonical":"https:\/\/expoflamenco.com\/archivo\/promocionarte\/","og_locale":"es_ES","og_type":"article","og_title":"Contratar publicidad - Archivo Expoflamenco","og_description":"[vc_row content_aligment=\u00bbcenter\u00bb css=\u00bb.vc_custom_1549192107087{background-image: url(https:\/\/www.expoflamenco.com\/archivo\/wp-content\/uploads\/2018\/08\/jz_20180812_ano-de-transicion-en-el-cante-de-las-minas.jpg?id=6408) !important;}\u00bb][vc_column][vc_empty_space height=\u00bb100px\u00bb][vc_column_text] Contrata publicidad con [&hellip;]","og_url":"https:\/\/expoflamenco.com\/archivo\/promocionarte\/","og_site_name":"Archivo Expoflamenco","article_publisher":"https:\/\/www.facebook.com\/ExpoFlamenco","article_modified_time":"2023-06-14T19:58:53+00:00","og_image":[{"url":"https:\/\/www.expoflamenco.com\/archivo\/wp-content\/uploads\/2023\/06\/ExpoFlamenco-Logo-2022-2-300x149.png","type":"","width":"","height":""}],"twitter_card":"summary_large_image","twitter_site":"@expoflamenco1","twitter_misc":{"Tiempo de lectura":"4 minutos"},"schema":{"@context":"https:\/\/schema.org","@graph":[{"@type":"WebPage","@id":"https:\/\/expoflamenco.com\/archivo\/promocionarte\/","url":"https:\/\/expoflamenco.com\/archivo\/promocionarte\/","name":"Contratar publicidad - Archivo Expoflamenco","isPartOf":{"@id":"https:\/\/expoflamenco.com\/archivo\/#website"},"primaryImageOfPage":{"@id":"https:\/\/expoflamenco.com\/archivo\/promocionarte\/#primaryimage"},"image":{"@id":"https:\/\/expoflamenco.com\/archivo\/promocionarte\/#primaryimage"},"thumbnailUrl":"https:\/\/www.expoflamenco.com\/archivo\/wp-content\/uploads\/2023\/06\/ExpoFlamenco-Logo-2022-2-300x149.png","datePublished":"2019-02-03T11:06:03+00:00","dateModified":"2023-06-14T19:58:53+00:00","breadcrumb":{"@id":"https:\/\/expoflamenco.com\/archivo\/promocionarte\/#breadcrumb"},"inLanguage":"es","potentialAction":[{"@type":"ReadAction","target":["https:\/\/expoflamenco.com\/archivo\/promocionarte\/"]}]},{"@type":"ImageObject","inLanguage":"es","@id":"https:\/\/expoflamenco.com\/archivo\/promocionarte\/#primaryimage","url":"https:\/\/www.expoflamenco.com\/archivo\/wp-content\/uploads\/2023\/06\/ExpoFlamenco-Logo-2022-2-300x149.png","contentUrl":"https:\/\/www.expoflamenco.com\/archivo\/wp-content\/uploads\/2023\/06\/ExpoFlamenco-Logo-2022-2-300x149.png"},{"@type":"BreadcrumbList","@id":"https:\/\/expoflamenco.com\/archivo\/promocionarte\/#breadcrumb","itemListElement":[{"@type":"ListItem","position":1,"name":"Inicio","item":"https:\/\/expoflamenco.com\/archivo\/"},{"@type":"ListItem","position":2,"name":"Contratar publicidad"}]},{"@type":"WebSite","@id":"https:\/\/expoflamenco.com\/archivo\/#website","url":"https:\/\/expoflamenco.com\/archivo\/","name":"Archivo Expoflamenco","description":"Portal de arte flamenco: noticias, entrevistas, blogs, cr\u00edticas, investigaci\u00f3n","publisher":{"@id":"https:\/\/expoflamenco.com\/archivo\/#organization"},"potentialAction":[{"@type":"SearchAction","target":{"@type":"EntryPoint","urlTemplate":"https:\/\/expoflamenco.com\/archivo\/?s={search_term_string}"},"query-input":{"@type":"PropertyValueSpecification","valueRequired":true,"valueName":"search_term_string"}}],"inLanguage":"es"},{"@type":"Organization","@id":"https:\/\/expoflamenco.com\/archivo\/#organization","name":"Expoflamenco","url":"https:\/\/expoflamenco.com\/archivo\/","logo":{"@type":"ImageObject","inLanguage":"es","@id":"https:\/\/expoflamenco.com\/archivo\/#\/schema\/logo\/image\/","url":"https:\/\/www.expoflamenco.com\/archivo\/wp-content\/uploads\/2022\/11\/banner-cabecera-mobile.jpg","contentUrl":"https:\/\/www.expoflamenco.com\/archivo\/wp-content\/uploads\/2022\/11\/banner-cabecera-mobile.jpg","width":299,"height":75,"caption":"Expoflamenco"},"image":{"@id":"https:\/\/expoflamenco.com\/archivo\/#\/schema\/logo\/image\/"},"sameAs":["https:\/\/www.facebook.com\/ExpoFlamenco","https:\/\/x.com\/expoflamenco1","https:\/\/www.instagram.com\/expoflamenco\/","https:\/\/www.youtube.com\/expoflamenco"]}]}},"_links":{"self":[{"href":"https:\/\/expoflamenco.com\/archivo\/wp-json\/wp\/v2\/pages\/6905","targetHints":{"allow":["GET"]}}],"collection":[{"href":"https:\/\/expoflamenco.com\/archivo\/wp-json\/wp\/v2\/pages"}],"about":[{"href":"https:\/\/expoflamenco.com\/archivo\/wp-json\/wp\/v2\/types\/page"}],"author":[{"embeddable":true,"href":"https:\/\/expoflamenco.com\/archivo\/wp-json\/wp\/v2\/users\/4"}],"replies":[{"embeddable":true,"href":"https:\/\/expoflamenco.com\/archivo\/wp-json\/wp\/v2\/comments?post=6905"}],"version-history":[{"count":21,"href":"https:\/\/expoflamenco.com\/archivo\/wp-json\/wp\/v2\/pages\/6905\/revisions"}],"predecessor-version":[{"id":42411,"href":"https:\/\/expoflamenco.com\/archivo\/wp-json\/wp\/v2\/pages\/6905\/revisions\/42411"}],"wp:attachment":[{"href":"https:\/\/expoflamenco.com\/archivo\/wp-json\/wp\/v2\/media?parent=6905"}],"curies":[{"name":"wp","href":"https:\/\/api.w.org\/{rel}","templated":true}]}}