{"id":4874,"date":"2019-01-24T20:19:05","date_gmt":"2019-01-24T20:19:05","guid":{"rendered":"https:\/\/www.expoflamenco.com\/archivo\/?page_id=4874"},"modified":"2019-02-25T15:39:42","modified_gmt":"2019-02-25T14:39:42","slug":"terminos-y-condiciones-de-uso","status":"publish","type":"page","link":"https:\/\/expoflamenco.com\/archivo\/terminos-y-condiciones-de-uso\/","title":{"rendered":"T\u00e9rminos y Condiciones de Uso"},"content":{"rendered":"<h2>T\u00e9rminos y Condiciones de Uso<\/h2>\n<p>Cualquier uso de un sitio web o p\u00e1gina web o sus contenidos, o ambos (colectivamente: \u00abSitio web\u00bb) alojado por Dove Innovation and Management Group Inc. est\u00e1 sujeto a los siguientes t\u00e9rminos y condiciones.<\/p>\n<p>El uso de un sitio web alojado por Dove Innovation and Management Group Inc. es evidencia concluyente de que el usuario ha le\u00eddo, entendido y aceptado los siguientes t\u00e9rminos y condiciones.<\/p>\n<p>Si no desea aceptar los siguientes t\u00e9rminos y condiciones, no use un sitio web alojado por Dove Innovation and Management Group Inc.<\/p>\n<p>Cada usuario de un sitio web acepta expresamente todos los riesgos y consecuencias, ya sean directos o indirectos, conocidos o desconocidos, asociados o derivados de dicho uso.<\/p>\n<p>Cada usuario de un sitio web acepta expresamente que Dove Innovation and Management Group Inc. no es responsable y niega expresamente cualquier responsabilidad, ya sea expresa o impl\u00edcita, por la exactitud, adecuaci\u00f3n o integridad del sitio web o por las consecuencias, ya sean directas o indirectas. o indirecta, conocida o desconocida, de usar el sitio web o cualquier enlace desde el sitio web a otro sitio web o sus contenidos.<\/p>\n<p>Cada usuario de un sitio web acepta expresamente que Dove Innovation and Management Group Inc. no asume ninguna responsabilidad por el funcionamiento ininterrumpido o sin errores del sitio web ni garantiza ni garantiza que el sitio web est\u00e9 libre de virus u otros componentes da\u00f1inos.<\/p>\n<p>Cada usuario de un sitio web acepta expresamente que Dove Innovation and Management Group Inc. no es responsable, directa o indirectamente, de ninguna persona o cosa, incluidas, entre otras, cualquier corporaci\u00f3n, asociaci\u00f3n o sindicato por da\u00f1os y perjuicios (incluidos, entre otros, los siguientes: da\u00f1os directos, indirectos, incidentales, especiales, consecuentes, ejemplares o punitivos) que surjan de o en relaci\u00f3n con el uso, mal uso o imposibilidad de usar el sitio web.<\/p>\n<p>Cada usuario de un sitio web acepta expresamente que el sitio web no es supervisado, ni censurado, ni moderado, ni aprobado por Dove Innovation and Management Group Inc. Cada uno de estos usuarios acepta expresamente que el sitio web puede incluir enlaces a otros sitios web tales como como grupos de debate y p\u00e1ginas de inicio, que pueden contener o dirigir al usuario a contenidos que incluyen las opiniones personales y otras formas de autoexpresi\u00f3n de terceros sobre una amplia gama de temas, incluidos temas controvertidos y delicados. Cada uno de esos usuarios acepta expresamente que Dove Innovation and Management Group Inc. no respalda ni hace ninguna representaci\u00f3n a los usuarios del Sitio web sobre dichos contenidos. Sin embargo, se advierte expresamente a cada usuario que dichos contenidos pueden ofender a algunos usuarios del Sitio web. Cada usuario que sienta que se ofende por dichos contenidos debe dejar de utilizar el Sitio web inmediatamente.<\/p>\n<p>Cada usuario de un sitio web reconoce expresamente que los puntos de vista y las opiniones expresadas en este sitio web son exclusivas de los autores originales y otros colaboradores. Estos puntos de vista y opiniones no representan necesariamente los del personal de Dove Innovation and Management Group Inc., y \/ o cualquiera \/ todos los contribuyentes a este sitio.<\/p>\n<p>Cada usuario de un sitio web reconoce expresamente que es consciente de que el sitio web es un medio inherentemente p\u00fablico. Cada uno de estos usuarios acepta expresamente que Dove Innovation and Management Group Inc. no puede garantizar la privacidad a los usuarios del sitio web.<\/p>\n<p>Cada usuario de un sitio web acuerda expresamente que cualquier disputa, reclamo, reclamo o acci\u00f3n que \u00e9l \/ ella \/ \u00e9l \/ ella decida adelantar que surja de su uso del sitio web ser\u00e1 decidido por los Tribunales y otros Tribunales establecidos bajo y aplicando las leyes de Columbia Brit\u00e1nica excluyendo la ley relacionada con la elecci\u00f3n de la ley y forum conveniens. Cada uno de los usuarios acepta adem\u00e1s que se ha sometido a la jurisdicci\u00f3n de los Tribunales y otros Tribunales de Columbia Brit\u00e1nica con el fin de resolver cualquier disputa, reclamo, reclamo o acci\u00f3n.<\/p>\n<p><a href=\"\/politica-de-privacidad\">Politica de Privacidad<\/a><\/p>\n","protected":false},"excerpt":{"rendered":"<p>T\u00e9rminos y Condiciones de Uso Cualquier uso de un [&hellip;]<\/p>\n","protected":false},"author":4,"featured_media":0,"parent":0,"menu_order":0,"comment_status":"closed","ping_status":"open","template":"","meta":{"ngg_post_thumbnail":0,"footnotes":""},"class_list":["post-4874","page","type-page","status-publish","hentry"],"yoast_head":"<!-- This site is optimized with the Yoast SEO plugin v26.7 - https:\/\/yoast.com\/wordpress\/plugins\/seo\/ -->\n<title>T\u00e9rminos y Condiciones de Uso - Archivo Expoflamenco<\/title>\n<meta name=\"robots\" content=\"index, follow, max-snippet:-1, max-image-preview:large, max-video-preview:-1\" \/>\n<link rel=\"canonical\" href=\"https:\/\/expoflamenco.com\/archivo\/terminos-y-condiciones-de-uso\/\" \/>\n<meta property=\"og:locale\" content=\"es_ES\" \/>\n<meta property=\"og:type\" content=\"article\" \/>\n<meta property=\"og:title\" content=\"T\u00e9rminos y Condiciones de Uso - Archivo Expoflamenco\" \/>\n<meta property=\"og:description\" content=\"T\u00e9rminos y Condiciones de Uso Cualquier uso de un [&hellip;]\" \/>\n<meta property=\"og:url\" content=\"https:\/\/expoflamenco.com\/archivo\/terminos-y-condiciones-de-uso\/\" \/>\n<meta property=\"og:site_name\" content=\"Archivo Expoflamenco\" \/>\n<meta property=\"article:publisher\" content=\"https:\/\/www.facebook.com\/ExpoFlamenco\" \/>\n<meta property=\"article:modified_time\" content=\"2019-02-25T14:39:42+00:00\" \/>\n<meta property=\"og:image\" content=\"https:\/\/expoflamenco.com\/archivo\/wp-content\/uploads\/2023\/01\/Expo932x466.png\" \/>\n\t<meta property=\"og:image:width\" content=\"932\" \/>\n\t<meta property=\"og:image:height\" content=\"466\" \/>\n\t<meta property=\"og:image:type\" content=\"image\/png\" \/>\n<meta name=\"twitter:card\" content=\"summary_large_image\" \/>\n<meta name=\"twitter:site\" content=\"@expoflamenco1\" \/>\n<meta name=\"twitter:label1\" content=\"Tiempo de lectura\" \/>\n\t<meta name=\"twitter:data1\" content=\"3 minutos\" \/>\n<script type=\"application\/ld+json\" class=\"yoast-schema-graph\">{\"@context\":\"https:\/\/schema.org\",\"@graph\":[{\"@type\":\"WebPage\",\"@id\":\"https:\/\/expoflamenco.com\/archivo\/terminos-y-condiciones-de-uso\/\",\"url\":\"https:\/\/expoflamenco.com\/archivo\/terminos-y-condiciones-de-uso\/\",\"name\":\"T\u00e9rminos y Condiciones de Uso - Archivo Expoflamenco\",\"isPartOf\":{\"@id\":\"https:\/\/expoflamenco.com\/archivo\/#website\"},\"datePublished\":\"2019-01-24T20:19:05+00:00\",\"dateModified\":\"2019-02-25T14:39:42+00:00\",\"breadcrumb\":{\"@id\":\"https:\/\/expoflamenco.com\/archivo\/terminos-y-condiciones-de-uso\/#breadcrumb\"},\"inLanguage\":\"es\",\"potentialAction\":[{\"@type\":\"ReadAction\",\"target\":[\"https:\/\/expoflamenco.com\/archivo\/terminos-y-condiciones-de-uso\/\"]}]},{\"@type\":\"BreadcrumbList\",\"@id\":\"https:\/\/expoflamenco.com\/archivo\/terminos-y-condiciones-de-uso\/#breadcrumb\",\"itemListElement\":[{\"@type\":\"ListItem\",\"position\":1,\"name\":\"Inicio\",\"item\":\"https:\/\/expoflamenco.com\/archivo\/\"},{\"@type\":\"ListItem\",\"position\":2,\"name\":\"T\u00e9rminos y Condiciones de Uso\"}]},{\"@type\":\"WebSite\",\"@id\":\"https:\/\/expoflamenco.com\/archivo\/#website\",\"url\":\"https:\/\/expoflamenco.com\/archivo\/\",\"name\":\"Archivo Expoflamenco\",\"description\":\"Portal de arte flamenco: noticias, entrevistas, blogs, cr\u00edticas, investigaci\u00f3n\",\"publisher\":{\"@id\":\"https:\/\/expoflamenco.com\/archivo\/#organization\"},\"potentialAction\":[{\"@type\":\"SearchAction\",\"target\":{\"@type\":\"EntryPoint\",\"urlTemplate\":\"https:\/\/expoflamenco.com\/archivo\/?s={search_term_string}\"},\"query-input\":{\"@type\":\"PropertyValueSpecification\",\"valueRequired\":true,\"valueName\":\"search_term_string\"}}],\"inLanguage\":\"es\"},{\"@type\":\"Organization\",\"@id\":\"https:\/\/expoflamenco.com\/archivo\/#organization\",\"name\":\"Expoflamenco\",\"url\":\"https:\/\/expoflamenco.com\/archivo\/\",\"logo\":{\"@type\":\"ImageObject\",\"inLanguage\":\"es\",\"@id\":\"https:\/\/expoflamenco.com\/archivo\/#\/schema\/logo\/image\/\",\"url\":\"https:\/\/www.expoflamenco.com\/archivo\/wp-content\/uploads\/2022\/11\/banner-cabecera-mobile.jpg\",\"contentUrl\":\"https:\/\/www.expoflamenco.com\/archivo\/wp-content\/uploads\/2022\/11\/banner-cabecera-mobile.jpg\",\"width\":299,\"height\":75,\"caption\":\"Expoflamenco\"},\"image\":{\"@id\":\"https:\/\/expoflamenco.com\/archivo\/#\/schema\/logo\/image\/\"},\"sameAs\":[\"https:\/\/www.facebook.com\/ExpoFlamenco\",\"https:\/\/x.com\/expoflamenco1\",\"https:\/\/www.instagram.com\/expoflamenco\/\",\"https:\/\/www.youtube.com\/expoflamenco\"]}]}<\/script>\n<!-- \/ Yoast SEO plugin. -->","yoast_head_json":{"title":"T\u00e9rminos y Condiciones de Uso - Archivo Expoflamenco","robots":{"index":"index","follow":"follow","max-snippet":"max-snippet:-1","max-image-preview":"max-image-preview:large","max-video-preview":"max-video-preview:-1"},"canonical":"https:\/\/expoflamenco.com\/archivo\/terminos-y-condiciones-de-uso\/","og_locale":"es_ES","og_type":"article","og_title":"T\u00e9rminos y Condiciones de Uso - Archivo Expoflamenco","og_description":"T\u00e9rminos y Condiciones de Uso Cualquier uso de un [&hellip;]","og_url":"https:\/\/expoflamenco.com\/archivo\/terminos-y-condiciones-de-uso\/","og_site_name":"Archivo Expoflamenco","article_publisher":"https:\/\/www.facebook.com\/ExpoFlamenco","article_modified_time":"2019-02-25T14:39:42+00:00","og_image":[{"width":932,"height":466,"url":"https:\/\/expoflamenco.com\/archivo\/wp-content\/uploads\/2023\/01\/Expo932x466.png","type":"image\/png"}],"twitter_card":"summary_large_image","twitter_site":"@expoflamenco1","twitter_misc":{"Tiempo de lectura":"3 minutos"},"schema":{"@context":"https:\/\/schema.org","@graph":[{"@type":"WebPage","@id":"https:\/\/expoflamenco.com\/archivo\/terminos-y-condiciones-de-uso\/","url":"https:\/\/expoflamenco.com\/archivo\/terminos-y-condiciones-de-uso\/","name":"T\u00e9rminos y Condiciones de Uso - Archivo Expoflamenco","isPartOf":{"@id":"https:\/\/expoflamenco.com\/archivo\/#website"},"datePublished":"2019-01-24T20:19:05+00:00","dateModified":"2019-02-25T14:39:42+00:00","breadcrumb":{"@id":"https:\/\/expoflamenco.com\/archivo\/terminos-y-condiciones-de-uso\/#breadcrumb"},"inLanguage":"es","potentialAction":[{"@type":"ReadAction","target":["https:\/\/expoflamenco.com\/archivo\/terminos-y-condiciones-de-uso\/"]}]},{"@type":"BreadcrumbList","@id":"https:\/\/expoflamenco.com\/archivo\/terminos-y-condiciones-de-uso\/#breadcrumb","itemListElement":[{"@type":"ListItem","position":1,"name":"Inicio","item":"https:\/\/expoflamenco.com\/archivo\/"},{"@type":"ListItem","position":2,"name":"T\u00e9rminos y Condiciones de Uso"}]},{"@type":"WebSite","@id":"https:\/\/expoflamenco.com\/archivo\/#website","url":"https:\/\/expoflamenco.com\/archivo\/","name":"Archivo Expoflamenco","description":"Portal de arte flamenco: noticias, entrevistas, blogs, cr\u00edticas, investigaci\u00f3n","publisher":{"@id":"https:\/\/expoflamenco.com\/archivo\/#organization"},"potentialAction":[{"@type":"SearchAction","target":{"@type":"EntryPoint","urlTemplate":"https:\/\/expoflamenco.com\/archivo\/?s={search_term_string}"},"query-input":{"@type":"PropertyValueSpecification","valueRequired":true,"valueName":"search_term_string"}}],"inLanguage":"es"},{"@type":"Organization","@id":"https:\/\/expoflamenco.com\/archivo\/#organization","name":"Expoflamenco","url":"https:\/\/expoflamenco.com\/archivo\/","logo":{"@type":"ImageObject","inLanguage":"es","@id":"https:\/\/expoflamenco.com\/archivo\/#\/schema\/logo\/image\/","url":"https:\/\/www.expoflamenco.com\/archivo\/wp-content\/uploads\/2022\/11\/banner-cabecera-mobile.jpg","contentUrl":"https:\/\/www.expoflamenco.com\/archivo\/wp-content\/uploads\/2022\/11\/banner-cabecera-mobile.jpg","width":299,"height":75,"caption":"Expoflamenco"},"image":{"@id":"https:\/\/expoflamenco.com\/archivo\/#\/schema\/logo\/image\/"},"sameAs":["https:\/\/www.facebook.com\/ExpoFlamenco","https:\/\/x.com\/expoflamenco1","https:\/\/www.instagram.com\/expoflamenco\/","https:\/\/www.youtube.com\/expoflamenco"]}]}},"_links":{"self":[{"href":"https:\/\/expoflamenco.com\/archivo\/wp-json\/wp\/v2\/pages\/4874","targetHints":{"allow":["GET"]}}],"collection":[{"href":"https:\/\/expoflamenco.com\/archivo\/wp-json\/wp\/v2\/pages"}],"about":[{"href":"https:\/\/expoflamenco.com\/archivo\/wp-json\/wp\/v2\/types\/page"}],"author":[{"embeddable":true,"href":"https:\/\/expoflamenco.com\/archivo\/wp-json\/wp\/v2\/users\/4"}],"replies":[{"embeddable":true,"href":"https:\/\/expoflamenco.com\/archivo\/wp-json\/wp\/v2\/comments?post=4874"}],"version-history":[{"count":2,"href":"https:\/\/expoflamenco.com\/archivo\/wp-json\/wp\/v2\/pages\/4874\/revisions"}],"predecessor-version":[{"id":4877,"href":"https:\/\/expoflamenco.com\/archivo\/wp-json\/wp\/v2\/pages\/4874\/revisions\/4877"}],"wp:attachment":[{"href":"https:\/\/expoflamenco.com\/archivo\/wp-json\/wp\/v2\/media?parent=4874"}],"curies":[{"name":"wp","href":"https:\/\/api.w.org\/{rel}","templated":true}]}}