{"id":3,"date":"2018-08-02T07:53:19","date_gmt":"2018-08-02T07:53:19","guid":{"rendered":"https:\/\/www.expoflamenco.com\/archivo\/?page_id=3"},"modified":"2023-07-29T12:24:02","modified_gmt":"2023-07-29T10:24:02","slug":"politica-de-privacidad","status":"publish","type":"page","link":"https:\/\/expoflamenco.com\/archivo\/politica-de-privacidad\/","title":{"rendered":"Pol\u00edtica de privacidad"},"content":{"rendered":"<div class=\"wpb-content-wrapper\"><p>[vc_row][vc_column][vc_column_text]<\/p>\n<h2>Pol\u00edtica de Privacidad<\/h2>\n<p>El Titular se compromete a cumplir con la normativa en materia de Protecci\u00f3n de Datos de car\u00e1cter personal y a respetar la privacidad de los Usuarios. El objetivo es ofrecer el mejor servicio al Usuario y para ello es necesario tratar sus datos personales.<\/p>\n<p>&nbsp;<br \/>\n<strong>1. Responsable del Tratamiento<\/strong><br \/>\nEXPOFLAMENCO S.L.<\/p>\n<p>NIF: B11941499<\/p>\n<p>Domicilio: C\/ Diego Fern\u00e1ndez Herrera s\/n. 11401. Jerez de la Frontera, C\u00e1diz<\/p>\n<p>Tel\u00e9fono: 956 10 47 74<\/p>\n<p>&nbsp;<br \/>\n<strong>2. Finalidades y legitimaci\u00f3n<\/strong><br \/>\n<u>Atenci\u00f3n de consultas<\/u>: Atender las consultas del Usuario que se ponga en contacto a trav\u00e9s de los Formularios o herramientas de comunicaci\u00f3n disponibles en el Sitio Web. La base leg\u00edtima del tratamiento es el consentimiento del Usuario, conforme al art. 6.1.a) del RGPD.<\/p>\n<p><u>Comentarios<\/u>: Gesti\u00f3n de comentarios realizados por el Usuario registrado a trav\u00e9s del Blog. La base leg\u00edtima del tratamiento es el consentimiento del Usuario, conforme al art. 6.1.a) del RGPD.<\/p>\n<p><u>Datos de navegaci\u00f3n<\/u>: Datos recogidos por las cookies propias o de terceros que puedan ser generadas por este Sitio Web habiendo sido informado el Usuario y acept\u00e1ndolas. La base leg\u00edtima del tratamiento es el consentimiento del Usuario, conforme al art. 6.1.a) del RGPD.<\/p>\n<p><u>Comunicaciones comerciales<\/u>: Para el Usuario que voluntariamente acepte esta opci\u00f3n, se les remitir\u00e1n promociones, publicidad, ofertas, noticias, invitaci\u00f3n a eventos y cualquier tipo de informaci\u00f3n comercial del Titular. La base leg\u00edtima del tratamiento es el consentimiento del Usuario, conforme al art. 6.1.a) del RGPD.<\/p>\n<p>En todo caso, el Usuario puede posteriormente en cualquier momento oponerse a la recepci\u00f3n de comunicaciones comerciales enviando email a shop@expoflamenco.com desde la misma cuenta en la que se reciban las comunicaciones.<\/p>\n<p>&nbsp;<br \/>\n<strong>3. Plazo de conservaci\u00f3n<\/strong><br \/>\nLos datos se conservar\u00e1n mientras se mantenga la relaci\u00f3n y no se solicite su supresi\u00f3n y en cualquier caso en cumplimiento de plazos legales de prescripci\u00f3n que le resulten de aplicaci\u00f3n.<\/p>\n<p>&nbsp;<br \/>\n<strong>4. Cesiones<\/strong><br \/>\nNo se tienen previstas cesiones de los datos recabados a trav\u00e9s de este Sitio Web a terceros, salvo que expresamente se indique, en su caso, en el texto informativo correspondiente.<\/p>\n<p>En relaci\u00f3n a la gesti\u00f3n de los servicios, los datos de los Usuarios podr\u00e1n ser tratados por empresas que presten al Titular diversos servicios, entre otros, de env\u00edo, mensajer\u00eda, contabilidad, asesor\u00eda, mantenimiento inform\u00e1tico, o cualquier otro que por su condici\u00f3n de Encargada del Tratamiento sea indispensable o inevitable que accedan o traten estos datos. Este tratamiento no ser\u00e1 considerado en ning\u00fan caso una cesi\u00f3n de datos.<\/p>\n<p>Al Usuario se le informa y aceptando esta Pol\u00edtica de Privacidad consiente de forma expresa que sus datos puedan ser transferidos a Shopify Inc., con sede en Ottawa (Canad\u00e1), plataforma utilizada para la gesti\u00f3n de esta tienda online.<\/p>\n<p>El Titular no se hace responsable de la utilizaci\u00f3n de los datos que realice esta empresa o de las cesiones de datos que pueda realizar a terceros.<\/p>\n<p>&nbsp;<br \/>\n<strong>5. Derechos de los interesados<\/strong><br \/>\nLos Usuarios pueden ejercitar sus derechos de acceso, rectificaci\u00f3n, supresi\u00f3n, portabilidad y la limitaci\u00f3n u oposici\u00f3n enviando solicitud firmada por correo postal con asunto \u201cProtecci\u00f3n de Datos\u201d, a la direcci\u00f3n: C\/ Diego Fern\u00e1ndez Herrera s\/n. 11401. Jerez de la Frontera, C\u00e1diz, indicando claramente los datos de contacto y remitiendo copia de su documento de identidad o enviando solicitud por email con asunto \u201cEjercicio de Derechos\u201d, a shop@expoflamenco.com, desde la misma cuenta de email que facilit\u00f3. Los Usuarios tienen derecho a retirar el consentimiento prestado y tienen derecho a reclamar ante la Autoridad de Control (Agencia Espa\u00f1ola de Protecci\u00f3n de Datos www.aepd.es).<\/p>\n<p>&nbsp;<br \/>\n<strong>6. Campos de texto libre<\/strong><br \/>\nLos campos de texto libre que, a disposici\u00f3n del Usuario, puedan aparecer en los formularios del Sitio Web tienen como \u00fanica y exclusiva finalidad el recabar informaci\u00f3n para mejorar la calidad de los Servicios.<\/p>\n<p>El Usuario no incluir\u00e1, en aquellos espacios que el Sitio Web pueda ofertar como \u00abcampos de texto libre\u00bb, ning\u00fan dato de car\u00e1cter personal que pueda ser calificado dentro de aquellos datos para los que se exige un nivel de protecci\u00f3n especial, entendi\u00e9ndose como tales datos, a t\u00edtulo enunciativo y no limitativo, los relativos a situaci\u00f3n econ\u00f3mico-financiera, perfiles psicol\u00f3gicos, ideolog\u00eda, religi\u00f3n, creencias, afiliaci\u00f3n sindical, salud, origen racial y\/o vida sexual.<\/p>\n<p>&nbsp;<br \/>\n<strong>7. Campos no obligatorios<\/strong><br \/>\nEl Titular comunica al Usuario el car\u00e1cter no obligatorio de la recogida de algunos datos, salvo en los campos que se indique lo contrario mediante un (*). No obstante, la no cumplimentaci\u00f3n de dichos datos podr\u00e1 impedir prestar todos aquellos Servicios vinculados a tales datos, liber\u00e1ndole de toda responsabilidad por la no prestaci\u00f3n o prestaci\u00f3n incompleta de estos Servicios.<\/p>\n<p>&nbsp;<br \/>\n<strong>8. Acceso y rectificaci\u00f3n de los datos personales<\/strong><br \/>\nEl Usuario se compromete a proporcionar informaci\u00f3n cierta en relaci\u00f3n con sus datos personales, y mantener los datos facilitados al Titular siempre actualizados. El Usuario responder\u00e1, en cualquier caso, de la veracidad de los datos facilitados, reserv\u00e1ndose el Titular el derecho de excluir de los servicios a todo Usuario que haya facilitado datos falsos, sin perjuicio de las dem\u00e1s acciones que procedan en Derecho. Los datos facilitados por el Usuario se presumir\u00e1n correctos, por lo que, en caso de env\u00edo err\u00f3neo de sus datos por parte del Usuario, el Titular, declina cualquier responsabilidad en caso de la incorrecta ejecuci\u00f3n o no ejecuci\u00f3n del env\u00edo, as\u00ed como el incorrecto cumplimiento de los tr\u00e1mites administrativos necesarios.<\/p>\n<p>&nbsp;<br \/>\n<strong>9. Confidencialidad<\/strong><br \/>\nAdem\u00e1s, tambi\u00e9n tendr\u00e1 la condici\u00f3n de confidencial la informaci\u00f3n de cualquier tipo que las partes intercambien entre s\u00ed, aquella que \u00e9stas acuerden que tiene tal naturaleza, o la que simplemente verse sobre el contenido de dicha informaci\u00f3n. La visualizaci\u00f3n de datos a trav\u00e9s de Internet, no supondr\u00e1 el acceso directo a los mismos, salvo consentimiento expreso de su titular para cada ocasi\u00f3n.<\/p>\n<p>&nbsp;<br \/>\n<strong>10. Fotograf\u00edas<\/strong><br \/>\nEn cumplimiento de lo establecido en la actual normativa de Protecci\u00f3n de Datos de Car\u00e1cter Personal se informa que las fotograf\u00edas en las que aparezcan personas tienen consideraci\u00f3n de dato de car\u00e1cter personal. Con esta comunicaci\u00f3n se informa que en este Sitio Web pueden aparecer fotograf\u00edas de personas con motivos de promoci\u00f3n y que voluntariamente han accedido a ello. Si en alg\u00fan caso, cualquier persona que aparezca en ellas desea que no se muestre alguna fotograf\u00eda, rogamos se pongan en contacto y se proceder\u00e1 a su retirada a la mayor brevedad posible. No ser\u00e1 v\u00e1lido para las personas que han prestado un servicio de forma profesional.[\/vc_column_text][\/vc_column][\/vc_row]<\/p>\n<\/div>","protected":false},"excerpt":{"rendered":"<p>[vc_row][vc_column][vc_column_text] Pol\u00edtica de Privacidad El Titular se compromete a [&hellip;]<\/p>\n","protected":false},"author":1,"featured_media":0,"parent":0,"menu_order":0,"comment_status":"closed","ping_status":"open","template":"","meta":{"ngg_post_thumbnail":0,"footnotes":""},"class_list":["post-3","page","type-page","status-publish","hentry"],"yoast_head":"<!-- This site is optimized with the Yoast SEO plugin v26.7 - https:\/\/yoast.com\/wordpress\/plugins\/seo\/ -->\n<title>Pol\u00edtica de privacidad - Archivo Expoflamenco<\/title>\n<meta name=\"robots\" content=\"index, follow, max-snippet:-1, max-image-preview:large, max-video-preview:-1\" \/>\n<link rel=\"canonical\" href=\"https:\/\/expoflamenco.com\/archivo\/politica-de-privacidad\/\" \/>\n<meta property=\"og:locale\" content=\"es_ES\" \/>\n<meta property=\"og:type\" content=\"article\" \/>\n<meta property=\"og:title\" content=\"Pol\u00edtica de privacidad - Archivo Expoflamenco\" \/>\n<meta property=\"og:description\" content=\"[vc_row][vc_column][vc_column_text] Pol\u00edtica de Privacidad El Titular se compromete a [&hellip;]\" \/>\n<meta property=\"og:url\" content=\"https:\/\/expoflamenco.com\/archivo\/politica-de-privacidad\/\" \/>\n<meta property=\"og:site_name\" content=\"Archivo Expoflamenco\" \/>\n<meta property=\"article:publisher\" content=\"https:\/\/www.facebook.com\/ExpoFlamenco\" \/>\n<meta property=\"article:modified_time\" content=\"2023-07-29T10:24:02+00:00\" \/>\n<meta property=\"og:image\" content=\"https:\/\/expoflamenco.com\/archivo\/wp-content\/uploads\/2023\/01\/Expo932x466.png\" \/>\n\t<meta property=\"og:image:width\" content=\"932\" \/>\n\t<meta property=\"og:image:height\" content=\"466\" \/>\n\t<meta property=\"og:image:type\" content=\"image\/png\" \/>\n<meta name=\"twitter:card\" content=\"summary_large_image\" \/>\n<meta name=\"twitter:site\" content=\"@expoflamenco1\" \/>\n<meta name=\"twitter:label1\" content=\"Tiempo de lectura\" \/>\n\t<meta name=\"twitter:data1\" content=\"9 minutos\" \/>\n<script type=\"application\/ld+json\" class=\"yoast-schema-graph\">{\"@context\":\"https:\/\/schema.org\",\"@graph\":[{\"@type\":\"WebPage\",\"@id\":\"https:\/\/expoflamenco.com\/archivo\/politica-de-privacidad\/\",\"url\":\"https:\/\/expoflamenco.com\/archivo\/politica-de-privacidad\/\",\"name\":\"Pol\u00edtica de privacidad - Archivo Expoflamenco\",\"isPartOf\":{\"@id\":\"https:\/\/expoflamenco.com\/archivo\/#website\"},\"datePublished\":\"2018-08-02T07:53:19+00:00\",\"dateModified\":\"2023-07-29T10:24:02+00:00\",\"breadcrumb\":{\"@id\":\"https:\/\/expoflamenco.com\/archivo\/politica-de-privacidad\/#breadcrumb\"},\"inLanguage\":\"es\",\"potentialAction\":[{\"@type\":\"ReadAction\",\"target\":[\"https:\/\/expoflamenco.com\/archivo\/politica-de-privacidad\/\"]}]},{\"@type\":\"BreadcrumbList\",\"@id\":\"https:\/\/expoflamenco.com\/archivo\/politica-de-privacidad\/#breadcrumb\",\"itemListElement\":[{\"@type\":\"ListItem\",\"position\":1,\"name\":\"Inicio\",\"item\":\"https:\/\/expoflamenco.com\/archivo\/\"},{\"@type\":\"ListItem\",\"position\":2,\"name\":\"Pol\u00edtica de privacidad\"}]},{\"@type\":\"WebSite\",\"@id\":\"https:\/\/expoflamenco.com\/archivo\/#website\",\"url\":\"https:\/\/expoflamenco.com\/archivo\/\",\"name\":\"Archivo Expoflamenco\",\"description\":\"Portal de arte flamenco: noticias, entrevistas, blogs, cr\u00edticas, investigaci\u00f3n\",\"publisher\":{\"@id\":\"https:\/\/expoflamenco.com\/archivo\/#organization\"},\"potentialAction\":[{\"@type\":\"SearchAction\",\"target\":{\"@type\":\"EntryPoint\",\"urlTemplate\":\"https:\/\/expoflamenco.com\/archivo\/?s={search_term_string}\"},\"query-input\":{\"@type\":\"PropertyValueSpecification\",\"valueRequired\":true,\"valueName\":\"search_term_string\"}}],\"inLanguage\":\"es\"},{\"@type\":\"Organization\",\"@id\":\"https:\/\/expoflamenco.com\/archivo\/#organization\",\"name\":\"Expoflamenco\",\"url\":\"https:\/\/expoflamenco.com\/archivo\/\",\"logo\":{\"@type\":\"ImageObject\",\"inLanguage\":\"es\",\"@id\":\"https:\/\/expoflamenco.com\/archivo\/#\/schema\/logo\/image\/\",\"url\":\"https:\/\/www.expoflamenco.com\/archivo\/wp-content\/uploads\/2022\/11\/banner-cabecera-mobile.jpg\",\"contentUrl\":\"https:\/\/www.expoflamenco.com\/archivo\/wp-content\/uploads\/2022\/11\/banner-cabecera-mobile.jpg\",\"width\":299,\"height\":75,\"caption\":\"Expoflamenco\"},\"image\":{\"@id\":\"https:\/\/expoflamenco.com\/archivo\/#\/schema\/logo\/image\/\"},\"sameAs\":[\"https:\/\/www.facebook.com\/ExpoFlamenco\",\"https:\/\/x.com\/expoflamenco1\",\"https:\/\/www.instagram.com\/expoflamenco\/\",\"https:\/\/www.youtube.com\/expoflamenco\"]}]}<\/script>\n<!-- \/ Yoast SEO plugin. -->","yoast_head_json":{"title":"Pol\u00edtica de privacidad - Archivo Expoflamenco","robots":{"index":"index","follow":"follow","max-snippet":"max-snippet:-1","max-image-preview":"max-image-preview:large","max-video-preview":"max-video-preview:-1"},"canonical":"https:\/\/expoflamenco.com\/archivo\/politica-de-privacidad\/","og_locale":"es_ES","og_type":"article","og_title":"Pol\u00edtica de privacidad - Archivo Expoflamenco","og_description":"[vc_row][vc_column][vc_column_text] Pol\u00edtica de Privacidad El Titular se compromete a [&hellip;]","og_url":"https:\/\/expoflamenco.com\/archivo\/politica-de-privacidad\/","og_site_name":"Archivo Expoflamenco","article_publisher":"https:\/\/www.facebook.com\/ExpoFlamenco","article_modified_time":"2023-07-29T10:24:02+00:00","og_image":[{"width":932,"height":466,"url":"https:\/\/expoflamenco.com\/archivo\/wp-content\/uploads\/2023\/01\/Expo932x466.png","type":"image\/png"}],"twitter_card":"summary_large_image","twitter_site":"@expoflamenco1","twitter_misc":{"Tiempo de lectura":"9 minutos"},"schema":{"@context":"https:\/\/schema.org","@graph":[{"@type":"WebPage","@id":"https:\/\/expoflamenco.com\/archivo\/politica-de-privacidad\/","url":"https:\/\/expoflamenco.com\/archivo\/politica-de-privacidad\/","name":"Pol\u00edtica de privacidad - Archivo Expoflamenco","isPartOf":{"@id":"https:\/\/expoflamenco.com\/archivo\/#website"},"datePublished":"2018-08-02T07:53:19+00:00","dateModified":"2023-07-29T10:24:02+00:00","breadcrumb":{"@id":"https:\/\/expoflamenco.com\/archivo\/politica-de-privacidad\/#breadcrumb"},"inLanguage":"es","potentialAction":[{"@type":"ReadAction","target":["https:\/\/expoflamenco.com\/archivo\/politica-de-privacidad\/"]}]},{"@type":"BreadcrumbList","@id":"https:\/\/expoflamenco.com\/archivo\/politica-de-privacidad\/#breadcrumb","itemListElement":[{"@type":"ListItem","position":1,"name":"Inicio","item":"https:\/\/expoflamenco.com\/archivo\/"},{"@type":"ListItem","position":2,"name":"Pol\u00edtica de privacidad"}]},{"@type":"WebSite","@id":"https:\/\/expoflamenco.com\/archivo\/#website","url":"https:\/\/expoflamenco.com\/archivo\/","name":"Archivo Expoflamenco","description":"Portal de arte flamenco: noticias, entrevistas, blogs, cr\u00edticas, investigaci\u00f3n","publisher":{"@id":"https:\/\/expoflamenco.com\/archivo\/#organization"},"potentialAction":[{"@type":"SearchAction","target":{"@type":"EntryPoint","urlTemplate":"https:\/\/expoflamenco.com\/archivo\/?s={search_term_string}"},"query-input":{"@type":"PropertyValueSpecification","valueRequired":true,"valueName":"search_term_string"}}],"inLanguage":"es"},{"@type":"Organization","@id":"https:\/\/expoflamenco.com\/archivo\/#organization","name":"Expoflamenco","url":"https:\/\/expoflamenco.com\/archivo\/","logo":{"@type":"ImageObject","inLanguage":"es","@id":"https:\/\/expoflamenco.com\/archivo\/#\/schema\/logo\/image\/","url":"https:\/\/www.expoflamenco.com\/archivo\/wp-content\/uploads\/2022\/11\/banner-cabecera-mobile.jpg","contentUrl":"https:\/\/www.expoflamenco.com\/archivo\/wp-content\/uploads\/2022\/11\/banner-cabecera-mobile.jpg","width":299,"height":75,"caption":"Expoflamenco"},"image":{"@id":"https:\/\/expoflamenco.com\/archivo\/#\/schema\/logo\/image\/"},"sameAs":["https:\/\/www.facebook.com\/ExpoFlamenco","https:\/\/x.com\/expoflamenco1","https:\/\/www.instagram.com\/expoflamenco\/","https:\/\/www.youtube.com\/expoflamenco"]}]}},"_links":{"self":[{"href":"https:\/\/expoflamenco.com\/archivo\/wp-json\/wp\/v2\/pages\/3","targetHints":{"allow":["GET"]}}],"collection":[{"href":"https:\/\/expoflamenco.com\/archivo\/wp-json\/wp\/v2\/pages"}],"about":[{"href":"https:\/\/expoflamenco.com\/archivo\/wp-json\/wp\/v2\/types\/page"}],"author":[{"embeddable":true,"href":"https:\/\/expoflamenco.com\/archivo\/wp-json\/wp\/v2\/users\/1"}],"replies":[{"embeddable":true,"href":"https:\/\/expoflamenco.com\/archivo\/wp-json\/wp\/v2\/comments?post=3"}],"version-history":[{"count":3,"href":"https:\/\/expoflamenco.com\/archivo\/wp-json\/wp\/v2\/pages\/3\/revisions"}],"predecessor-version":[{"id":43385,"href":"https:\/\/expoflamenco.com\/archivo\/wp-json\/wp\/v2\/pages\/3\/revisions\/43385"}],"wp:attachment":[{"href":"https:\/\/expoflamenco.com\/archivo\/wp-json\/wp\/v2\/media?parent=3"}],"curies":[{"name":"wp","href":"https:\/\/api.w.org\/{rel}","templated":true}]}}