{"id":8127,"date":"2019-02-03T12:06:03","date_gmt":"2019-02-03T11:06:03","guid":{"rendered":"https:\/\/www.expoflamenco.com\/archivo\/promocionarte"},"modified":"2021-05-18T03:06:15","modified_gmt":"2021-05-18T01:06:15","slug":"advertising","status":"publish","type":"page","link":"https:\/\/expoflamenco.com\/archivo\/en\/advertising\/","title":{"rendered":"Advertise"},"content":{"rendered":"<div class=\"wpb-content-wrapper\"><p>[vc_row content_aligment=&#8221;center&#8221; css=&#8221;.vc_custom_1549192107087{background-image: url(https:\/\/www.expoflamenco.com\/archivo\/wp-content\/uploads\/2018\/08\/jz_20180812_ano-de-transicion-en-el-cante-de-las-minas.jpg?id=6408) !important;}&#8221;][vc_column][vc_empty_space height=&#8221;100px&#8221;][vc_column_text]<\/p>\n<h1 style=\"text-align: center;\"><span style=\"color: #ffffff;\">Advertising<\/span><\/h1>\n<p>[\/vc_column_text][vc_empty_space height=&#8221;100px&#8221;][\/vc_column][\/vc_row][vc_row content_width=&#8221;grid&#8221; css=&#8221;.vc_custom_1549195445392{margin-top: 40px !important;margin-bottom: 40px !important;}&#8221;][vc_column]<div class=\"edgtf-section-title clearfix\">\n    <div class=\"edgtf-st-inner\">\n        <div class=\"edgtf-st-title-inner\">\n                    <h6 class=\"edgtf-st-title\">Do you want us to send you the Expoflamenco Display Advertising Rates?<\/h6>\n                <\/div>\n        <div class=\"edgtf-st-link-inner\">\n                                <a class=\"edgtf-st-link\"  href=\"\/en\/contact\" target=\"_self\">\n                        Contact                    <\/a>\n                    <\/div>\n    <\/div>\n<\/div>[vc_column_text]<img loading=\"lazy\" decoding=\"async\" class=\" wp-image-26345 alignright\" src=\"https:\/\/www.expoflamenco.com\/archivo\/wp-content\/uploads\/2021\/05\/Publicidad-page-300x187.jpg\" alt=\"\" width=\"430\" height=\"268\" srcset=\"https:\/\/expoflamenco.com\/archivo\/wp-content\/uploads\/2021\/05\/Publicidad-page-300x187.jpg 300w, https:\/\/expoflamenco.com\/archivo\/wp-content\/uploads\/2021\/05\/Publicidad-page-1024x640.jpg 1024w, https:\/\/expoflamenco.com\/archivo\/wp-content\/uploads\/2021\/05\/Publicidad-page-768x480.jpg 768w, https:\/\/expoflamenco.com\/archivo\/wp-content\/uploads\/2021\/05\/Publicidad-page-1536x960.jpg 1536w, https:\/\/expoflamenco.com\/archivo\/wp-content\/uploads\/2021\/05\/Publicidad-page-1300x812.jpg 1300w, https:\/\/expoflamenco.com\/archivo\/wp-content\/uploads\/2021\/05\/Publicidad-page-600x375.jpg 600w\" sizes=\"auto, (max-width: 430px) 100vw, 430px\" \/><\/p>\n<p>&nbsp;<\/p>\n<ul>\n<li>Thousands of flamenco lovers, professional artists, travelers and students from all over the world every month.<\/li>\n<li>Promote online events, educational training programs, products and services.<\/li>\n<li>Get the ad in the position of your choice before someone else does.<\/li>\n<\/ul>\n<p>Contact us today. comercial@expoflamenco.com[\/vc_column_text][vc_column_text]<\/p>\n<h2>Welcome to Expoflamenco Advertising<\/h2>\n<p>&nbsp;<\/p>\n<p>ExpoFlamenco offers our clients innovative and diverse advertising options that reach Flamenco consumers through the power of the Internet. ExpoFlamenco has a wide range of offers that provide the opportunity for our local and international advertisers to effectively target the Flamenco public.<\/p>\n<p>As a world leader in the flamenco community, ExpoFlamenco.com reaches more people than any other flamenco community organization online. Imagine what we can do for you or your school, organization or company. Our audience is formed by flamenco lovers, students, professionals, amateurs and supporters from all over the world. ExpoFlamenco.com works for the development of attractive, innovative and rich content projects, and resources for the community. Expoflamenco reinvests profits over its costs to promote flamenco everywhere. So by announcing, claiming your Expoflamenco directory page, sponsoring or participating in one of our services, you are helping to support the expansion and love of Flamenco art and culture throughout the world.<\/p>\n<p>The website, the newsletters and content of ExpoFlamenco.com are translated professionally and are available in Spanish and English, and are also machine-translated in more than 100 languages. Our flamenco members area and world directory can also be seen in more than 105 languages \u200b\u200bby millions of flamenco lovers. ExpoFlamenco has become a main source of information for the international flamenco community. ExpoFlamenco plans to continue expanding its professional translations to other main languages \u200b\u200bsuch as Japanese, French, German and Russian. ExpoFlamenco also plans to offer additional services in the near future, such as streaming video, audio, and coverage of live events. ExpoFlamenco.com is managed by Dove Management Consulting Inc. Contact our sales team to obtain advertising, sponsorship, and affiliation opportunities.<\/p>\n<p>Your clients have their favorite flamenco artists and locations; the flamenco community network of ExpoFlamenco.com will help you reach them all. From the best artists to students or lovers of flamenco music, we will help you or your company or organization to stand out. With hundreds of articles, interviews, and flamenco videos that attract the public and thousands of visitors every month, you will surely get the attention you deserve. Our advertising team is at your disposal to help you get the best advertising at the lowest price.[\/vc_column_text][\/vc_column][\/vc_row][vc_row content_width=&#8221;grid&#8221; css=&#8221;.vc_custom_1548272622205{padding-top: 50px !important;}&#8221;][vc_column]<div class=\"edgtf-section-title clearfix\">\n    <div class=\"edgtf-st-inner\">\n        <div class=\"edgtf-st-title-inner\">\n                    <h6 class=\"edgtf-st-title\">Directory page<\/h6>\n                <\/div>\n        <div class=\"edgtf-st-link-inner\">\n                                <a class=\"edgtf-st-link\"  href=\"https:\/\/es.direxpoflamenco.com\/about\" target=\"_self\">\n                        Go to directory                    <\/a>\n                    <\/div>\n    <\/div>\n<\/div>[vc_column_text]<\/p>\n<ul>\n<li>Claim your own flamenco directory page around the world.<\/li>\n<li>Promote your events, music and products or services to thousands of flamenco fans.<\/li>\n<li>Get a 50% discount on image ads at ExpoFlamenco.com<\/li>\n<li>Promote&nbsp;flamenco in your area and around the world!<\/li>\n<li><strong>Artists and Musicians are Free.<\/strong><\/li>\n<li><strong>Only \u20ac 29 per year&nbsp;<\/strong>for organizations and companies.<\/li>\n<\/ul>\n<p>[\/vc_column_text][\/vc_column][\/vc_row][vc_row content_width=&#8221;grid&#8221; css=&#8221;.vc_custom_1548272622205{padding-top: 50px !important;}&#8221;][vc_column width=&#8221;1\/2&#8243;]<div class=\"edgtf-section-title clearfix\">\n    <div class=\"edgtf-st-inner\">\n        <div class=\"edgtf-st-title-inner\">\n                    <h6 class=\"edgtf-st-title\">Post your events<\/h6>\n                <\/div>\n        <div class=\"edgtf-st-link-inner\">\n                                <a class=\"edgtf-st-link\"  href=\"\/en\/contact\" target=\"_self\">\n                        Contact                    <\/a>\n                    <\/div>\n    <\/div>\n<\/div>[vc_column_text]Promocione sus noticias y eventos flamencos locales para su \u00e1rea local en nuestra \u00e1rea de miembros o h\u00e1ganos saber de festivales m\u00e1s grandes y show para publicar en el sitio web principal de Expoflamenco. No hay cargos adicionales por este servicio.[\/vc_column_text][\/vc_column][vc_column width=&#8221;1\/2&#8243;]<div class=\"edgtf-section-title clearfix\">\n    <div class=\"edgtf-st-inner\">\n        <div class=\"edgtf-st-title-inner\">\n                    <h6 class=\"edgtf-st-title\">Your online store<\/h6>\n                <\/div>\n        <div class=\"edgtf-st-link-inner\">\n                                <a class=\"edgtf-st-link\"  href=\"\/en\/contact\" target=\"_self\">\n                        Contact                    <\/a>\n                    <\/div>\n    <\/div>\n<\/div>[vc_column_text]Si ya tiene una p\u00e1gina web para sus productos o servicios, puede vincular f\u00e1cilmente su p\u00e1gina de Directorio de Expoflamenco a su sitio.<br \/>\nSi no tiene una p\u00e1gina web en l\u00ednea, podemos ayudarlo a crear y alojar su propio sitio web o tienda en l\u00ednea a excelentes precios de descuento de ExpoFlamenco.[\/vc_column_text][\/vc_column][\/vc_row]<\/p>\n<\/div>","protected":false},"excerpt":{"rendered":"<p>[vc_row content_aligment=&#8221;center&#8221; css=&#8221;.vc_custom_1549192107087{background-image: url(https:\/\/www.expoflamenco.com\/archivo\/wp-content\/uploads\/2018\/08\/jz_20180812_ano-de-transicion-en-el-cante-de-las-minas.jpg?id=6408) !important;}&#8221;][vc_column][vc_empty_space height=&#8221;100px&#8221;][vc_column_text] Advertising [\/vc_column_text][vc_empty_space height=&#8221;100px&#8221;][\/vc_column][\/vc_row][vc_row [&hellip;]<\/p>\n","protected":false},"author":4,"featured_media":0,"parent":0,"menu_order":0,"comment_status":"closed","ping_status":"closed","template":"full-width.php","meta":{"ngg_post_thumbnail":0,"footnotes":""},"class_list":["post-8127","page","type-page","status-publish","hentry"],"yoast_head":"<!-- This site is optimized with the Yoast SEO plugin v27.4 - https:\/\/yoast.com\/product\/yoast-seo-wordpress\/ -->\n<title>Advertise - Archivo Expoflamenco<\/title>\n<meta name=\"robots\" content=\"index, follow, max-snippet:-1, max-image-preview:large, max-video-preview:-1\" \/>\n<link rel=\"canonical\" href=\"https:\/\/expoflamenco.com\/archivo\/en\/advertising\/\" \/>\n<meta property=\"og:locale\" content=\"en_US\" \/>\n<meta property=\"og:type\" content=\"article\" \/>\n<meta property=\"og:title\" content=\"Advertise - Archivo Expoflamenco\" \/>\n<meta property=\"og:description\" content=\"[vc_row content_aligment=&#8221;center&#8221; css=&#8221;.vc_custom_1549192107087{background-image: url(https:\/\/www.expoflamenco.com\/archivo\/wp-content\/uploads\/2018\/08\/jz_20180812_ano-de-transicion-en-el-cante-de-las-minas.jpg?id=6408) !important;}&#8221;][vc_column][vc_empty_space height=&#8221;100px&#8221;][vc_column_text] Advertising [\/vc_column_text][vc_empty_space height=&#8221;100px&#8221;][\/vc_column][\/vc_row][vc_row [&hellip;]\" \/>\n<meta property=\"og:url\" content=\"https:\/\/expoflamenco.com\/archivo\/en\/advertising\/\" \/>\n<meta property=\"og:site_name\" content=\"Archivo Expoflamenco\" \/>\n<meta property=\"article:publisher\" content=\"https:\/\/www.facebook.com\/ExpoFlamenco\" \/>\n<meta property=\"article:modified_time\" content=\"2021-05-18T01:06:15+00:00\" \/>\n<meta property=\"og:image\" content=\"https:\/\/www.expoflamenco.com\/archivo\/wp-content\/uploads\/2021\/05\/Publicidad-page-300x187.jpg\" \/>\n<meta name=\"twitter:card\" content=\"summary_large_image\" \/>\n<meta name=\"twitter:site\" content=\"@expoflamenco1\" \/>\n<meta name=\"twitter:label1\" content=\"Est. reading time\" \/>\n\t<meta name=\"twitter:data1\" content=\"3 minutes\" \/>\n<script type=\"application\/ld+json\" class=\"yoast-schema-graph\">{\"@context\":\"https:\\\/\\\/schema.org\",\"@graph\":[{\"@type\":\"WebPage\",\"@id\":\"https:\\\/\\\/expoflamenco.com\\\/archivo\\\/en\\\/advertising\\\/\",\"url\":\"https:\\\/\\\/expoflamenco.com\\\/archivo\\\/en\\\/advertising\\\/\",\"name\":\"Advertise - Archivo Expoflamenco\",\"isPartOf\":{\"@id\":\"https:\\\/\\\/expoflamenco.com\\\/archivo\\\/#website\"},\"primaryImageOfPage\":{\"@id\":\"https:\\\/\\\/expoflamenco.com\\\/archivo\\\/en\\\/advertising\\\/#primaryimage\"},\"image\":{\"@id\":\"https:\\\/\\\/expoflamenco.com\\\/archivo\\\/en\\\/advertising\\\/#primaryimage\"},\"thumbnailUrl\":\"https:\\\/\\\/www.expoflamenco.com\\\/archivo\\\/wp-content\\\/uploads\\\/2021\\\/05\\\/Publicidad-page-300x187.jpg\",\"datePublished\":\"2019-02-03T11:06:03+00:00\",\"dateModified\":\"2021-05-18T01:06:15+00:00\",\"breadcrumb\":{\"@id\":\"https:\\\/\\\/expoflamenco.com\\\/archivo\\\/en\\\/advertising\\\/#breadcrumb\"},\"inLanguage\":\"en-US\",\"potentialAction\":[{\"@type\":\"ReadAction\",\"target\":[\"https:\\\/\\\/expoflamenco.com\\\/archivo\\\/en\\\/advertising\\\/\"]}]},{\"@type\":\"ImageObject\",\"inLanguage\":\"en-US\",\"@id\":\"https:\\\/\\\/expoflamenco.com\\\/archivo\\\/en\\\/advertising\\\/#primaryimage\",\"url\":\"https:\\\/\\\/www.expoflamenco.com\\\/archivo\\\/wp-content\\\/uploads\\\/2021\\\/05\\\/Publicidad-page-300x187.jpg\",\"contentUrl\":\"https:\\\/\\\/www.expoflamenco.com\\\/archivo\\\/wp-content\\\/uploads\\\/2021\\\/05\\\/Publicidad-page-300x187.jpg\"},{\"@type\":\"BreadcrumbList\",\"@id\":\"https:\\\/\\\/expoflamenco.com\\\/archivo\\\/en\\\/advertising\\\/#breadcrumb\",\"itemListElement\":[{\"@type\":\"ListItem\",\"position\":1,\"name\":\"Inicio\",\"item\":\"https:\\\/\\\/expoflamenco.com\\\/archivo\\\/en\\\/\"},{\"@type\":\"ListItem\",\"position\":2,\"name\":\"Advertise\"}]},{\"@type\":\"WebSite\",\"@id\":\"https:\\\/\\\/expoflamenco.com\\\/archivo\\\/#website\",\"url\":\"https:\\\/\\\/expoflamenco.com\\\/archivo\\\/\",\"name\":\"Archivo Expoflamenco\",\"description\":\"Portal de arte flamenco: noticias, entrevistas, blogs, cr\u00edticas, investigaci\u00f3n\",\"publisher\":{\"@id\":\"https:\\\/\\\/expoflamenco.com\\\/archivo\\\/#organization\"},\"potentialAction\":[{\"@type\":\"SearchAction\",\"target\":{\"@type\":\"EntryPoint\",\"urlTemplate\":\"https:\\\/\\\/expoflamenco.com\\\/archivo\\\/?s={search_term_string}\"},\"query-input\":{\"@type\":\"PropertyValueSpecification\",\"valueRequired\":true,\"valueName\":\"search_term_string\"}}],\"inLanguage\":\"en-US\"},{\"@type\":\"Organization\",\"@id\":\"https:\\\/\\\/expoflamenco.com\\\/archivo\\\/#organization\",\"name\":\"Expoflamenco\",\"url\":\"https:\\\/\\\/expoflamenco.com\\\/archivo\\\/\",\"logo\":{\"@type\":\"ImageObject\",\"inLanguage\":\"en-US\",\"@id\":\"https:\\\/\\\/expoflamenco.com\\\/archivo\\\/#\\\/schema\\\/logo\\\/image\\\/\",\"url\":\"https:\\\/\\\/www.expoflamenco.com\\\/archivo\\\/wp-content\\\/uploads\\\/2022\\\/11\\\/banner-cabecera-mobile.jpg\",\"contentUrl\":\"https:\\\/\\\/www.expoflamenco.com\\\/archivo\\\/wp-content\\\/uploads\\\/2022\\\/11\\\/banner-cabecera-mobile.jpg\",\"width\":299,\"height\":75,\"caption\":\"Expoflamenco\"},\"image\":{\"@id\":\"https:\\\/\\\/expoflamenco.com\\\/archivo\\\/#\\\/schema\\\/logo\\\/image\\\/\"},\"sameAs\":[\"https:\\\/\\\/www.facebook.com\\\/ExpoFlamenco\",\"https:\\\/\\\/x.com\\\/expoflamenco1\",\"https:\\\/\\\/www.instagram.com\\\/expoflamenco\\\/\",\"https:\\\/\\\/www.youtube.com\\\/expoflamenco\"]}]}<\/script>\n<!-- \/ Yoast SEO plugin. -->","yoast_head_json":{"title":"Advertise - Archivo Expoflamenco","robots":{"index":"index","follow":"follow","max-snippet":"max-snippet:-1","max-image-preview":"max-image-preview:large","max-video-preview":"max-video-preview:-1"},"canonical":"https:\/\/expoflamenco.com\/archivo\/en\/advertising\/","og_locale":"en_US","og_type":"article","og_title":"Advertise - Archivo Expoflamenco","og_description":"[vc_row content_aligment=&#8221;center&#8221; css=&#8221;.vc_custom_1549192107087{background-image: url(https:\/\/www.expoflamenco.com\/archivo\/wp-content\/uploads\/2018\/08\/jz_20180812_ano-de-transicion-en-el-cante-de-las-minas.jpg?id=6408) !important;}&#8221;][vc_column][vc_empty_space height=&#8221;100px&#8221;][vc_column_text] Advertising [\/vc_column_text][vc_empty_space height=&#8221;100px&#8221;][\/vc_column][\/vc_row][vc_row [&hellip;]","og_url":"https:\/\/expoflamenco.com\/archivo\/en\/advertising\/","og_site_name":"Archivo Expoflamenco","article_publisher":"https:\/\/www.facebook.com\/ExpoFlamenco","article_modified_time":"2021-05-18T01:06:15+00:00","og_image":[{"url":"https:\/\/www.expoflamenco.com\/archivo\/wp-content\/uploads\/2021\/05\/Publicidad-page-300x187.jpg","type":"","width":"","height":""}],"twitter_card":"summary_large_image","twitter_site":"@expoflamenco1","twitter_misc":{"Est. reading time":"3 minutes"},"schema":{"@context":"https:\/\/schema.org","@graph":[{"@type":"WebPage","@id":"https:\/\/expoflamenco.com\/archivo\/en\/advertising\/","url":"https:\/\/expoflamenco.com\/archivo\/en\/advertising\/","name":"Advertise - Archivo Expoflamenco","isPartOf":{"@id":"https:\/\/expoflamenco.com\/archivo\/#website"},"primaryImageOfPage":{"@id":"https:\/\/expoflamenco.com\/archivo\/en\/advertising\/#primaryimage"},"image":{"@id":"https:\/\/expoflamenco.com\/archivo\/en\/advertising\/#primaryimage"},"thumbnailUrl":"https:\/\/www.expoflamenco.com\/archivo\/wp-content\/uploads\/2021\/05\/Publicidad-page-300x187.jpg","datePublished":"2019-02-03T11:06:03+00:00","dateModified":"2021-05-18T01:06:15+00:00","breadcrumb":{"@id":"https:\/\/expoflamenco.com\/archivo\/en\/advertising\/#breadcrumb"},"inLanguage":"en-US","potentialAction":[{"@type":"ReadAction","target":["https:\/\/expoflamenco.com\/archivo\/en\/advertising\/"]}]},{"@type":"ImageObject","inLanguage":"en-US","@id":"https:\/\/expoflamenco.com\/archivo\/en\/advertising\/#primaryimage","url":"https:\/\/www.expoflamenco.com\/archivo\/wp-content\/uploads\/2021\/05\/Publicidad-page-300x187.jpg","contentUrl":"https:\/\/www.expoflamenco.com\/archivo\/wp-content\/uploads\/2021\/05\/Publicidad-page-300x187.jpg"},{"@type":"BreadcrumbList","@id":"https:\/\/expoflamenco.com\/archivo\/en\/advertising\/#breadcrumb","itemListElement":[{"@type":"ListItem","position":1,"name":"Inicio","item":"https:\/\/expoflamenco.com\/archivo\/en\/"},{"@type":"ListItem","position":2,"name":"Advertise"}]},{"@type":"WebSite","@id":"https:\/\/expoflamenco.com\/archivo\/#website","url":"https:\/\/expoflamenco.com\/archivo\/","name":"Archivo Expoflamenco","description":"Portal de arte flamenco: noticias, entrevistas, blogs, cr\u00edticas, investigaci\u00f3n","publisher":{"@id":"https:\/\/expoflamenco.com\/archivo\/#organization"},"potentialAction":[{"@type":"SearchAction","target":{"@type":"EntryPoint","urlTemplate":"https:\/\/expoflamenco.com\/archivo\/?s={search_term_string}"},"query-input":{"@type":"PropertyValueSpecification","valueRequired":true,"valueName":"search_term_string"}}],"inLanguage":"en-US"},{"@type":"Organization","@id":"https:\/\/expoflamenco.com\/archivo\/#organization","name":"Expoflamenco","url":"https:\/\/expoflamenco.com\/archivo\/","logo":{"@type":"ImageObject","inLanguage":"en-US","@id":"https:\/\/expoflamenco.com\/archivo\/#\/schema\/logo\/image\/","url":"https:\/\/www.expoflamenco.com\/archivo\/wp-content\/uploads\/2022\/11\/banner-cabecera-mobile.jpg","contentUrl":"https:\/\/www.expoflamenco.com\/archivo\/wp-content\/uploads\/2022\/11\/banner-cabecera-mobile.jpg","width":299,"height":75,"caption":"Expoflamenco"},"image":{"@id":"https:\/\/expoflamenco.com\/archivo\/#\/schema\/logo\/image\/"},"sameAs":["https:\/\/www.facebook.com\/ExpoFlamenco","https:\/\/x.com\/expoflamenco1","https:\/\/www.instagram.com\/expoflamenco\/","https:\/\/www.youtube.com\/expoflamenco"]}]}},"_links":{"self":[{"href":"https:\/\/expoflamenco.com\/archivo\/en\/wp-json\/wp\/v2\/pages\/8127","targetHints":{"allow":["GET"]}}],"collection":[{"href":"https:\/\/expoflamenco.com\/archivo\/en\/wp-json\/wp\/v2\/pages"}],"about":[{"href":"https:\/\/expoflamenco.com\/archivo\/en\/wp-json\/wp\/v2\/types\/page"}],"author":[{"embeddable":true,"href":"https:\/\/expoflamenco.com\/archivo\/en\/wp-json\/wp\/v2\/users\/4"}],"replies":[{"embeddable":true,"href":"https:\/\/expoflamenco.com\/archivo\/en\/wp-json\/wp\/v2\/comments?post=8127"}],"version-history":[{"count":15,"href":"https:\/\/expoflamenco.com\/archivo\/en\/wp-json\/wp\/v2\/pages\/8127\/revisions"}],"predecessor-version":[{"id":26358,"href":"https:\/\/expoflamenco.com\/archivo\/en\/wp-json\/wp\/v2\/pages\/8127\/revisions\/26358"}],"wp:attachment":[{"href":"https:\/\/expoflamenco.com\/archivo\/en\/wp-json\/wp\/v2\/media?parent=8127"}],"curies":[{"name":"wp","href":"https:\/\/api.w.org\/{rel}","templated":true}]}}