{"id":9312,"date":"2024-09-19T12:05:53","date_gmt":"2024-09-19T10:05:53","guid":{"rendered":"https:\/\/expoflamenco.com\/academia\/?page_id=9312"},"modified":"2024-12-14T14:43:28","modified_gmt":"2024-12-14T13:43:28","slug":"blog","status":"publish","type":"page","link":"https:\/\/expoflamenco.com\/academia\/blog\/","title":{"rendered":"Blog"},"content":{"rendered":"\t\t<div data-elementor-type=\"wp-page\" data-elementor-id=\"9312\" class=\"elementor elementor-9312\" data-elementor-post-type=\"page\">\n\t\t\t\t<div class=\"elementor-element elementor-element-b1a4ebb e-flex e-con-boxed e-con e-parent\" data-id=\"b1a4ebb\" data-element_type=\"container\" data-e-type=\"container\">\n\t\t\t\t\t<div class=\"e-con-inner\">\n\t\t\t\t<div class=\"elementor-element elementor-element-7041d9a elementor-widget elementor-widget-heading\" data-id=\"7041d9a\" data-element_type=\"widget\" data-e-type=\"widget\" data-widget_type=\"heading.default\">\n\t\t\t\t<div class=\"elementor-widget-container\">\n\t\t\t\t\t<h1 class=\"elementor-heading-title elementor-size-default\">Noticias de la Academia<\/h1>\t\t\t\t<\/div>\n\t\t\t\t<\/div>\n\t\t<div class=\"elementor-element elementor-element-f94b0b1 e-con-full e-flex e-con e-child\" data-id=\"f94b0b1\" data-element_type=\"container\" data-e-type=\"container\">\n\t\t\t\t<div class=\"elementor-element elementor-element-12e43f9 elementor-widget elementor-widget-jnews_block_10_elementor\" data-id=\"12e43f9\" data-element_type=\"widget\" data-e-type=\"widget\" data-widget_type=\"jnews_block_10_elementor.default\">\n\t\t\t\t<div class=\"elementor-widget-container\">\n\t\t\t\t\t<div  class=\"jeg_postblock_10 jeg_postblock jeg_module_hook jeg_pagination_disable jeg_col_3o3 jnews_module__0_69e0684845046   \" data-unique=\"jnews_module__0_69e0684845046\">\n\t\t\t\t\t\n\t\t\t\t\t<div class=\"jeg_block_container\">\n                    \n                    <div class=\"jeg_posts jeg_load_more_flag\"> <article class=\"jeg_post jeg_pl_lg_4 format-standard\">\n                    <header class=\"jeg_postblock_heading\">\n                        <h3 class=\"jeg_post_title\">\n                            <a href=\"https:\/\/expoflamenco.com\/academia\/ya-esta-aqui-la-academia-de-expoflamenco\/\">Ya est\u00e1 aqu\u00ed la Academia de expoflamenco<\/a>\n                        <\/h3>\n                        \n                    <\/header>\n                    <div class=\"jeg_postblock_content\">\n                    <div class=\"jeg_thumb\">\n                            \n                            <a href=\"https:\/\/expoflamenco.com\/academia\/ya-esta-aqui-la-academia-de-expoflamenco\/\" aria-label=\"Read article: Ya est\u00e1 aqu\u00ed la Academia de expoflamenco\"><div class=\"thumbnail-container  size-500 \"><img fetchpriority=\"high\" decoding=\"async\" width=\"1140\" height=\"570\" src=\"https:\/\/expoflamenco.com\/academia\/wp-content\/uploads\/sites\/26\/2024\/04\/172519961366d474fde2b0a-1140x570.jpeg\" class=\"attachment-jnews-1140x570 size-jnews-1140x570 wp-post-image\" alt=\"\" srcset=\"https:\/\/expoflamenco.com\/academia\/wp-content\/uploads\/sites\/26\/2024\/04\/172519961366d474fde2b0a-1140x570.jpeg 1140w, https:\/\/expoflamenco.com\/academia\/wp-content\/uploads\/sites\/26\/2024\/04\/172519961366d474fde2b0a-360x180.jpeg 360w, https:\/\/expoflamenco.com\/academia\/wp-content\/uploads\/sites\/26\/2024\/04\/172519961366d474fde2b0a-750x375.jpeg 750w\" sizes=\"(max-width: 1140px) 100vw, 1140px\" \/><\/div><\/a>\n                            <div class=\"jeg_post_category\">\n                                <span><a href=\"https:\/\/expoflamenco.com\/academia\/actualidad-academia\/\" class=\"category-actualidad-academia\">Actualidad Academia<\/a><\/span>\n                            <\/div>\n                        <\/div>\n                        <div class=\"jeg_post_excerpt\">\n                            <p>Que hoy las ciencias adelantan que es una barbaridad, es de perogrullo. Como que el aprendizaje de cualquier disciplina a...<\/p>\n                        <\/div>\n                        <a href=\"https:\/\/expoflamenco.com\/academia\/ya-esta-aqui-la-academia-de-expoflamenco\/\" class=\"jeg_readmore\">Seguir leyendo<span class=\"screen-reader-text\">Details<\/span><\/a>\n                    <\/div>\n                <\/article> <\/div>\n                    <div class='module-overlay'>\n\t\t\t\t    <div class='preloader_type preloader_dot'>\n\t\t\t\t        <div class=\"module-preloader jeg_preloader dot\">\n\t\t\t\t            <span><\/span><span><\/span><span><\/span>\n\t\t\t\t        <\/div>\n\t\t\t\t        <div class=\"module-preloader jeg_preloader circle\">\n\t\t\t\t            <div class=\"jnews_preloader_circle_outer\">\n\t\t\t\t                <div class=\"jnews_preloader_circle_inner\"><\/div>\n\t\t\t\t            <\/div>\n\t\t\t\t        <\/div>\n\t\t\t\t        <div class=\"module-preloader jeg_preloader square\">\n\t\t\t\t            <div class=\"jeg_square\">\n\t\t\t\t                <div class=\"jeg_square_inner\"><\/div>\n\t\t\t\t            <\/div>\n\t\t\t\t        <\/div>\n\t\t\t\t    <\/div>\n\t\t\t\t<\/div>\n                <\/div>\n                <div class=\"jeg_block_navigation\">\n                    <div class='navigation_overlay'><div class='module-preloader jeg_preloader'><span><\/span><span><\/span><span><\/span><\/div><\/div>\n                    \n                    \n                <\/div>\n\t\t\t\t\t\n\t\t\t\t\t<script>var jnews_module__0_69e0684845046 = {\"header_icon\":\"\",\"first_title\":\"\",\"second_title\":\"\",\"url\":\"\",\"header_type\":\"heading_6\",\"header_background\":\"\",\"header_secondary_background\":\"\",\"header_text_color\":\"\",\"header_line_color\":\"\",\"header_accent_color\":\"\",\"header_filter_category\":\"\",\"header_filter_author\":\"\",\"header_filter_tag\":\"\",\"header_filter_text\":\"All\",\"sticky_post\":false,\"sticky_post_filter\":false,\"post_type\":\"post\",\"content_type\":\"all\",\"sponsor\":false,\"number_post\":4,\"post_offset\":0,\"unique_content\":\"disable\",\"include_post\":\"\",\"included_only\":false,\"exclude_post\":\"\",\"include_category\":\"\",\"exclude_category\":\"\",\"include_author\":\"\",\"include_tag\":\"\",\"exclude_tag\":\"\",\"exclude_visited_post\":false,\"sort_by\":\"latest\",\"date_format\":\"default\",\"date_format_custom\":\"Y\\\/m\\\/d\",\"excerpt_length\":{\"unit\":\"px\",\"size\":20,\"sizes\":[]},\"excerpt_ellipsis\":\"...\",\"force_normal_image_load\":\"\",\"main_custom_image_size\":\"default\",\"pagination_mode\":\"disable\",\"pagination_nextprev_showtext\":\"\",\"pagination_number_post\":{\"unit\":\"px\",\"size\":4,\"sizes\":[]},\"pagination_scroll_limit\":0,\"ads_type\":\"disable\",\"ads_position\":{\"unit\":\"px\",\"size\":1,\"sizes\":[]},\"ads_random\":\"\",\"ads_image\":{\"url\":\"\",\"id\":\"\",\"size\":\"\"},\"ads_image_tablet\":{\"url\":\"\",\"id\":\"\",\"size\":\"\"},\"ads_image_phone\":{\"url\":\"\",\"id\":\"\",\"size\":\"\"},\"ads_image_link\":\"\",\"ads_image_alt\":\"\",\"ads_image_new_tab\":\"\",\"google_publisher_id\":\"\",\"google_slot_id\":\"\",\"google_desktop\":\"auto\",\"google_tab\":\"auto\",\"google_phone\":\"auto\",\"content\":\"\",\"ads_bottom_text\":\"\",\"boxed\":\"\",\"boxed_shadow\":\"\",\"el_id\":\"\",\"el_class\":\"\",\"scheme\":\"\",\"column_width\":\"auto\",\"title_color\":\"\",\"accent_color\":\"\",\"alt_color\":\"\",\"excerpt_color\":\"\",\"css\":\"\",\"_title\":\"\",\"_margin\":{\"unit\":\"px\",\"top\":\"\",\"right\":\"\",\"bottom\":\"\",\"left\":\"\",\"isLinked\":true},\"_padding\":{\"unit\":\"px\",\"top\":\"\",\"right\":\"\",\"bottom\":\"\",\"left\":\"\",\"isLinked\":true},\"_element_width\":\"\",\"_element_width_tablet\":\"\",\"_element_width_mobile\":\"\",\"_element_custom_width\":{\"unit\":\"%\",\"size\":\"\",\"sizes\":[]},\"_grid_column\":\"\",\"_grid_column_custom\":\"\",\"_grid_row\":\"\",\"_grid_row_custom\":\"\",\"_flex_align_self\":\"\",\"_flex_order\":\"\",\"_flex_order_custom\":\"\",\"_flex_size\":\"\",\"_flex_grow\":1,\"_flex_shrink\":1,\"_element_vertical_align\":\"\",\"_position_description\":\"\",\"_position\":\"\",\"_offset_orientation_h\":\"start\",\"_offset_x\":{\"unit\":\"px\",\"size\":0,\"sizes\":[]},\"_offset_x_end\":{\"unit\":\"px\",\"size\":0,\"sizes\":[]},\"_offset_orientation_v\":\"start\",\"_offset_y\":{\"unit\":\"px\",\"size\":0,\"sizes\":[]},\"_offset_y_end\":{\"unit\":\"px\",\"size\":0,\"sizes\":[]},\"_z_index\":\"\",\"_element_id\":\"\",\"_css_classes\":\"\",\"e_display_conditions\":\"\",\"_element_cache\":\"\",\"pmpro_enable\":\"no\",\"pmpro_invert_restrictions\":\"0\",\"pmpro_segment\":\"all\",\"pmpro_levels\":\"\",\"pmpro_show_noaccess\":\"no\",\"motion_fx_motion_fx_scrolling\":\"\",\"motion_fx_translateY_effect\":\"\",\"motion_fx_translateY_direction\":\"\",\"motion_fx_translateY_speed\":{\"unit\":\"px\",\"size\":4,\"sizes\":[]},\"motion_fx_translateY_affectedRange\":{\"unit\":\"%\",\"size\":\"\",\"sizes\":{\"start\":0,\"end\":100}},\"motion_fx_translateX_effect\":\"\",\"motion_fx_translateX_direction\":\"\",\"motion_fx_translateX_speed\":{\"unit\":\"px\",\"size\":4,\"sizes\":[]},\"motion_fx_translateX_affectedRange\":{\"unit\":\"%\",\"size\":\"\",\"sizes\":{\"start\":0,\"end\":100}},\"motion_fx_opacity_effect\":\"\",\"motion_fx_opacity_direction\":\"out-in\",\"motion_fx_opacity_level\":{\"unit\":\"px\",\"size\":10,\"sizes\":[]},\"motion_fx_opacity_range\":{\"unit\":\"%\",\"size\":\"\",\"sizes\":{\"start\":20,\"end\":80}},\"motion_fx_blur_effect\":\"\",\"motion_fx_blur_direction\":\"out-in\",\"motion_fx_blur_level\":{\"unit\":\"px\",\"size\":7,\"sizes\":[]},\"motion_fx_blur_range\":{\"unit\":\"%\",\"size\":\"\",\"sizes\":{\"start\":20,\"end\":80}},\"motion_fx_rotateZ_effect\":\"\",\"motion_fx_rotateZ_direction\":\"\",\"motion_fx_rotateZ_speed\":{\"unit\":\"px\",\"size\":1,\"sizes\":[]},\"motion_fx_rotateZ_affectedRange\":{\"unit\":\"%\",\"size\":\"\",\"sizes\":{\"start\":0,\"end\":100}},\"motion_fx_scale_effect\":\"\",\"motion_fx_scale_direction\":\"out-in\",\"motion_fx_scale_speed\":{\"unit\":\"px\",\"size\":4,\"sizes\":[]},\"motion_fx_scale_range\":{\"unit\":\"%\",\"size\":\"\",\"sizes\":{\"start\":20,\"end\":80}},\"motion_fx_transform_origin_x\":\"center\",\"motion_fx_transform_origin_y\":\"center\",\"motion_fx_devices\":[\"desktop\",\"tablet\",\"mobile\"],\"motion_fx_range\":\"\",\"motion_fx_motion_fx_mouse\":\"\",\"motion_fx_mouseTrack_effect\":\"\",\"motion_fx_mouseTrack_direction\":\"\",\"motion_fx_mouseTrack_speed\":{\"unit\":\"px\",\"size\":1,\"sizes\":[]},\"motion_fx_tilt_effect\":\"\",\"motion_fx_tilt_direction\":\"\",\"motion_fx_tilt_speed\":{\"unit\":\"px\",\"size\":4,\"sizes\":[]},\"handle_motion_fx_asset_loading\":\"\",\"sticky\":\"\",\"sticky_on\":[\"desktop\",\"tablet\",\"mobile\"],\"sticky_offset\":0,\"sticky_offset_tablet\":\"\",\"sticky_offset_mobile\":\"\",\"sticky_effects_offset\":0,\"sticky_effects_offset_tablet\":\"\",\"sticky_effects_offset_mobile\":\"\",\"sticky_anchor_link_offset\":0,\"sticky_anchor_link_offset_tablet\":\"\",\"sticky_anchor_link_offset_mobile\":\"\",\"sticky_parent\":\"\",\"_animation\":\"\",\"_animation_tablet\":\"\",\"_animation_mobile\":\"\",\"animation_duration\":\"\",\"_animation_delay\":\"\",\"_transform_rotate_popover\":\"\",\"_transform_rotateZ_effect\":{\"unit\":\"px\",\"size\":\"\",\"sizes\":[]},\"_transform_rotateZ_effect_tablet\":{\"unit\":\"deg\",\"size\":\"\",\"sizes\":[]},\"_transform_rotateZ_effect_mobile\":{\"unit\":\"deg\",\"size\":\"\",\"sizes\":[]},\"_transform_rotate_3d\":\"\",\"_transform_rotateX_effect\":{\"unit\":\"px\",\"size\":\"\",\"sizes\":[]},\"_transform_rotateX_effect_tablet\":{\"unit\":\"deg\",\"size\":\"\",\"sizes\":[]},\"_transform_rotateX_effect_mobile\":{\"unit\":\"deg\",\"size\":\"\",\"sizes\":[]},\"_transform_rotateY_effect\":{\"unit\":\"px\",\"size\":\"\",\"sizes\":[]},\"_transform_rotateY_effect_tablet\":{\"unit\":\"deg\",\"size\":\"\",\"sizes\":[]},\"_transform_rotateY_effect_mobile\":{\"unit\":\"deg\",\"size\":\"\",\"sizes\":[]},\"_transform_perspective_effect\":{\"unit\":\"px\",\"size\":\"\",\"sizes\":[]},\"_transform_perspective_effect_tablet\":{\"unit\":\"px\",\"size\":\"\",\"sizes\":[]},\"_transform_perspective_effect_mobile\":{\"unit\":\"px\",\"size\":\"\",\"sizes\":[]},\"_transform_translate_popover\":\"\",\"_transform_translateX_effect\":{\"unit\":\"px\",\"size\":\"\",\"sizes\":[]},\"_transform_translateX_effect_tablet\":{\"unit\":\"px\",\"size\":\"\",\"sizes\":[]},\"_transform_translateX_effect_mobile\":{\"unit\":\"px\",\"size\":\"\",\"sizes\":[]},\"_transform_translateY_effect\":{\"unit\":\"px\",\"size\":\"\",\"sizes\":[]},\"_transform_translateY_effect_tablet\":{\"unit\":\"px\",\"size\":\"\",\"sizes\":[]},\"_transform_translateY_effect_mobile\":{\"unit\":\"px\",\"size\":\"\",\"sizes\":[]},\"_transform_scale_popover\":\"\",\"_transform_keep_proportions\":\"yes\",\"_transform_scale_effect\":{\"unit\":\"px\",\"size\":\"\",\"sizes\":[]},\"_transform_scale_effect_tablet\":{\"unit\":\"px\",\"size\":\"\",\"sizes\":[]},\"_transform_scale_effect_mobile\":{\"unit\":\"px\",\"size\":\"\",\"sizes\":[]},\"_transform_scaleX_effect\":{\"unit\":\"px\",\"size\":\"\",\"sizes\":[]},\"_transform_scaleX_effect_tablet\":{\"unit\":\"px\",\"size\":\"\",\"sizes\":[]},\"_transform_scaleX_effect_mobile\":{\"unit\":\"px\",\"size\":\"\",\"sizes\":[]},\"_transform_scaleY_effect\":{\"unit\":\"px\",\"size\":\"\",\"sizes\":[]},\"_transform_scaleY_effect_tablet\":{\"unit\":\"px\",\"size\":\"\",\"sizes\":[]},\"_transform_scaleY_effect_mobile\":{\"unit\":\"px\",\"size\":\"\",\"sizes\":[]},\"_transform_skew_popover\":\"\",\"_transform_skewX_effect\":{\"unit\":\"px\",\"size\":\"\",\"sizes\":[]},\"_transform_skewX_effect_tablet\":{\"unit\":\"deg\",\"size\":\"\",\"sizes\":[]},\"_transform_skewX_effect_mobile\":{\"unit\":\"deg\",\"size\":\"\",\"sizes\":[]},\"_transform_skewY_effect\":{\"unit\":\"px\",\"size\":\"\",\"sizes\":[]},\"_transform_skewY_effect_tablet\":{\"unit\":\"deg\",\"size\":\"\",\"sizes\":[]},\"_transform_skewY_effect_mobile\":{\"unit\":\"deg\",\"size\":\"\",\"sizes\":[]},\"_transform_flipX_effect\":\"\",\"_transform_flipY_effect\":\"\",\"_transform_rotate_popover_hover\":\"\",\"_transform_rotateZ_effect_hover\":{\"unit\":\"px\",\"size\":\"\",\"sizes\":[]},\"_transform_rotateZ_effect_hover_tablet\":{\"unit\":\"deg\",\"size\":\"\",\"sizes\":[]},\"_transform_rotateZ_effect_hover_mobile\":{\"unit\":\"deg\",\"size\":\"\",\"sizes\":[]},\"_transform_rotate_3d_hover\":\"\",\"_transform_rotateX_effect_hover\":{\"unit\":\"px\",\"size\":\"\",\"sizes\":[]},\"_transform_rotateX_effect_hover_tablet\":{\"unit\":\"deg\",\"size\":\"\",\"sizes\":[]},\"_transform_rotateX_effect_hover_mobile\":{\"unit\":\"deg\",\"size\":\"\",\"sizes\":[]},\"_transform_rotateY_effect_hover\":{\"unit\":\"px\",\"size\":\"\",\"sizes\":[]},\"_transform_rotateY_effect_hover_tablet\":{\"unit\":\"deg\",\"size\":\"\",\"sizes\":[]},\"_transform_rotateY_effect_hover_mobile\":{\"unit\":\"deg\",\"size\":\"\",\"sizes\":[]},\"_transform_perspective_effect_hover\":{\"unit\":\"px\",\"size\":\"\",\"sizes\":[]},\"_transform_perspective_effect_hover_tablet\":{\"unit\":\"px\",\"size\":\"\",\"sizes\":[]},\"_transform_perspective_effect_hover_mobile\":{\"unit\":\"px\",\"size\":\"\",\"sizes\":[]},\"_transform_translate_popover_hover\":\"\",\"_transform_translateX_effect_hover\":{\"unit\":\"px\",\"size\":\"\",\"sizes\":[]},\"_transform_translateX_effect_hover_tablet\":{\"unit\":\"px\",\"size\":\"\",\"sizes\":[]},\"_transform_translateX_effect_hover_mobile\":{\"unit\":\"px\",\"size\":\"\",\"sizes\":[]},\"_transform_translateY_effect_hover\":{\"unit\":\"px\",\"size\":\"\",\"sizes\":[]},\"_transform_translateY_effect_hover_tablet\":{\"unit\":\"px\",\"size\":\"\",\"sizes\":[]},\"_transform_translateY_effect_hover_mobile\":{\"unit\":\"px\",\"size\":\"\",\"sizes\":[]},\"_transform_scale_popover_hover\":\"\",\"_transform_keep_proportions_hover\":\"yes\",\"_transform_scale_effect_hover\":{\"unit\":\"px\",\"size\":\"\",\"sizes\":[]},\"_transform_scale_effect_hover_tablet\":{\"unit\":\"px\",\"size\":\"\",\"sizes\":[]},\"_transform_scale_effect_hover_mobile\":{\"unit\":\"px\",\"size\":\"\",\"sizes\":[]},\"_transform_scaleX_effect_hover\":{\"unit\":\"px\",\"size\":\"\",\"sizes\":[]},\"_transform_scaleX_effect_hover_tablet\":{\"unit\":\"px\",\"size\":\"\",\"sizes\":[]},\"_transform_scaleX_effect_hover_mobile\":{\"unit\":\"px\",\"size\":\"\",\"sizes\":[]},\"_transform_scaleY_effect_hover\":{\"unit\":\"px\",\"size\":\"\",\"sizes\":[]},\"_transform_scaleY_effect_hover_tablet\":{\"unit\":\"px\",\"size\":\"\",\"sizes\":[]},\"_transform_scaleY_effect_hover_mobile\":{\"unit\":\"px\",\"size\":\"\",\"sizes\":[]},\"_transform_skew_popover_hover\":\"\",\"_transform_skewX_effect_hover\":{\"unit\":\"px\",\"size\":\"\",\"sizes\":[]},\"_transform_skewX_effect_hover_tablet\":{\"unit\":\"deg\",\"size\":\"\",\"sizes\":[]},\"_transform_skewX_effect_hover_mobile\":{\"unit\":\"deg\",\"size\":\"\",\"sizes\":[]},\"_transform_skewY_effect_hover\":{\"unit\":\"px\",\"size\":\"\",\"sizes\":[]},\"_transform_skewY_effect_hover_tablet\":{\"unit\":\"deg\",\"size\":\"\",\"sizes\":[]},\"_transform_skewY_effect_hover_mobile\":{\"unit\":\"deg\",\"size\":\"\",\"sizes\":[]},\"_transform_flipX_effect_hover\":\"\",\"_transform_flipY_effect_hover\":\"\",\"_transform_transition_hover\":{\"unit\":\"px\",\"size\":\"\",\"sizes\":[]},\"motion_fx_transform_x_anchor_point\":\"\",\"motion_fx_transform_y_anchor_point\":\"\",\"_background_background\":\"\",\"_background_gradient_notice\":\"\",\"_background_color\":\"\",\"_background_color_stop\":{\"unit\":\"%\",\"size\":0,\"sizes\":[]},\"_background_color_b\":\"#f2295b\",\"_background_color_b_stop\":{\"unit\":\"%\",\"size\":100,\"sizes\":[]},\"_background_gradient_type\":\"linear\",\"_background_gradient_angle\":{\"unit\":\"deg\",\"size\":180,\"sizes\":[]},\"_background_gradient_position\":\"center center\",\"_background_image\":{\"url\":\"\",\"id\":\"\",\"size\":\"\"},\"_background_position\":\"\",\"_background_xpos\":{\"unit\":\"px\",\"size\":0,\"sizes\":[]},\"_background_ypos\":{\"unit\":\"px\",\"size\":0,\"sizes\":[]},\"_background_attachment\":\"\",\"_background_repeat\":\"\",\"_background_size\":\"\",\"_background_bg_width\":{\"unit\":\"%\",\"size\":100,\"sizes\":[]},\"_background_video_link\":\"\",\"_background_video_start\":\"\",\"_background_video_end\":\"\",\"_background_play_once\":\"\",\"_background_play_on_mobile\":\"\",\"_background_privacy_mode\":\"\",\"_background_video_fallback\":{\"url\":\"\",\"id\":\"\",\"size\":\"\"},\"_background_slideshow_gallery\":[],\"_background_slideshow_loop\":\"yes\",\"_background_slideshow_slide_duration\":5000,\"_background_slideshow_slide_transition\":\"fade\",\"_background_slideshow_transition_duration\":500,\"_background_slideshow_background_size\":\"\",\"_background_slideshow_background_position\":\"\",\"_background_slideshow_lazyload\":\"\",\"_background_slideshow_ken_burns\":\"\",\"_background_slideshow_ken_burns_zoom_direction\":\"in\",\"_background_hover_background\":\"\",\"_background_hover_gradient_notice\":\"\",\"_background_hover_color\":\"\",\"_background_hover_color_stop\":{\"unit\":\"%\",\"size\":0,\"sizes\":[]},\"_background_hover_color_b\":\"#f2295b\",\"_background_hover_color_b_stop\":{\"unit\":\"%\",\"size\":100,\"sizes\":[]},\"_background_hover_gradient_type\":\"linear\",\"_background_hover_gradient_angle\":{\"unit\":\"deg\",\"size\":180,\"sizes\":[]},\"_background_hover_gradient_position\":\"center center\",\"_background_hover_image\":{\"url\":\"\",\"id\":\"\",\"size\":\"\"},\"_background_hover_position\":\"\",\"_background_hover_xpos\":{\"unit\":\"px\",\"size\":0,\"sizes\":[]},\"_background_hover_ypos\":{\"unit\":\"px\",\"size\":0,\"sizes\":[]},\"_background_hover_attachment\":\"\",\"_background_hover_repeat\":\"\",\"_background_hover_size\":\"\",\"_background_hover_bg_width\":{\"unit\":\"%\",\"size\":100,\"sizes\":[]},\"_background_hover_video_link\":\"\",\"_background_hover_video_start\":\"\",\"_background_hover_video_end\":\"\",\"_background_hover_play_once\":\"\",\"_background_hover_play_on_mobile\":\"\",\"_background_hover_privacy_mode\":\"\",\"_background_hover_video_fallback\":{\"url\":\"\",\"id\":\"\",\"size\":\"\"},\"_background_hover_slideshow_gallery\":[],\"_background_hover_slideshow_loop\":\"yes\",\"_background_hover_slideshow_slide_duration\":5000,\"_background_hover_slideshow_slide_transition\":\"fade\",\"_background_hover_slideshow_transition_duration\":500,\"_background_hover_slideshow_background_size\":\"\",\"_background_hover_slideshow_background_position\":\"\",\"_background_hover_slideshow_lazyload\":\"\",\"_background_hover_slideshow_ken_burns\":\"\",\"_background_hover_slideshow_ken_burns_zoom_direction\":\"in\",\"_background_hover_transition\":{\"unit\":\"px\",\"size\":\"\",\"sizes\":[]},\"_border_border\":\"\",\"_border_width\":{\"unit\":\"px\",\"top\":\"\",\"right\":\"\",\"bottom\":\"\",\"left\":\"\",\"isLinked\":true},\"_border_color\":\"\",\"_border_radius\":{\"unit\":\"px\",\"top\":\"\",\"right\":\"\",\"bottom\":\"\",\"left\":\"\",\"isLinked\":true},\"_box_shadow_box_shadow_type\":\"\",\"_box_shadow_box_shadow\":{\"horizontal\":0,\"vertical\":0,\"blur\":10,\"spread\":0,\"color\":\"rgba(0,0,0,0.5)\"},\"_box_shadow_box_shadow_position\":\" \",\"_border_hover_border\":\"\",\"_border_hover_width\":{\"unit\":\"px\",\"top\":\"\",\"right\":\"\",\"bottom\":\"\",\"left\":\"\",\"isLinked\":true},\"_border_hover_color\":\"\",\"_border_radius_hover\":{\"unit\":\"px\",\"top\":\"\",\"right\":\"\",\"bottom\":\"\",\"left\":\"\",\"isLinked\":true},\"_box_shadow_hover_box_shadow_type\":\"\",\"_box_shadow_hover_box_shadow\":{\"horizontal\":0,\"vertical\":0,\"blur\":10,\"spread\":0,\"color\":\"rgba(0,0,0,0.5)\"},\"_box_shadow_hover_box_shadow_position\":\" \",\"_border_hover_transition\":{\"unit\":\"px\",\"size\":\"\",\"sizes\":[]},\"_mask_switch\":\"\",\"_mask_shape\":\"circle\",\"_mask_image\":{\"url\":\"\",\"id\":\"\",\"size\":\"\"},\"_mask_size\":\"contain\",\"_mask_size_scale\":{\"unit\":\"%\",\"size\":100,\"sizes\":[]},\"_mask_position\":\"center center\",\"_mask_position_x\":{\"unit\":\"%\",\"size\":0,\"sizes\":[]},\"_mask_position_y\":{\"unit\":\"%\",\"size\":0,\"sizes\":[]},\"_mask_repeat\":\"no-repeat\",\"hide_desktop\":\"\",\"hide_tablet\":\"\",\"hide_mobile\":\"\",\"_attributes\":\"\",\"custom_css\":\"\",\"paged\":1,\"column_class\":\"jeg_col_3o3\",\"class\":\"jnews_block_10\"};<\/script>\n\t\t\t\t<\/div>\t\t\t\t<\/div>\n\t\t\t\t<\/div>\n\t\t\t\t<\/div>\n\t\t\t\t\t<\/div>\n\t\t\t\t<\/div>\n\t\t<div class=\"elementor-element elementor-element-315fbb0 e-flex e-con-boxed e-con e-parent\" data-id=\"315fbb0\" data-element_type=\"container\" data-e-type=\"container\">\n\t\t\t\t\t<div class=\"e-con-inner\">\n\t\t\t\t\t<\/div>\n\t\t\t\t<\/div>\n\t\t\t\t<\/div>\n\t\t","protected":false},"excerpt":{"rendered":"<p>Noticias de la Academia expoflamenco crece a comp\u00e1s con la ACADEMIA editar puesto Baile En expoflamenco hemos dise\u00f1ado cursos para ser realizados en linea (online) abiertos a todos los p\u00fablicos. Con el pago de&#8230; Seguir leyendoDetails BLOG ACADEMIA editar puesto Baile Estamos trabajando para que el pr\u00f3ximo mes de enero comience su andadura la Academia [&hellip;]<\/p>\n","protected":false},"author":1,"featured_media":0,"parent":0,"menu_order":0,"comment_status":"closed","ping_status":"closed","template":"elementor_header_footer","meta":{"_acf_changed":false,"pmpro_default_level":"","jnews_page_loop":[],"jnews_single_page":[],"jnews_social_meta":[],"footnotes":""},"class_list":["post-9312","page","type-page","status-publish","hentry","pmpro-has-access"],"acf":[],"aioseo_notices":[],"_links":{"self":[{"href":"https:\/\/expoflamenco.com\/academia\/wp-json\/wp\/v2\/pages\/9312","targetHints":{"allow":["GET"]}}],"collection":[{"href":"https:\/\/expoflamenco.com\/academia\/wp-json\/wp\/v2\/pages"}],"about":[{"href":"https:\/\/expoflamenco.com\/academia\/wp-json\/wp\/v2\/types\/page"}],"author":[{"embeddable":true,"href":"https:\/\/expoflamenco.com\/academia\/wp-json\/wp\/v2\/users\/1"}],"replies":[{"embeddable":true,"href":"https:\/\/expoflamenco.com\/academia\/wp-json\/wp\/v2\/comments?post=9312"}],"version-history":[{"count":0,"href":"https:\/\/expoflamenco.com\/academia\/wp-json\/wp\/v2\/pages\/9312\/revisions"}],"wp:attachment":[{"href":"https:\/\/expoflamenco.com\/academia\/wp-json\/wp\/v2\/media?parent=9312"}],"curies":[{"name":"wp","href":"https:\/\/api.w.org\/{rel}","templated":true}]}}