{"id":10737,"date":"2025-02-18T12:32:02","date_gmt":"2025-02-18T11:32:02","guid":{"rendered":"https:\/\/expoflamenco.com\/academia\/?page_id=10737"},"modified":"2025-11-10T18:13:24","modified_gmt":"2025-11-10T17:13:24","slug":"enlaces-de-interes","status":"publish","type":"page","link":"https:\/\/expoflamenco.com\/academia\/enlaces-de-interes\/","title":{"rendered":"Enlaces de Inter\u00e9s"},"content":{"rendered":"\t\t<div data-elementor-type=\"wp-page\" data-elementor-id=\"10737\" class=\"elementor elementor-10737\" data-elementor-post-type=\"page\">\n\t\t\t\t<div class=\"elementor-element elementor-element-ccd8cc6 e-con-full e-flex e-con e-parent\" data-id=\"ccd8cc6\" data-element_type=\"container\" data-e-type=\"container\">\n\t\t\t\t<div class=\"elementor-element elementor-element-fd9bb10 elementor-widget elementor-widget-heading\" data-id=\"fd9bb10\" data-element_type=\"widget\" data-e-type=\"widget\" data-widget_type=\"heading.default\">\n\t\t\t\t<div class=\"elementor-widget-container\">\n\t\t\t\t\t<h2 class=\"elementor-heading-title elementor-size-default\">Enlaces de inter\u00e9s<\/h2>\t\t\t\t<\/div>\n\t\t\t\t<\/div>\n\t\t\t\t<\/div>\n\t\t<div class=\"elementor-element elementor-element-0ebc145 e-con-full e-flex e-con e-parent\" data-id=\"0ebc145\" data-element_type=\"container\" data-e-type=\"container\">\n\t\t\t\t<div class=\"elementor-element elementor-element-2af0caa elementor-widget-divider--view-line elementor-widget elementor-widget-divider\" data-id=\"2af0caa\" data-element_type=\"widget\" data-e-type=\"widget\" data-widget_type=\"divider.default\">\n\t\t\t\t<div class=\"elementor-widget-container\">\n\t\t\t\t\t\t\t<div class=\"elementor-divider\">\n\t\t\t<span class=\"elementor-divider-separator\">\n\t\t\t\t\t\t<\/span>\n\t\t<\/div>\n\t\t\t\t\t\t<\/div>\n\t\t\t\t<\/div>\n\t\t\t\t<\/div>\n\t\t<div class=\"elementor-element elementor-element-794e346 e-con-full e-flex e-con e-parent\" data-id=\"794e346\" data-element_type=\"container\" data-e-type=\"container\">\n\t\t\t\t<div class=\"elementor-element elementor-element-984497b elementor-widget elementor-widget-text-editor\" data-id=\"984497b\" data-element_type=\"widget\" data-e-type=\"widget\" data-widget_type=\"text-editor.default\">\n\t\t\t\t<div class=\"elementor-widget-container\">\n\t\t\t\t\t\t\t\t\t<h2><b>Publicaciones digitales<\/b><\/h2><h2 style=\"text-align: left\">En este apartado comentamos, por una parte los Blogs de Flamencolog\u00eda, lo que se ha dado en llamar a\u00a0<i>flamencoblog\u00eda.\u00a0<\/i>En los \u00faltimos a\u00f1os, con la revoluci\u00f3n digital y el acceso a un ancho de banda que permite el tr\u00e1fico de grandes cantidades de informaci\u00f3n en un breve espacio de tiempo, han florecido los blogs dei nvestigadores del flamenco que han visto en las red de redes una herramienta id\u00f3nea para dar a conocer sus trabajos. Si antes el libro o el art\u00edculo en revista especializada era el medio principal para publicar los trabajos de investigaci\u00f3n, hoy los blocs de internet (blogs) permiten escribir art\u00edculos sin una extensi\u00f3n definida sobre cualquier tema. El flamenco, un arte de por s\u00ed muy dado a la investigaci\u00f3n, y en concreto los investigadores de\u00a0<i>lo jondo<\/i>\u00a0han visto en las redes un lugar ideal para que se conozca su trabajo y exponerlo al juicio de los aficionados.\u00a0<\/h2><h2 style=\"text-align: left\">Los comentarios de los lectores, algo que antes con el libro solo era posible en directo, tambi\u00e9n es una \u00a0erramienta, y en ocasiones un acicate, para mejorar en la investigaci\u00f3n, observar perspectivas que no se hab\u00edan atendido antes, aclarar cuestiones, etc.<\/h2><h2>Entre los muchos que hay destacamos los siguientes:<\/h2><h2><a href=\"http:\/\/www.elarqueologomusical.es\" target=\"_blank\" rel=\"noopener\">El arque\u00f3logo musical<\/a>\u00a0es el blog de Carlos Mart\u00edn Ballester, el m\u00e1s importante coleccionista de grabaciones antiguas en Espa\u00f1a y de los m\u00e1s destacados del mundo que en su blog nos tiene al d\u00eda de sus investigaciones en torno a los registros sonoros del flamenco desde los cilindros de cera hasta hoy.<\/h2><h2>El blog de Manuel Boh\u00f3rquez <a href=\"https:\/\/manuelbohorquez.com\">La Gazapera<\/a>, es sino el m\u00e1s antiguo, uno de los primeros en aparecer. El conocido investigador sevillano lleva m\u00e1s de una d\u00e9cada volcando sus art\u00edculos en su blog con resultados de un enorme inter\u00e9s para la investigaci\u00f3n del flamenco.<\/h2><h2>El blog del investigador gaditano Antonio Barber\u00e1n<a href=\"https:\/\/cdizflamencoflamencosdecdiz.blogspot.com\"> El callej\u00f3n del duende<\/a>\u00a0es otro de los blogs de referencia en cuanto a la investigaci\u00f3n en el flamenco. Sus indagaciones se centran en el flamenco de C\u00e1diz con numerosos datos que ha revelado y que suponen un gran avance para la historia del flamenco.<\/h2><h2>La investigador \u00c1ngeles Cruzado y su blog <a href=\"https:\/\/www.flamencasporderecho.com\">Flamencas por derecho<\/a>\u00a0est\u00e1 centrado en las mujeres del flamenco y tiene una informaci\u00f3n precisa sobre las artistas de mayor relevancia en la historia del flamenco, sacando a la luz a numerosas personalidades que hasta sus trabajos hab\u00edan, en muchos casos, permanecido ocultas.<\/h2><h2>Los investigadores Jos\u00e9 Luis Navarro, Eulalia Pablo Lozano y Jos\u00e9 Luis Ortiz Nuevo tienen tambi\u00e9n su blog\u00a0<a href=\"http:\/\/elecodelamemoria.blogspot.com\">El eco de la memoria\u00a0<\/a>una referencia imprescindible para el estudio del flamenco.<\/h2><h2>El blog de Faustino N\u00fa\u00f1ez<a href=\"https:\/\/elafinadordenoticias.blogspot.com\">\u00a0El Afinador de noticias<\/a>, que ha tomado tambi\u00e9n forma de libro, indaga en la prensa y los libros preferentemente del siglo XIX, rescatando noticias que ayudan a comprender mejor c\u00f3mo evolucion\u00f3 el g\u00e9nero hasta cristalizar en los estilos que hoy reconocemos como flamencos.<\/h2><h2>Otro blog de enorme inter\u00e9s es el del investigador gaditano Javier Osuna <a href=\"http:\/\/losfardos.blogspot.com.es\">Los fardos de Peric\u00f3n<\/a>, una referencia en todo lo que tiene que vez con el flamenco de C\u00e1diz.<\/h2><h2>Otro de los blog de referencia, y seguramente uno de los m\u00e1s antiguos de la\u00a0<i>blogosfera<\/i>\u00a0es el de David P\u00e9rez Merinero\u00a0<a href=\"http:\/\/www.papelesflamencos.com\">Papeles flamencos<\/a>, donde recoge infinidad de recortes de prensa hist\u00f3rica en referencia al flamenco.<\/h2><h2>Tambi\u00e9n tiene mucho inter\u00e9s el blog del estudioso de Fern\u00e1n N\u00fa\u00f1ez Andr\u00e9s Raya <a href=\"http:\/\/memoriaflamenca.blogspot.com.es\">Memoria flamenca<\/a>. Un blog muy activo y que contienen mucha informaci\u00f3n de gran inter\u00e9s para la investigaci\u00f3n del flamenco.<\/h2><h2>Seguramente el blog de flamenco m\u00e1s activo de internet es el de de Alberto Rodr\u00edguez Pe\u00f1afuerte\u00a0<a href=\"https:\/\/flamencodepapel.blogspot.com.es\">Flamenco de papel<\/a>. Desde hace a\u00f1os el investigador residente en Bruselas aporta una valios\u00edsima informaci\u00f3n para esclarecer los puntos menos conocidos de la historia del flamenco, recuperando datos y noticias de los lugares m\u00e1s rec\u00f3nditos en insospechados. El blog de Alberto Rodr\u00edguez es, sin duda alguna, sin o el m\u00e1s valioso, uno de los m\u00e1s valiosos de los que actualmente est\u00e1n activos en internet.<\/h2><h2><b>Portales de internet para el estudio del flamenco<\/b><\/h2><h2><span style=\"font-family: Poppins, Helvetica, Arial, sans-serif;font-size: 24px\">La Biblioteca Nacional de Espa\u00f1a hace varios a\u00f1os que est\u00e1 digitalizando sus fondos y\u00a0<\/span><span style=\"font-family: Poppins, Helvetica, Arial, sans-serif;font-size: 24px\">publicando en internet documentos de un enorme valor tanto para investigadores como\u00a0<\/span><span style=\"font-family: Poppins, Helvetica, Arial, sans-serif;font-size: 24px\">para curiosos. El acceso sencillo y universal a estos fondos tan valiosos hacen de la\u00a0<\/span><span style=\"font-family: Poppins, Helvetica, Arial, sans-serif;font-size: 24px\"><a href=\"http:\/\/bdh.bne.es\">Biblioteca Digital Hisp\u00e1nica<\/a><\/span><span style=\"font-family: Poppins, Helvetica, Arial, sans-serif;font-size: 24px\">\u00a0una de las herramientas m\u00e1s preciadas\u00a0<\/span><span style=\"font-family: Poppins, Helvetica, Arial, sans-serif;font-size: 24px\">por los investigadores que nos dedicamos a la historia del flamenco. La enorme cantidad\u00a0<\/span><span style=\"font-family: Poppins, Helvetica, Arial, sans-serif;font-size: 24px\">de documentos digitalizados, partituras impresas y manuscritas, grabaciones musicales,\u00a0<\/span><span style=\"font-family: Poppins, Helvetica, Arial, sans-serif;font-size: 24px\">estampas, etc. la convierten en la plataforma de referencia para el estudio.<\/span><\/h2><h2><span style=\"font-family: Poppins, Helvetica, Arial, sans-serif;font-size: 24px\">Sin ninguna duda una de las plataformas que m\u00e1s vienen utilizando los estudiosos del\u00a0<\/span><span style=\"font-family: Poppins, Helvetica, Arial, sans-serif;font-size: 24px\">flamenco es la <a href=\"http:\/\/hemerotecadigital.bne.es\/index.vm\">Hemeroteca Digital de la BNE<\/a><\/span><span style=\"font-family: Poppins, Helvetica, Arial, sans-serif;font-size: 24px\">, y que ya hemos visto anteriormente.<\/span><\/h2><h2><span style=\"font-family: Poppins, Helvetica, Arial, sans-serif;font-size: 24px\">Tambi\u00e9n muy \u00fatil y de gran inter\u00e9s para la investigaci\u00f3n es la <a href=\"http:\/\/bibliotecadigital.rah.es\">Biblioteca Digital Real\u00a0<\/a><\/span><span style=\"font-family: Poppins, Helvetica, Arial, sans-serif;font-size: 24px\"><a href=\"http:\/\/bibliotecadigital.rah.es\">Academia de la Historia<\/a><\/span><span style=\"font-family: Poppins, Helvetica, Arial, sans-serif;font-size: 24px\">, con un potente buscador que\u00a0<\/span><span style=\"font-family: Poppins, Helvetica, Arial, sans-serif;font-size: 24px\">devuelve mucha informaci\u00f3n sobre la historia de Espa\u00f1a y la hispanidad.<\/span><\/h2><h2><span style=\"font-family: Poppins, Helvetica, Arial, sans-serif;font-size: 24px\">Plataforma\u00a0<\/span><span style=\"font-family: Poppins, Helvetica, Arial, sans-serif;font-size: 24px\">tambi\u00e9n de enorme inter\u00e9s para la investigaci\u00f3n en el flamenco\u00a0<\/span><span style=\"font-family: Poppins, Helvetica, Arial, sans-serif;font-size: 24px\">Otra hemeroteca de inter\u00e9s es la <a href=\"http:\/\/prensahistorica.mcu.es\">Biblioteca Virtual de Prensa Hist\u00f3rica<\/a> del ministerio de\u00a0<\/span><span style=\"font-family: Poppins, Helvetica, Arial, sans-serif;font-size: 24px\">cultura:<\/span><\/h2><h2><span style=\"font-family: Poppins, Helvetica, Arial, sans-serif;font-size: 24px\">Otras hemerotecas digitales <a href=\"http:\/\/www.boe.es\/buscar\/gazeta.php\">La Gazeta<\/a>, la\u00a0<\/span><span style=\"font-family: Poppins, Helvetica, Arial, sans-serif;font-size: 24px\"><a href=\"http:\/\/hemeroteca.abc.es\">Hemeroteca de ABC<\/a>, la h<\/span><span style=\"font-family: Poppins, Helvetica, Arial, sans-serif;font-size: 24px\">emeroteca de <a href=\"http:\/\/www.lavanguardia.com\/hemeroteca\">La Vanguardia<\/a>, l<\/span><span style=\"font-family: Poppins, Helvetica, Arial, sans-serif;font-size: 24px\">a hemeroteca de la <a href=\"https:\/\/www.loc.gov - https:\/\/chroniclingamerica.loc.gov\">Biblioteca del Congreso de EEUU<\/a>.\u00a0<\/span><span style=\"font-family: Poppins, Helvetica, Arial, sans-serif;font-size: 24px\">Para la genealog\u00eda de los artistas flamenco est\u00e1 siendo muy \u00fatil la plataforma <a href=\"http:\/\/www.familysearch.org\">Family\u00a0<\/a><\/span><span style=\"font-family: Poppins, Helvetica, Arial, sans-serif;font-size: 24px\"><a href=\"http:\/\/www.familysearch.org\">Search<\/a>,<\/span><span style=\"font-family: Poppins, Helvetica, Arial, sans-serif;font-size: 24px\">\u00a0que ayuda a reconstruir los \u00e1rboles geneal\u00f3gicos\u00a0<\/span><span style=\"font-family: Poppins, Helvetica, Arial, sans-serif;font-size: 24px\">en todo mundo digitalizando libros de nacimientos de todos los archivos del mundo y que\u00a0<\/span><span style=\"font-family: Poppins, Helvetica, Arial, sans-serif;font-size: 24px\">en un futuro (ya lo esta siendo a pesar de la ingente labor que ello supone) ayudar\u00e1 a\u00a0<\/span><span style=\"font-family: Poppins, Helvetica, Arial, sans-serif;font-size: 24px\">aclarar muchas familias de artistas flamencos que al d\u00eda de hoy aun permanecen ocultas.\u00a0<\/span><span style=\"font-family: Poppins, Helvetica, Arial, sans-serif;font-size: 24px\">Tambi\u00e9n tiene inter\u00e9s para la investigaci\u00f3n del flamenco el <a href=\"http:\/\/www.a45rpm.com\">Cat\u00e1logo de discos a 45rpm<\/a>,<\/span><span style=\"font-family: Poppins, Helvetica, Arial, sans-serif;font-size: 24px\">\u00a0donde se pueden encontrar los datos y portadas de miles de\u00a0<\/span><span style=\"font-family: Poppins, Helvetica, Arial, sans-serif;font-size: 24px\">discos peque\u00f1os, formato en el que los flamencos vieron muchas veces publicada su\u00a0<\/span><span style=\"font-family: Poppins, Helvetica, Arial, sans-serif;font-size: 24px\">obra.\u00a0<\/span><span style=\"font-family: Poppins, Helvetica, Arial, sans-serif;font-size: 24px\">La p\u00e1gina de Norman Kliman <a href=\"http:\/\/canteytoque.es\">canteytoque.es<\/a><\/span><span style=\"font-family: Poppins, Helvetica, Arial, sans-serif;font-size: 24px\">\u00a0es una de las mejores para el\u00a0<\/span><span style=\"font-family: Poppins, Helvetica, Arial, sans-serif;font-size: 24px\">estudio de la sole\u00e1 y la seguiriya, con numerosos recursos de partituras de guitarra y una\u00a0<\/span><span style=\"font-family: Poppins, Helvetica, Arial, sans-serif;font-size: 24px\">enorme cantidad de letras de flamenco. Un portal muy recomendable para los estudiosos\u00a0<\/span><span style=\"font-family: Poppins, Helvetica, Arial, sans-serif;font-size: 24px\">del flamenco.\u00a0<\/span><span style=\"font-family: Poppins, Helvetica, Arial, sans-serif;font-size: 24px\">Y para cerrar este repaso por las publicaciones digitales de inter\u00e9s para la investigaci\u00f3n\u00a0<\/span><span style=\"font-family: Poppins, Helvetica, Arial, sans-serif;font-size: 24px\">en el flamenco la plataforma del <a href=\"http:\/\/www.centroandaluzdeflamenco.es\">Centro Andaluz de Documentaci\u00f3n del Flamenco<\/a><\/span><span style=\"font-family: Poppins, Helvetica, Arial, sans-serif;font-size: 24px\">, con una de las mejores bases de datos para\u00a0<\/span><span style=\"font-family: Poppins, Helvetica, Arial, sans-serif;font-size: 24px\">encontrar recursos de inter\u00e9s para la investigaci\u00f3n.<\/span><\/h2>\t\t\t\t\t\t\t\t<\/div>\n\t\t\t\t<\/div>\n\t\t\t\t<\/div>\n\t\t\t\t<\/div>\n\t\t","protected":false},"excerpt":{"rendered":"<p>Enlaces de inter\u00e9s Publicaciones digitales En este apartado comentamos, por una parte los Blogs de Flamencolog\u00eda, lo que se ha dado en llamar a\u00a0flamencoblog\u00eda.\u00a0En los \u00faltimos a\u00f1os, con la revoluci\u00f3n digital y el acceso a un ancho de banda que permite el tr\u00e1fico de grandes cantidades de informaci\u00f3n en un breve espacio de tiempo, han [&hellip;]<\/p>\n","protected":false},"author":154,"featured_media":0,"parent":0,"menu_order":0,"comment_status":"closed","ping_status":"closed","template":"","meta":{"_acf_changed":false,"pmpro_default_level":"","jnews_page_loop":[],"jnews_single_page":[],"jnews_social_meta":[],"footnotes":""},"class_list":["post-10737","page","type-page","status-publish","hentry","pmpro-has-access"],"acf":[],"aioseo_notices":[],"_links":{"self":[{"href":"https:\/\/expoflamenco.com\/academia\/wp-json\/wp\/v2\/pages\/10737","targetHints":{"allow":["GET"]}}],"collection":[{"href":"https:\/\/expoflamenco.com\/academia\/wp-json\/wp\/v2\/pages"}],"about":[{"href":"https:\/\/expoflamenco.com\/academia\/wp-json\/wp\/v2\/types\/page"}],"author":[{"embeddable":true,"href":"https:\/\/expoflamenco.com\/academia\/wp-json\/wp\/v2\/users\/154"}],"replies":[{"embeddable":true,"href":"https:\/\/expoflamenco.com\/academia\/wp-json\/wp\/v2\/comments?post=10737"}],"version-history":[{"count":1,"href":"https:\/\/expoflamenco.com\/academia\/wp-json\/wp\/v2\/pages\/10737\/revisions"}],"predecessor-version":[{"id":11294,"href":"https:\/\/expoflamenco.com\/academia\/wp-json\/wp\/v2\/pages\/10737\/revisions\/11294"}],"wp:attachment":[{"href":"https:\/\/expoflamenco.com\/academia\/wp-json\/wp\/v2\/media?parent=10737"}],"curies":[{"name":"wp","href":"https:\/\/api.w.org\/{rel}","templated":true}]}}